{"id":45039,"date":"2021-02-21T17:05:59","date_gmt":"2021-02-21T17:05:59","guid":{"rendered":"https:\/\/www.autonvaraosahaku.fi\/?product=pierburg-7-24809-16-0-egr-venttiili"},"modified":"2021-02-21T17:05:59","modified_gmt":"2021-02-21T17:05:59","slug":"pierburg-7-24809-16-0-egr-venttiili","status":"publish","type":"product","link":"https:\/\/www.autonvaraosahaku.fi\/?product=pierburg-7-24809-16-0-egr-venttiili","title":{"rendered":"PIERBURG 7.24809.16.0 Egr venttiili"},"content":{"rendered":"<p>Venttiilimalli: Kalvonventtiili; K\u00e4ytt\u00f6: Pneumaattinen; Lis\u00e4tarvike\/lis\u00e4tieto: Tiivisteill\u00e4; Teknisten tietojen numero: SI 0100; TECDOC-moottorinumero: 20498; VW: GOLF IV 1J1,GOLF V 1K1,POLO 9N_,TOURAN 1T1, 1T2,PASSAT Variant 3C5,GOLF PLUS 5M1, 521,LUPO 6X1, 6E1,PASSAT 3C2,GOLF IV Variant 1J5,GOLF V Variant 1K5,BORA 1J2,NEW BEETLE 9C1, 1C1,BORA Kombi 1J6,NEW BEETLE Cabriolet 1Y7,JETTA III 1K2; AUDI: A3 8P1,A3 8L1,A3 Sportback 8PA; JEEP: COMPASS MK49,PATRIOT MK74; SKODA: OCTAVIA Combi 1Z5,FABIA Combi 6Y5,FABIA,FABIA 6Y2,OCTAVIA Combi 1U5,FABIA Combi,ROOMSTER 5J,SUPERB Kombi 3T5,OCTAVIA 1Z3,OCTAVIA 1U2,SUPERB 3T4,FABIA Stufenheck 6Y3,FABIA Praktik; SEAT: IBIZA IV 6L1,LEON 1P1,LEON 1M1,ALTEA 5P1,ALTEA XL 5P5, 5P8,TOLEDO II 1M2,CORDOBA 6L2,TOLEDO III 5P2; CHRYSLER: SEBRING JS,SEBRING Cabriolet JS; MITSUBISHI: OUTLANDER XL II CW_W,GRANDIS NA_W,LANCER SPORTBACK CX_A,LANCER Stufenheck CY\/Z_A; DODGE: CALIBER,AVENGER; 038131501AF, 038131501AN, 038131501S, 68001558AA, 68001558AB, MN980163, MN980265, MN980325, 038131501AN, 038131501AN, 038129637D, 038131501AF, 038131501AN, 038131501S; Venttiili, Pakokaasun Kierr\u00e4tys<\/p>\n","protected":false},"excerpt":{"rendered":"<p>PIERBURG EGR Venttiili 7.24809.16.0 Venttiili, Pakokaasun Kierr\u00e4tys VW,AUDI,JEEP,GOLF IV 1J1,GOLF V 1K1,POLO 9N_,TOURAN 1T1, 1T2,PASSAT Variant 3C5<\/p>\n","protected":false},"featured_media":0,"template":"","meta":{"site-sidebar-layout":"default","site-content-layout":"default","ast-global-header-display":"","ast-main-header-display":"","ast-hfb-above-header-display":"","ast-hfb-below-header-display":"","ast-hfb-mobile-header-display":"","site-post-title":"","ast-breadcrumbs-content":"","ast-featured-img":"","footer-sml-layout":"","theme-transparent-header-meta":"","adv-header-id-meta":"","stick-header-meta":"","header-above-stick-meta":"","header-main-stick-meta":"","header-below-stick-meta":""},"pwb-brand":[380],"product_cat":[35],"product_tag":[],"class_list":{"0":"post-45039","1":"product","2":"type-product","3":"status-publish","5":"pwb-brand-pierburg","6":"product_cat-egr-venttiili","7":"desktop-align-left","8":"tablet-align-left","9":"mobile-align-left","11":"first","12":"instock","13":"product-type-external"},"brands":[{"id":380,"name":"PIERBURG","slug":"pierburg"}],"_links":{"self":[{"href":"https:\/\/www.autonvaraosahaku.fi\/index.php?rest_route=\/wp\/v2\/product\/45039","targetHints":{"allow":["GET"]}}],"collection":[{"href":"https:\/\/www.autonvaraosahaku.fi\/index.php?rest_route=\/wp\/v2\/product"}],"about":[{"href":"https:\/\/www.autonvaraosahaku.fi\/index.php?rest_route=\/wp\/v2\/types\/product"}],"wp:attachment":[{"href":"https:\/\/www.autonvaraosahaku.fi\/index.php?rest_route=%2Fwp%2Fv2%2Fmedia&parent=45039"}],"wp:term":[{"taxonomy":"pwb-brand","embeddable":true,"href":"https:\/\/www.autonvaraosahaku.fi\/index.php?rest_route=%2Fwp%2Fv2%2Fpwb-brand&post=45039"},{"taxonomy":"product_cat","embeddable":true,"href":"https:\/\/www.autonvaraosahaku.fi\/index.php?rest_route=%2Fwp%2Fv2%2Fproduct_cat&post=45039"},{"taxonomy":"product_tag","embeddable":true,"href":"https:\/\/www.autonvaraosahaku.fi\/index.php?rest_route=%2Fwp%2Fv2%2Fproduct_tag&post=45039"}],"curies":[{"name":"wp","href":"https:\/\/api.w.org\/{rel}","templated":true}]}}