{"id":45044,"date":"2021-02-21T17:05:59","date_gmt":"2021-02-21T17:05:59","guid":{"rendered":"https:\/\/www.autonvaraosahaku.fi\/?product=japanparts-fa-292s-ilmansuodatin"},"modified":"2021-02-21T17:06:00","modified_gmt":"2021-02-21T17:06:00","slug":"japanparts-fa-292s-ilmansuodatin","status":"publish","type":"product","link":"https:\/\/www.autonvaraosahaku.fi\/?product=japanparts-fa-292s-ilmansuodatin","title":{"rendered":"JAPANPARTS FA-292S Ilmansuodatin"},"content":{"rendered":"<p>Korkeus (mm): 145; Ulkol\u00e4pimitta [mm]: 219,5; Sis\u00e4l\u00e4pimitta [mm]: 109; TOYOTA: LAND CRUISER 90 _J9_,LAND CRUISER PZJ7_, KZJ7_, HZJ7_, BJ7_, LJ7_, RJ7_,LAND CRUISER Hardtop _J7_,COASTER Bus TRB5_, XZB5_, RZB4_, HZB5_, BZB5_, BB4_; 1780130030, 1780167030, 17801670308T, 1780167060<\/p>\n","protected":false},"excerpt":{"rendered":"<p>JAPANPARTS Ilmansuodatin FA-292S  TOYOTA,LAND CRUISER 90 _J9_,LAND CRUISER PZJ7_, KZJ7_, HZJ7_, BJ7_, LJ7_, RJ7_,LAND CRUISER Hardtop _J7_<\/p>\n","protected":false},"featured_media":0,"template":"","meta":{"site-sidebar-layout":"default","site-content-layout":"default","ast-global-header-display":"","ast-main-header-display":"","ast-hfb-above-header-display":"","ast-hfb-below-header-display":"","ast-hfb-mobile-header-display":"","site-post-title":"","ast-breadcrumbs-content":"","ast-featured-img":"","footer-sml-layout":"","theme-transparent-header-meta":"","adv-header-id-meta":"","stick-header-meta":"","header-above-stick-meta":"","header-main-stick-meta":"","header-below-stick-meta":""},"pwb-brand":[334],"product_cat":[31],"product_tag":[],"class_list":{"0":"post-45044","1":"product","2":"type-product","3":"status-publish","5":"pwb-brand-japanparts","6":"product_cat-ilmansuodatin","7":"desktop-align-left","8":"tablet-align-left","9":"mobile-align-left","11":"first","12":"instock","13":"product-type-external"},"brands":[{"id":334,"name":"JAPANPARTS","slug":"japanparts"}],"_links":{"self":[{"href":"https:\/\/www.autonvaraosahaku.fi\/index.php?rest_route=\/wp\/v2\/product\/45044","targetHints":{"allow":["GET"]}}],"collection":[{"href":"https:\/\/www.autonvaraosahaku.fi\/index.php?rest_route=\/wp\/v2\/product"}],"about":[{"href":"https:\/\/www.autonvaraosahaku.fi\/index.php?rest_route=\/wp\/v2\/types\/product"}],"wp:attachment":[{"href":"https:\/\/www.autonvaraosahaku.fi\/index.php?rest_route=%2Fwp%2Fv2%2Fmedia&parent=45044"}],"wp:term":[{"taxonomy":"pwb-brand","embeddable":true,"href":"https:\/\/www.autonvaraosahaku.fi\/index.php?rest_route=%2Fwp%2Fv2%2Fpwb-brand&post=45044"},{"taxonomy":"product_cat","embeddable":true,"href":"https:\/\/www.autonvaraosahaku.fi\/index.php?rest_route=%2Fwp%2Fv2%2Fproduct_cat&post=45044"},{"taxonomy":"product_tag","embeddable":true,"href":"https:\/\/www.autonvaraosahaku.fi\/index.php?rest_route=%2Fwp%2Fv2%2Fproduct_tag&post=45044"}],"curies":[{"name":"wp","href":"https:\/\/api.w.org\/{rel}","templated":true}]}}