{"id":45046,"date":"2021-02-21T17:05:59","date_gmt":"2021-02-21T17:05:59","guid":{"rendered":"https:\/\/www.autonvaraosahaku.fi\/?product=brembo-s-41-501-jarrukengat"},"modified":"2021-02-21T17:06:00","modified_gmt":"2021-02-21T17:06:00","slug":"brembo-s-41-501-jarrukengat","status":"publish","type":"product","link":"https:\/\/www.autonvaraosahaku.fi\/?product=brembo-s-41-501-jarrukengat","title":{"rendered":"BREMBO S 41 501 Jarrukeng\u00e4t"},"content":{"rendered":"<p>L\u00e4pimitta [mm]: 250; Leveys (mm): 51; Jarruj\u00e4rjestelm\u00e4: Fiat; Asennuspuoli: Hinterachse; LADA: NIVA 2121,NIVA II 2123,1200-1600,1200-1500 Kombi,NOVA 2105,NOVA Kombi 2104; 21010350209002, 210103502090020, 21012502090, 21013502090, 2101350209001, 2101350209002, 2101350209050, 2101350209080, 2101350210501, 210135E12; Jarrukenk\u00e4sarja<\/p>\n","protected":false},"excerpt":{"rendered":"<p>BREMBO Jarrukeng\u00e4t S 41 501 Jarrukenk\u00e4sarja LADA,NIVA 2121,NIVA II 2123,1200-1600,1200-1500 Kombi,NOVA 2105,NOVA Kombi 2104<\/p>\n","protected":false},"featured_media":0,"template":"","meta":{"site-sidebar-layout":"default","site-content-layout":"default","ast-global-header-display":"","ast-main-header-display":"","ast-hfb-above-header-display":"","ast-hfb-below-header-display":"","ast-hfb-mobile-header-display":"","site-post-title":"","ast-breadcrumbs-content":"","ast-featured-img":"","footer-sml-layout":"","theme-transparent-header-meta":"","adv-header-id-meta":"","stick-header-meta":"","header-above-stick-meta":"","header-main-stick-meta":"","header-below-stick-meta":""},"pwb-brand":[146],"product_cat":[176],"product_tag":[],"class_list":{"0":"post-45046","1":"product","2":"type-product","3":"status-publish","5":"pwb-brand-brembo","6":"product_cat-jarrukengat","7":"desktop-align-left","8":"tablet-align-left","9":"mobile-align-left","11":"first","12":"instock","13":"product-type-external"},"brands":[{"id":146,"name":"BREMBO","slug":"brembo"}],"_links":{"self":[{"href":"https:\/\/www.autonvaraosahaku.fi\/index.php?rest_route=\/wp\/v2\/product\/45046","targetHints":{"allow":["GET"]}}],"collection":[{"href":"https:\/\/www.autonvaraosahaku.fi\/index.php?rest_route=\/wp\/v2\/product"}],"about":[{"href":"https:\/\/www.autonvaraosahaku.fi\/index.php?rest_route=\/wp\/v2\/types\/product"}],"wp:attachment":[{"href":"https:\/\/www.autonvaraosahaku.fi\/index.php?rest_route=%2Fwp%2Fv2%2Fmedia&parent=45046"}],"wp:term":[{"taxonomy":"pwb-brand","embeddable":true,"href":"https:\/\/www.autonvaraosahaku.fi\/index.php?rest_route=%2Fwp%2Fv2%2Fpwb-brand&post=45046"},{"taxonomy":"product_cat","embeddable":true,"href":"https:\/\/www.autonvaraosahaku.fi\/index.php?rest_route=%2Fwp%2Fv2%2Fproduct_cat&post=45046"},{"taxonomy":"product_tag","embeddable":true,"href":"https:\/\/www.autonvaraosahaku.fi\/index.php?rest_route=%2Fwp%2Fv2%2Fproduct_tag&post=45046"}],"curies":[{"name":"wp","href":"https:\/\/api.w.org\/{rel}","templated":true}]}}