{"id":45062,"date":"2021-02-21T17:06:04","date_gmt":"2021-02-21T17:06:04","guid":{"rendered":"https:\/\/www.autonvaraosahaku.fi\/?product=trw-gdb1305-jarrupalat"},"modified":"2021-02-21T17:06:05","modified_gmt":"2021-02-21T17:06:05","slug":"trw-gdb1305-jarrupalat","status":"publish","type":"product","link":"https:\/\/www.autonvaraosahaku.fi\/?product=trw-gdb1305-jarrupalat","title":{"rendered":"TRW GDB1305 Jarrupalat"},"content":{"rendered":"<p>Valmistaja rajaus: BENDIX; Kulumisenilmaisimen liitos: Kulumisenilmaisemelle; Tarkistuskilpi: E2 90R 01125\/001; Korkeus (mm): 54,7; Pituus (mm): 105; Paksuus [mm]: 11; M\u00e4\u00e4r\u00e4yksikk\u00f6: Akselisarja; Tuotelinja: COTEC; Asennuspuoli: Hinterachse; CITRO\u00cbN: SAXO S0, S1,XSARA N1,XSARA Break N2,XSARA Coupe N0,ZX N2,ZX Break N2,XSARA Kasten,XSARA Kasten\/Schr\u00e4gheck; PEUGEOT: 206 Schr\u00e4gheck 2A\/C,206 CC 2D,206 SW 2E\/K,106 II 1,306 Schr\u00e4gheck 7A, 7C, N3, N5,306 Cabriolet 7D, N3, N5,205 II 20A\/C,306 Break 7E, N3, N5,306 7B, N3, N5,205 I Cabriolet 741B, 20D,206 Stufenheck,309 II 3C, 3A,205 I 741A\/C,106 Van 1_,309 I 10C, 10A,306 Van N_, 7_,205 Kasten; RENAULT: CLIO II BB0\/1\/2_, CB0\/1\/2_,MEGANE I BA0\/1_,MEGANE I Grandtour KA0\/1_,MEGANE I Cabriolet EA0\/1_,CLIO I B\/C57_, 5\/357_,MEGANE I Classic LA0\/1_,MEGANE I Coach DA0\/1_,19 II B\/C53_,19 II Cabriolet D53_, 853_,SUPER 5 B\/C40_,19 I B\/C53_,9 L42_,19 II Chamade L53_,11 B\/C37_,19 I Chamade L53_,THALIA I LB0\/1\/2_,CLIO I Kasten S57_,19 I Kasten S53_,SUPER 5 Kasten S40_; 172201, 425146, 425197, 425257, 425271, 425274, 425442, 425490, 95659341, 95666971, E172201, 425042, 425071, 425104, 425146, 425148, 425196, 425256, 425257, 425271, 425274, 425311, 425442, 425490, 95659341, E171587, E172201, E172219, 7701202210, 7701202308, 7701202662, 7701204626, 7701204664, 7701204845, 7701207034, 8671000303, 8671016190; Jarrupalasarja,Jarrupala, Levyjarru<\/p>\n","protected":false},"excerpt":{"rendered":"<p>TRW Jarrupalat GDB1305 Jarrupalasarja,Jarrupala, Levyjarru CITRO\u00cbN,PEUGEOT,RENAULT,SAXO S0, S1,XSARA N1,XSARA Break N2,XSARA Coupe N0,ZX N2<\/p>\n","protected":false},"featured_media":0,"template":"","meta":{"site-sidebar-layout":"default","site-content-layout":"default","ast-global-header-display":"","ast-main-header-display":"","ast-hfb-above-header-display":"","ast-hfb-below-header-display":"","ast-hfb-mobile-header-display":"","site-post-title":"","ast-breadcrumbs-content":"","ast-featured-img":"","footer-sml-layout":"","theme-transparent-header-meta":"","adv-header-id-meta":"","stick-header-meta":"","header-above-stick-meta":"","header-main-stick-meta":"","header-below-stick-meta":""},"pwb-brand":[332],"product_cat":[100],"product_tag":[],"class_list":{"0":"post-45062","1":"product","2":"type-product","3":"status-publish","5":"pwb-brand-trw","6":"product_cat-jarrupalat","7":"desktop-align-left","8":"tablet-align-left","9":"mobile-align-left","11":"first","12":"instock","13":"product-type-external"},"brands":[{"id":332,"name":"TRW","slug":"trw"}],"_links":{"self":[{"href":"https:\/\/www.autonvaraosahaku.fi\/index.php?rest_route=\/wp\/v2\/product\/45062","targetHints":{"allow":["GET"]}}],"collection":[{"href":"https:\/\/www.autonvaraosahaku.fi\/index.php?rest_route=\/wp\/v2\/product"}],"about":[{"href":"https:\/\/www.autonvaraosahaku.fi\/index.php?rest_route=\/wp\/v2\/types\/product"}],"wp:attachment":[{"href":"https:\/\/www.autonvaraosahaku.fi\/index.php?rest_route=%2Fwp%2Fv2%2Fmedia&parent=45062"}],"wp:term":[{"taxonomy":"pwb-brand","embeddable":true,"href":"https:\/\/www.autonvaraosahaku.fi\/index.php?rest_route=%2Fwp%2Fv2%2Fpwb-brand&post=45062"},{"taxonomy":"product_cat","embeddable":true,"href":"https:\/\/www.autonvaraosahaku.fi\/index.php?rest_route=%2Fwp%2Fv2%2Fproduct_cat&post=45062"},{"taxonomy":"product_tag","embeddable":true,"href":"https:\/\/www.autonvaraosahaku.fi\/index.php?rest_route=%2Fwp%2Fv2%2Fproduct_tag&post=45062"}],"curies":[{"name":"wp","href":"https:\/\/api.w.org\/{rel}","templated":true}]}}