{"id":45141,"date":"2021-02-21T17:06:26","date_gmt":"2021-02-21T17:06:26","guid":{"rendered":"https:\/\/www.autonvaraosahaku.fi\/?product=mahle-original-kl-63-of-polttoainesuodatin"},"modified":"2021-02-21T17:06:27","modified_gmt":"2021-02-21T17:06:27","slug":"mahle-original-kl-63-of-polttoainesuodatin","status":"publish","type":"product","link":"https:\/\/www.autonvaraosahaku.fi\/?product=mahle-original-kl-63-of-polttoainesuodatin","title":{"rendered":"MAHLE ORIGINAL KL 63 OF Polttoainesuodatin"},"content":{"rendered":"<p>Suodatintyyppi: Letkusuodatin; L\u00e4pimitta [mm]: 53,4; Kopan l\u00e4pimitta (mm): 45,4; Korkeus 1 (mm): 56,8; Korkeus (mm): 119,2; L\u00e4pimitta 2 [mm]: 6,1; L\u00e4pimitta 3 [mm]: 6,1; Valmistusvuoteen: 05\/1987; VW: CITYGOLF; SKODA: FAVORIT 781; SEAT: 124,124 Kombi,850; LANCIA: DELTA I 831AB0,A 112,PRISMA 831AB0; OPEL: COMMODORE A,COMMODORE A Coupe; ROVER: MAESTRO; VOLVO: 340-360 343, 345,340-360 Stufenheck 344; ALFA ROMEO: 33 905,33 Sportwagon 905A; RENAULT: CLIO I B\/C57_, 5\/357_,4 112_,19 II B\/C53_,SUPER 5 B\/C40_,5 122_,RAPID Kasten F40_, G40_,19 I B\/C53_,4 Kasten R21_, R23_,TRAFIC Kasten TXX,9 L42_,TRAFIC Bus TXW,19 II Chamade L53_,ESPACE I J11_,12,11 B\/C37_,16 115_,21 Stufenheck L48_,25 B29_,19 I Chamade L53_,8 113_,MASTER I Kasten T__,TRAFIC Kasten T1, T3, T4,CLIO I Kasten S57_,6 118_,TRAFIC Bus T5, T6, T7,18 134_,11 Kasten S37_,21 Kombi K48_,17,18 Variable 135_,10 119_,5 Kasten 238_,30 127_,FUEGO 136_,12 Variable 117_,21 B48_,MASTER I Bus T__,ESTAFETTE 213_,20 127_,19 II Kasten S53_,TRAFIC Pritsche\/Fahrgestell P6,19 I Kasten S53_,MASTER I Pritsche\/Fahrgestell P__,TRAFIC Pritsche\/Fahrgestell PXX,RODEO 6,15 130_,14 121_,21 Kasten S48_,18 Kasten,12 Kasten,SUPER 5 Kasten S40_,RODEO 4,RODEO 5; FIAT: DUCATO Kasten 290,DUCATO Pritsche\/Fahrgestell 290,DUCATO Kasten 280,DUCATO Pritsche\/Fahrgestell 280,CINQUECENTO 170,PANDA 141A_,DUCATO Panorama 280,500,UNO 146A\/E,DUCATO Panorama 290,X 1\/9 128 AS,127,FIORINO Kasten 146,TIPO 160,128 Coupe,CROMA 154,128,TALENTO Pritsche\/Fahrgestell 290,131,RITMO I 138A,130,FIORINO Pick up 146,500 Kombi,130 Coupe,TALENTO Bus 290,FIORINO 147,TALENTO Kasten 290,CAMPAGNOLA,REGATA 138,ARGENTA 132A,RITMO Cabriolet,127 Panorama,128 Familiare,FIORINO 127,131 Familiare\/Panorama,147,FIORINO Pick up 147,REGATA Weekend 138,147 Panorama,DUNA 146 B,ELBA 146_,DUNA Weekend 146 B; 6U0201511E, 5940862, 9753181380, 6U0201511E, 0009401567188, 82282645, 8245649, 9401567188, 9401567219, 5027154, 920X9155CA, 113258, 16400N1400, 16400N8400, 156702, 156703, 156707, 156718, 156719, 156720, 156721, 7700271011, 7700271026, 7700545787, 7700724743, 7700728143, 7701349332, 8200358714, 8671002074, 1541063401, 166016, 00002432144, 243214, 2432144, 806012, 6U0201511E<\/p>\n","protected":false},"excerpt":{"rendered":"<p>MAHLE ORIGINAL Polttoainesuodatin KL 63 OF  VW,SKODA,SEAT,CITYGOLF,FAVORIT 781,124,124 Kombi,850,DELTA I 831AB0,A 112,PRISMA 831AB0,COMMODORE A<\/p>\n","protected":false},"featured_media":0,"template":"","meta":{"site-sidebar-layout":"default","site-content-layout":"default","ast-global-header-display":"","ast-main-header-display":"","ast-hfb-above-header-display":"","ast-hfb-below-header-display":"","ast-hfb-mobile-header-display":"","site-post-title":"","ast-breadcrumbs-content":"","ast-featured-img":"","footer-sml-layout":"","theme-transparent-header-meta":"","adv-header-id-meta":"","stick-header-meta":"","header-above-stick-meta":"","header-main-stick-meta":"","header-below-stick-meta":""},"pwb-brand":[153],"product_cat":[29],"product_tag":[],"class_list":{"0":"post-45141","1":"product","2":"type-product","3":"status-publish","5":"pwb-brand-mahle-original","6":"product_cat-polttoainesuodatin","7":"desktop-align-left","8":"tablet-align-left","9":"mobile-align-left","11":"first","12":"instock","13":"product-type-external"},"brands":[{"id":153,"name":"MAHLE ORIGINAL","slug":"mahle-original"}],"_links":{"self":[{"href":"https:\/\/www.autonvaraosahaku.fi\/index.php?rest_route=\/wp\/v2\/product\/45141","targetHints":{"allow":["GET"]}}],"collection":[{"href":"https:\/\/www.autonvaraosahaku.fi\/index.php?rest_route=\/wp\/v2\/product"}],"about":[{"href":"https:\/\/www.autonvaraosahaku.fi\/index.php?rest_route=\/wp\/v2\/types\/product"}],"wp:attachment":[{"href":"https:\/\/www.autonvaraosahaku.fi\/index.php?rest_route=%2Fwp%2Fv2%2Fmedia&parent=45141"}],"wp:term":[{"taxonomy":"pwb-brand","embeddable":true,"href":"https:\/\/www.autonvaraosahaku.fi\/index.php?rest_route=%2Fwp%2Fv2%2Fpwb-brand&post=45141"},{"taxonomy":"product_cat","embeddable":true,"href":"https:\/\/www.autonvaraosahaku.fi\/index.php?rest_route=%2Fwp%2Fv2%2Fproduct_cat&post=45141"},{"taxonomy":"product_tag","embeddable":true,"href":"https:\/\/www.autonvaraosahaku.fi\/index.php?rest_route=%2Fwp%2Fv2%2Fproduct_tag&post=45141"}],"curies":[{"name":"wp","href":"https:\/\/api.w.org\/{rel}","templated":true}]}}