{"id":45143,"date":"2021-02-21T17:06:26","date_gmt":"2021-02-21T17:06:26","guid":{"rendered":"https:\/\/www.autonvaraosahaku.fi\/?product=mahle-original-kx-331d-polttoainesuodatin"},"modified":"2021-02-21T17:06:27","modified_gmt":"2021-02-21T17:06:27","slug":"mahle-original-kx-331d-polttoainesuodatin","status":"publish","type":"product","link":"https:\/\/www.autonvaraosahaku.fi\/?product=mahle-original-kx-331d-polttoainesuodatin","title":{"rendered":"MAHLE ORIGINAL KX 331D Polttoainesuodatin"},"content":{"rendered":"<p>Suodatintyyppi: Suodatinpanos; Korkeus (mm): 74,5; Korkeus 1 (mm): 69,5; L\u00e4pimitta [mm]: 92,1; Sis\u00e4l\u00e4pimitta 1 [mm]: 24,35; Valmistusvuosi alkaen: 03\/2010; TOYOTA: PROACE Kasten\/Kombi; FORD: FOCUS II Kombi DA_,MONDEO IV Turnier BA7,FOCUS II DA_,S-MAX WA6,FOCUS III Turnier,GALAXY WA6,KUGA I,C-MAX DM2,FOCUS III,C-MAX II,MONDEO IV BA7,KUGA II DM2,GRAND C-MAX,FOCUS II Stufenheck DA_,FOCUS III Stufenheck,MONDEO IV Stufenheck BA7,GRAND C-MAX Van,C-MAX II Van,FOCUS III Kasten\/Schr\u00e4gheck; FIAT: SCUDO 270_,SCUDO Kasten 270_,SCUDO Pritsche\/Fahrgestell 270_; CITRO\u00cbN: C5 III Break TD_,C4 Picasso I UD_,C4 Grand Picasso I UA_,C8 EA_, EB_,C5 III RD_,C4 II B7,JUMPY,JUMPY Kasten,DS4,DS5,JUMPY Pritsche\/Fahrgestell; PEUGEOT: 407 SW 6E_,308 SW,807 E,308 4A_, 4C_,5008,508 SW,407 6D_,3008,RCZ,308 CC,508,407 Coupe 6C_,EXPERT Tepee VF3V_,EXPERT Kasten VF3A_, VF3U_, VF3X_,EXPERT Pritsche\/Fahrgestell; DS: DS5; 1611659180, 190191, 1906A7, 9813802280, 1611659180, 190191, 1906A7, 9813802280, 0009467637280, 946737280, 9467637280, 1681999, 1682001, 2037668, 9M5J9176AA, 9M5Q9155AA, 9M5Q9176AA, 1611659180, 190191, 1906A7, 9813802280, SU001A0683<\/p>\n","protected":false},"excerpt":{"rendered":"<p>MAHLE ORIGINAL Polttoainesuodatin KX 331D  TOYOTA,FORD,FIAT,PROACE Kasten\/Kombi,FOCUS II Kombi DA_,MONDEO IV Turnier BA7,FOCUS II DA_,S-MAX WA6<\/p>\n","protected":false},"featured_media":0,"template":"","meta":{"site-sidebar-layout":"default","site-content-layout":"default","ast-global-header-display":"","ast-main-header-display":"","ast-hfb-above-header-display":"","ast-hfb-below-header-display":"","ast-hfb-mobile-header-display":"","site-post-title":"","ast-breadcrumbs-content":"","ast-featured-img":"","footer-sml-layout":"","theme-transparent-header-meta":"","adv-header-id-meta":"","stick-header-meta":"","header-above-stick-meta":"","header-main-stick-meta":"","header-below-stick-meta":""},"pwb-brand":[153],"product_cat":[29],"product_tag":[],"class_list":{"0":"post-45143","1":"product","2":"type-product","3":"status-publish","5":"pwb-brand-mahle-original","6":"product_cat-polttoainesuodatin","7":"desktop-align-left","8":"tablet-align-left","9":"mobile-align-left","11":"first","12":"instock","13":"product-type-external"},"brands":[{"id":153,"name":"MAHLE ORIGINAL","slug":"mahle-original"}],"_links":{"self":[{"href":"https:\/\/www.autonvaraosahaku.fi\/index.php?rest_route=\/wp\/v2\/product\/45143","targetHints":{"allow":["GET"]}}],"collection":[{"href":"https:\/\/www.autonvaraosahaku.fi\/index.php?rest_route=\/wp\/v2\/product"}],"about":[{"href":"https:\/\/www.autonvaraosahaku.fi\/index.php?rest_route=\/wp\/v2\/types\/product"}],"wp:attachment":[{"href":"https:\/\/www.autonvaraosahaku.fi\/index.php?rest_route=%2Fwp%2Fv2%2Fmedia&parent=45143"}],"wp:term":[{"taxonomy":"pwb-brand","embeddable":true,"href":"https:\/\/www.autonvaraosahaku.fi\/index.php?rest_route=%2Fwp%2Fv2%2Fpwb-brand&post=45143"},{"taxonomy":"product_cat","embeddable":true,"href":"https:\/\/www.autonvaraosahaku.fi\/index.php?rest_route=%2Fwp%2Fv2%2Fproduct_cat&post=45143"},{"taxonomy":"product_tag","embeddable":true,"href":"https:\/\/www.autonvaraosahaku.fi\/index.php?rest_route=%2Fwp%2Fv2%2Fproduct_tag&post=45143"}],"curies":[{"name":"wp","href":"https:\/\/api.w.org\/{rel}","templated":true}]}}