{"id":45176,"date":"2021-02-21T17:06:31","date_gmt":"2021-02-21T17:06:31","guid":{"rendered":"https:\/\/www.autonvaraosahaku.fi\/?product=calorstat-by-vernet-fi1482-tyhjakayntimoottori"},"modified":"2021-02-21T17:06:35","modified_gmt":"2021-02-21T17:06:35","slug":"calorstat-by-vernet-fi1482-tyhjakayntimoottori","status":"publish","type":"product","link":"https:\/\/www.autonvaraosahaku.fi\/?product=calorstat-by-vernet-fi1482-tyhjakayntimoottori","title":{"rendered":"CALORSTAT by Vernet FI1482 Tyhj\u00e4k\u00e4yntimoottori"},"content":{"rendered":"<p>L\u00e4mp\u00f6alue alkaen [\u00b0C]: 35; L\u00e4mp\u00f6tila-alue korkeintaan [\u00b0C]: 60; K\u00e4ytt\u00f6: Mekaaninen; Avausl\u00e4mp\u00f6tila [\u00b0C]: 35; CITRO\u00cbN: SAXO S0, S1,XM Y4,AX ZA-_,ZX N2,C25 Bus 280_, 290_,JUMPER Kasten 230L,XM Y3,JUMPER Bus 230P,C25 Pritsche\/Fahrgestell 280_, 290_,XM Break Y4,JUMPER Pritsche\/Fahrgestell 230,C25 Kasten 280_, 290_,XM Break Y3; PEUGEOT: 106 II 1,106 I 1A, 1C,205 II 20A\/C,205 I 741A\/C,405 I 15B,605 6B,405 I Break 15E,205 Kasten; RENAULT: RAPID Kasten F40_, G40_,TRAFIC Kasten TXX,21 Stufenheck L48_,25 B29_,MASTER I Kasten T__,TRAFIC Kasten T1, T3, T4,TRAFIC Bus T5, T6, T7,21 Kombi K48_,21 B48_,TRAFIC Pritsche\/Fahrgestell P6,21 Kasten S48_; 7700852541, 7700869613, 164744; Tyhj\u00e4k\u00e4yntiventtiili,Tyhj\u00e4k\u00e4yntis\u00e4\u00e4din,Kuormaventtiili, Ilmankierto<\/p>\n","protected":false},"excerpt":{"rendered":"<p>CALORSTAT by Vernet Tyhj\u00e4k\u00e4yntimoottori FI1482 Tyhj\u00e4k\u00e4yntiventtiili,Tyhj\u00e4k\u00e4yntis\u00e4\u00e4din CITRO\u00cbN,PEUGEOT,RENAULT,SAXO S0, S1,XM Y4,AX ZA-_,ZX N2<\/p>\n","protected":false},"featured_media":0,"template":"","meta":{"site-sidebar-layout":"default","site-content-layout":"default","ast-global-header-display":"","ast-main-header-display":"","ast-hfb-above-header-display":"","ast-hfb-below-header-display":"","ast-hfb-mobile-header-display":"","site-post-title":"","ast-breadcrumbs-content":"","ast-featured-img":"","footer-sml-layout":"","theme-transparent-header-meta":"","adv-header-id-meta":"","stick-header-meta":"","header-above-stick-meta":"","header-main-stick-meta":"","header-below-stick-meta":""},"pwb-brand":[343],"product_cat":[254],"product_tag":[],"class_list":{"0":"post-45176","1":"product","2":"type-product","3":"status-publish","5":"pwb-brand-calorstat-by-vernet","6":"product_cat-tyhjakayntimoottori","7":"desktop-align-left","8":"tablet-align-left","9":"mobile-align-left","11":"first","12":"instock","13":"product-type-external"},"brands":[{"id":343,"name":"CALORSTAT by Vernet","slug":"calorstat-by-vernet"}],"_links":{"self":[{"href":"https:\/\/www.autonvaraosahaku.fi\/index.php?rest_route=\/wp\/v2\/product\/45176","targetHints":{"allow":["GET"]}}],"collection":[{"href":"https:\/\/www.autonvaraosahaku.fi\/index.php?rest_route=\/wp\/v2\/product"}],"about":[{"href":"https:\/\/www.autonvaraosahaku.fi\/index.php?rest_route=\/wp\/v2\/types\/product"}],"wp:attachment":[{"href":"https:\/\/www.autonvaraosahaku.fi\/index.php?rest_route=%2Fwp%2Fv2%2Fmedia&parent=45176"}],"wp:term":[{"taxonomy":"pwb-brand","embeddable":true,"href":"https:\/\/www.autonvaraosahaku.fi\/index.php?rest_route=%2Fwp%2Fv2%2Fpwb-brand&post=45176"},{"taxonomy":"product_cat","embeddable":true,"href":"https:\/\/www.autonvaraosahaku.fi\/index.php?rest_route=%2Fwp%2Fv2%2Fproduct_cat&post=45176"},{"taxonomy":"product_tag","embeddable":true,"href":"https:\/\/www.autonvaraosahaku.fi\/index.php?rest_route=%2Fwp%2Fv2%2Fproduct_tag&post=45176"}],"curies":[{"name":"wp","href":"https:\/\/api.w.org\/{rel}","templated":true}]}}