{"id":45188,"date":"2021-02-21T17:06:37","date_gmt":"2021-02-21T17:06:37","guid":{"rendered":"https:\/\/www.autonvaraosahaku.fi\/?product=ridex-83b0047-jarruletku"},"modified":"2021-02-21T17:06:39","modified_gmt":"2021-02-21T17:06:39","slug":"ridex-83b0047-jarruletku","status":"publish","type":"product","link":"https:\/\/www.autonvaraosahaku.fi\/?product=ridex-83b0047-jarruletku","title":{"rendered":"RIDEX 83B0047 Jarruletku"},"content":{"rendered":"<p>Pituus (mm): 296; Ulkokierre [mm]: M10x1; Sis\u00e4kierre (mm): M10x1; Avainv\u00e4li: 14\/14; Asennuspuoli: Etuakseli; Tarvittava kappalem\u00e4\u00e4r\u00e4: 2; VW: POLO 86C, 80,POLO Coupe 86C, 80,POLO CLASSIC 86C, 80,POLO 86,DERBY 86C, 80,POLO Kasten 86CF,DERBY 86; AUDI: 50 86<\/p>\n","protected":false},"excerpt":{"rendered":"<p>RIDEX Jarruletku 83B0047  VW,AUDI,POLO 86C, 80,POLO Coupe 86C, 80,POLO CLASSIC 86C, 80,POLO 86,DERBY 86C, 80,POLO Kasten 86CF,DERBY 86,50 86<\/p>\n","protected":false},"featured_media":0,"template":"","meta":{"site-sidebar-layout":"default","site-content-layout":"default","ast-global-header-display":"","ast-main-header-display":"","ast-hfb-above-header-display":"","ast-hfb-below-header-display":"","ast-hfb-mobile-header-display":"","site-post-title":"","ast-breadcrumbs-content":"","ast-featured-img":"","footer-sml-layout":"","theme-transparent-header-meta":"","adv-header-id-meta":"","stick-header-meta":"","header-above-stick-meta":"","header-main-stick-meta":"","header-below-stick-meta":""},"pwb-brand":[157],"product_cat":[70],"product_tag":[],"class_list":{"0":"post-45188","1":"product","2":"type-product","3":"status-publish","5":"pwb-brand-ridex","6":"product_cat-jarruletku","7":"desktop-align-left","8":"tablet-align-left","9":"mobile-align-left","11":"first","12":"instock","13":"product-type-external"},"brands":[{"id":157,"name":"RIDEX","slug":"ridex"}],"_links":{"self":[{"href":"https:\/\/www.autonvaraosahaku.fi\/index.php?rest_route=\/wp\/v2\/product\/45188","targetHints":{"allow":["GET"]}}],"collection":[{"href":"https:\/\/www.autonvaraosahaku.fi\/index.php?rest_route=\/wp\/v2\/product"}],"about":[{"href":"https:\/\/www.autonvaraosahaku.fi\/index.php?rest_route=\/wp\/v2\/types\/product"}],"wp:attachment":[{"href":"https:\/\/www.autonvaraosahaku.fi\/index.php?rest_route=%2Fwp%2Fv2%2Fmedia&parent=45188"}],"wp:term":[{"taxonomy":"pwb-brand","embeddable":true,"href":"https:\/\/www.autonvaraosahaku.fi\/index.php?rest_route=%2Fwp%2Fv2%2Fpwb-brand&post=45188"},{"taxonomy":"product_cat","embeddable":true,"href":"https:\/\/www.autonvaraosahaku.fi\/index.php?rest_route=%2Fwp%2Fv2%2Fproduct_cat&post=45188"},{"taxonomy":"product_tag","embeddable":true,"href":"https:\/\/www.autonvaraosahaku.fi\/index.php?rest_route=%2Fwp%2Fv2%2Fproduct_tag&post=45188"}],"curies":[{"name":"wp","href":"https:\/\/api.w.org\/{rel}","templated":true}]}}