{"id":45193,"date":"2021-02-21T17:06:37","date_gmt":"2021-02-21T17:06:37","guid":{"rendered":"https:\/\/www.autonvaraosahaku.fi\/?product=ridex-308t0052-kiristysrulla"},"modified":"2021-02-21T17:06:40","modified_gmt":"2021-02-21T17:06:40","slug":"ridex-308t0052-kiristysrulla","status":"publish","type":"product","link":"https:\/\/www.autonvaraosahaku.fi\/?product=ridex-308t0052-kiristysrulla","title":{"rendered":"RIDEX 308T0052 Kiristysrulla"},"content":{"rendered":"<p>Leveys (mm): 30, 40; Sis\u00e4l\u00e4pimitta [mm]: 13; Ulkol\u00e4pimitta [mm]: 60; Paino [kg]: 0,359; Tarvittava kappalem\u00e4\u00e4r\u00e4: 1; Materiaali: Ter\u00e4s, Ter\u00e4s; Moottorinumero: DW8; FIAT: DUCATO Pritsche\/Fahrgestell 230,DUCATO Bus 230,DUCATO Kasten 244,DUCATO Pritsche\/Fahrgestell 244,DUCATO Kasten 230L,ULYSSE 179AX,DUCATO Bus 244, Z_,ULYSSE 220,SCUDO Kasten 220L,SCUDO Combinato 220P,SCUDO Pritsche\/Fahrgestell 220_; PEUGEOT: 206 Schr\u00e4gheck 2A\/C,307 SW 3H,307 3A\/C,206 SW 2E\/K,807 E,307 Break 3E,306 Schr\u00e4gheck 7A, 7C, N3, N5,607 9D, 9U,406 Break 8E\/F,PARTNER Combispace 5F,PARTNER Kasten 5,406 Coupe 8C,306 Break 7E, N3, N5,406 8B,806 221,BOXER Kasten 230L,BOXER Kasten 244,306 7B, N3, N5,EXPERT Kasten 222,BOXER Bus 244, Z_,206 Van,EXPERT 224,306 Van N_, 7_,BOXER Pritsche\/Fahrgestell 244,EXPERT Pritsche\/Fahrgestell 223,PARTNER Pritsche\/Fahrgestell,306 Kasten\/Schr\u00e4gheck; TOYOTA: COROLLA Liftback _E11_,COROLLA Compact _E11_,COROLLA _E11_,COROLLA Wagon __E11_; CITRO\u00cbN: BERLINGO MF,XSARA PICASSO N68,C8 EA_, EB_,C4 I LC_,BERLINGO Kasten M_,C5 I DC_,C5 I Break DE_,XSARA N1,XSARA Break N2,JUMPER Kasten 244,XANTIA X2,XSARA Coupe N0,EVASION 22, U6,XANTIA Break X2,JUMPY U6U,JUMPY Kasten BS_, BT_, BY_, BZ_,JUMPER Kasten 230L,JUMPER Bus 244, Z_,JUMPER Pritsche\/Fahrgestell 244,C15 VD-_,JUMPY Pritsche\/Fahrgestell BU_, BV_, BW_, BX_,XSARA Kasten,XSARA Kasten\/Schr\u00e4gheck; SUZUKI: GRAND VITARA I FT,VITARA ET,VITARA Cabrio ET; LANCIA: PHEDRA 179,ZETA 220; 082959, 082962, 82959, 9400829599, 9400829629, 9400829599, 9400829629, 082959, 082962, 82959, 1281067G00000, 1281067G01000, 1281086CT0, 1281086CT0000, SU00100088<\/p>\n","protected":false},"excerpt":{"rendered":"<p>RIDEX Kiristysrulla, Hammashihnat 308T0052  FIAT,PEUGEOT,TOYOTA,DUCATO Pritsche\/Fahrgestell 230,DUCATO Bus 230,DUCATO Kasten 244<\/p>\n","protected":false},"featured_media":0,"template":"","meta":{"site-sidebar-layout":"default","site-content-layout":"default","ast-global-header-display":"","ast-main-header-display":"","ast-hfb-above-header-display":"","ast-hfb-below-header-display":"","ast-hfb-mobile-header-display":"","site-post-title":"","ast-breadcrumbs-content":"","ast-featured-img":"","footer-sml-layout":"","theme-transparent-header-meta":"","adv-header-id-meta":"","stick-header-meta":"","header-above-stick-meta":"","header-main-stick-meta":"","header-below-stick-meta":""},"pwb-brand":[157],"product_cat":[282],"product_tag":[],"class_list":{"0":"post-45193","1":"product","2":"type-product","3":"status-publish","5":"pwb-brand-ridex","6":"product_cat-kiristysrulla","7":"desktop-align-left","8":"tablet-align-left","9":"mobile-align-left","11":"first","12":"instock","13":"product-type-external"},"brands":[{"id":157,"name":"RIDEX","slug":"ridex"}],"_links":{"self":[{"href":"https:\/\/www.autonvaraosahaku.fi\/index.php?rest_route=\/wp\/v2\/product\/45193","targetHints":{"allow":["GET"]}}],"collection":[{"href":"https:\/\/www.autonvaraosahaku.fi\/index.php?rest_route=\/wp\/v2\/product"}],"about":[{"href":"https:\/\/www.autonvaraosahaku.fi\/index.php?rest_route=\/wp\/v2\/types\/product"}],"wp:attachment":[{"href":"https:\/\/www.autonvaraosahaku.fi\/index.php?rest_route=%2Fwp%2Fv2%2Fmedia&parent=45193"}],"wp:term":[{"taxonomy":"pwb-brand","embeddable":true,"href":"https:\/\/www.autonvaraosahaku.fi\/index.php?rest_route=%2Fwp%2Fv2%2Fpwb-brand&post=45193"},{"taxonomy":"product_cat","embeddable":true,"href":"https:\/\/www.autonvaraosahaku.fi\/index.php?rest_route=%2Fwp%2Fv2%2Fproduct_cat&post=45193"},{"taxonomy":"product_tag","embeddable":true,"href":"https:\/\/www.autonvaraosahaku.fi\/index.php?rest_route=%2Fwp%2Fv2%2Fproduct_tag&post=45193"}],"curies":[{"name":"wp","href":"https:\/\/api.w.org\/{rel}","templated":true}]}}