{"id":45201,"date":"2021-02-21T17:06:42","date_gmt":"2021-02-21T17:06:42","guid":{"rendered":"https:\/\/www.autonvaraosahaku.fi\/?product=ridex-78b0103-jarrusatula"},"modified":"2021-02-21T17:06:43","modified_gmt":"2021-02-21T17:06:43","slug":"ridex-78b0103-jarrusatula","status":"publish","type":"product","link":"https:\/\/www.autonvaraosahaku.fi\/?product=ridex-78b0103-jarrusatula","title":{"rendered":"RIDEX 78B0103 Jarrusatula"},"content":{"rendered":"<p>L\u00e4pimitta 1\/l\u00e4pimitta 2 [mm]: 48,0; Jarruj\u00e4rjestelm\u00e4: BOSCH\/BENDIX; Jarrulevypaksuudelle [mm]: 10,8; Materiaali: Alumiini; Jarrusatulatyyppi: Jarrusatula (1-m\u00e4nt\u00e4); Kierre 1: M10X1.00; Paino [kg]: 1,42; parilliset tuotenumerot: 78B0107; Moottorinumero: 156 A4.000; FIAT: PANDA 141A_,UNO 146A\/E,PANDA Van 141_,131,RITMO I 138A,REGATA 138,RITMO Cabriolet,UNO Kasten 146,REGATA Weekend 138; SEAT: MARBELLA 28,IBIZA I 021A,TERRA Kasten 024A,TERRA 24; LANCIA: Y10 156; AUTOBIANCHI: Y10; 9946182, 71791825, 71791827, 790909, 792284, 792286, 9946182, 792286, 9946179, 9946182, 9946182, SE022165005A, SE141165006C<\/p>\n","protected":false},"excerpt":{"rendered":"<p>RIDEX Jarrusatula 78B0103  FIAT,SEAT,LANCIA,PANDA 141A_,UNO 146A\/E,PANDA Van 141_,131,RITMO I 138A,REGATA 138,RITMO Cabriolet,UNO Kasten 146<\/p>\n","protected":false},"featured_media":0,"template":"","meta":{"site-sidebar-layout":"default","site-content-layout":"default","ast-global-header-display":"","ast-main-header-display":"","ast-hfb-above-header-display":"","ast-hfb-below-header-display":"","ast-hfb-mobile-header-display":"","site-post-title":"","ast-breadcrumbs-content":"","ast-featured-img":"","footer-sml-layout":"","theme-transparent-header-meta":"","adv-header-id-meta":"","stick-header-meta":"","header-above-stick-meta":"","header-main-stick-meta":"","header-below-stick-meta":""},"pwb-brand":[157],"product_cat":[177],"product_tag":[],"class_list":{"0":"post-45201","1":"product","2":"type-product","3":"status-publish","5":"pwb-brand-ridex","6":"product_cat-jarrusatula","7":"desktop-align-left","8":"tablet-align-left","9":"mobile-align-left","11":"first","12":"instock","13":"product-type-external"},"brands":[{"id":157,"name":"RIDEX","slug":"ridex"}],"_links":{"self":[{"href":"https:\/\/www.autonvaraosahaku.fi\/index.php?rest_route=\/wp\/v2\/product\/45201","targetHints":{"allow":["GET"]}}],"collection":[{"href":"https:\/\/www.autonvaraosahaku.fi\/index.php?rest_route=\/wp\/v2\/product"}],"about":[{"href":"https:\/\/www.autonvaraosahaku.fi\/index.php?rest_route=\/wp\/v2\/types\/product"}],"wp:attachment":[{"href":"https:\/\/www.autonvaraosahaku.fi\/index.php?rest_route=%2Fwp%2Fv2%2Fmedia&parent=45201"}],"wp:term":[{"taxonomy":"pwb-brand","embeddable":true,"href":"https:\/\/www.autonvaraosahaku.fi\/index.php?rest_route=%2Fwp%2Fv2%2Fpwb-brand&post=45201"},{"taxonomy":"product_cat","embeddable":true,"href":"https:\/\/www.autonvaraosahaku.fi\/index.php?rest_route=%2Fwp%2Fv2%2Fproduct_cat&post=45201"},{"taxonomy":"product_tag","embeddable":true,"href":"https:\/\/www.autonvaraosahaku.fi\/index.php?rest_route=%2Fwp%2Fv2%2Fproduct_tag&post=45201"}],"curies":[{"name":"wp","href":"https:\/\/api.w.org\/{rel}","templated":true}]}}