{"id":45276,"date":"2021-02-21T17:06:59","date_gmt":"2021-02-21T17:06:59","guid":{"rendered":"https:\/\/www.autonvaraosahaku.fi\/?product=elring-057-510-kannen-pultit"},"modified":"2021-02-21T17:07:03","modified_gmt":"2021-02-21T17:07:03","slug":"elring-057-510-kannen-pultit","status":"publish","type":"product","link":"https:\/\/www.autonvaraosahaku.fi\/?product=elring-057-510-kannen-pultit","title":{"rendered":"ELRING 057.510 Kannen pultit"},"content":{"rendered":"<p>Kierremitta: M 12&#215;1,75&#215;166; Ruuvikanta\/mutteriprofiili: Hammastettu, sis\u00e4; Avainv\u00e4li: X &#8211; M 12, X &#8211; M 12; Korvaava tuote\/korvaava tiedote 2: ilman v\u00e4lilevy\u00e4, ilman v\u00e4lilevy\u00e4; VW: GOLF IV 1J1,GOLF IV Variant 1J5,BORA 1J2,BORA Kombi 1J6; SEAT: LEON 1M1,TOLEDO II 1M2; Sylinterikannen Pultit,Syl.Kannen Pulttisarja<\/p>\n","protected":false},"excerpt":{"rendered":"<p>ELRING Kannen Pultit 057.510 Sylinterikannen Pultit,Syl.Kannen Pulttisarja VW,SEAT,GOLF IV 1J1,GOLF IV Variant 1J5,BORA 1J2,BORA Kombi 1J6,LEON 1M1<\/p>\n","protected":false},"featured_media":0,"template":"","meta":{"site-sidebar-layout":"default","site-content-layout":"default","ast-global-header-display":"","ast-main-header-display":"","ast-hfb-above-header-display":"","ast-hfb-below-header-display":"","ast-hfb-mobile-header-display":"","site-post-title":"","ast-breadcrumbs-content":"","ast-featured-img":"","footer-sml-layout":"","theme-transparent-header-meta":"","adv-header-id-meta":"","stick-header-meta":"","header-above-stick-meta":"","header-main-stick-meta":"","header-below-stick-meta":""},"pwb-brand":[26],"product_cat":[67],"product_tag":[],"class_list":{"0":"post-45276","1":"product","2":"type-product","3":"status-publish","5":"pwb-brand-elring","6":"product_cat-kannen-pultit","7":"desktop-align-left","8":"tablet-align-left","9":"mobile-align-left","11":"first","12":"instock","13":"product-type-external"},"brands":[{"id":26,"name":"ELRING","slug":"elring"}],"_links":{"self":[{"href":"https:\/\/www.autonvaraosahaku.fi\/index.php?rest_route=\/wp\/v2\/product\/45276","targetHints":{"allow":["GET"]}}],"collection":[{"href":"https:\/\/www.autonvaraosahaku.fi\/index.php?rest_route=\/wp\/v2\/product"}],"about":[{"href":"https:\/\/www.autonvaraosahaku.fi\/index.php?rest_route=\/wp\/v2\/types\/product"}],"wp:attachment":[{"href":"https:\/\/www.autonvaraosahaku.fi\/index.php?rest_route=%2Fwp%2Fv2%2Fmedia&parent=45276"}],"wp:term":[{"taxonomy":"pwb-brand","embeddable":true,"href":"https:\/\/www.autonvaraosahaku.fi\/index.php?rest_route=%2Fwp%2Fv2%2Fpwb-brand&post=45276"},{"taxonomy":"product_cat","embeddable":true,"href":"https:\/\/www.autonvaraosahaku.fi\/index.php?rest_route=%2Fwp%2Fv2%2Fproduct_cat&post=45276"},{"taxonomy":"product_tag","embeddable":true,"href":"https:\/\/www.autonvaraosahaku.fi\/index.php?rest_route=%2Fwp%2Fv2%2Fproduct_tag&post=45276"}],"curies":[{"name":"wp","href":"https:\/\/api.w.org\/{rel}","templated":true}]}}