{"id":45303,"date":"2021-02-21T17:07:10","date_gmt":"2021-02-21T17:07:10","guid":{"rendered":"https:\/\/www.autonvaraosahaku.fi\/?product=vemo-v42-08-0004-pissapojan-pumppu"},"modified":"2021-02-21T17:07:11","modified_gmt":"2021-02-21T17:07:11","slug":"vemo-v42-08-0004-pissapojan-pumppu","status":"publish","type":"product","link":"https:\/\/www.autonvaraosahaku.fi\/?product=vemo-v42-08-0004-pissapojan-pumppu","title":{"rendered":"VEMO V42-08-0004 Pissapojan pumppu"},"content":{"rendered":"<p>OE-numerolle: 6434,75; K\u00e4ytt\u00f6: S\u00e4hk\u00f6inen; Pumpputyyppi: Kaksoispumppu; Paino [kg]: 0,1; Pakkausleveys [cm]: 7,8; Pakkauskorkeus [mm]: 3,8; Pakkaussyvyys [cm]: 11; Tuotelinja: Original Quality; Varusteet: f\u00fcr Fahrzeuge mit Heckscheibenwischer; NISSAN: QASHQAI \/ QASHQAI +2 J10, JJ10,ALMERA TINO V10,NAVARA D40,PATHFINDER R51,MICRA IV K13,NAVARA Pritsche\/Fahrgestell D40,PRIMASTAR Bus X83,PRIMASTAR Kasten X83,QASHQAI J11, J11_,PRIMASTAR Pritsche\/Fahrgestell; OPEL: VIVARO Kasten F7,VIVARO Combi J7,VIVARO Pritsche\/Fahrgestell E7; LANCIA: PHEDRA 179; DACIA: DUSTER,SANDERO,LOGAN MCV KS_,SANDERO II,LODGY,LOGAN MCV II,DOKKER Express,LOGAN EXPRESS FS_,DUSTER Kasten; FIAT: SCUDO 270_,ULYSSE 179AX,SCUDO Kasten 270_; CITRO\u00cbN: BERLINGO MF,XSARA PICASSO N68,C2 JM_,C3 I FC_,BERLINGO B9,C5 III Break TD_,C4 Picasso I UD_,C4 Grand Picasso I UA_,C8 EA_, EB_,C4 I LC_,SAXO S0, S1,DS3,BERLINGO Kasten M_,C5 II Break RE_,C3 Picasso,C5 I Break DE_,C3 II,XSARA N1,C4 Coupe LA_,C4 II B7,C5 II RC_,XSARA Break N2,JUMPY,BERLINGO Kasten B9,JUMPY Kasten,C4 Grand Picasso II,C4 Picasso II,DS4,XSARA Coupe N0,DS5,DS3 Cabriolet,C2 ENTERPRISE,BERLINGO Pritsche\/Fahrgestell B9,C4 CACTUS,C3 III SX; PEUGEOT: 207 WA_, WC_,307 SW 3H,407 SW 6E_,307 3A\/C,207 SW WK_,308 SW,208,807 E,106 II 1,308 4A_, 4C_,5008,307 Break 3E,3008,PARTNER Tepee,1007 KM_,PARTNER Combispace 5F,2008,PARTNER Kasten 5,EXPERT Tepee VF3V_,EXPERT Kasten VF3A_, VF3U_, VF3X_,PARTNER Kasten,308 II,308 SW II,207 Van,PARTNER Pritsche\/Fahrgestell,EXPERT Kasten; RENAULT: CLIO II BB0\/1\/2_, CB0\/1\/2_,CLIO III BR0\/1, CR0\/1,SC\u00c9NIC II JM0\/1_,TWINGO II CN0_,MEGANE III Grandtour KZ0\/1,ESPACE IV JK0\/1_,MODUS \/ GRAND MODUS F\/JP0_,LAGUNA II Grandtour KG0\/1_,MEGANE II Kombi KM0\/1_,SC\u00c9NIC III JZ0\/1_,LAGUNA III Grandtour KT0\/1,CLIO IV,MEGANE III Schr\u00e4gheck BZ0_,LAGUNA II BG0\/1_,MEGANE II BM0\/1_, CM0\/1_,TRAFIC II Bus JL,GRAND SC\u00c9NIC III JZ0\/1_,TRAFIC II Kasten FL,MEGANE III Coupe DZ0\/1_,KANGOO \/ GRAND KANGOO KW0\/1_,GRAND SC\u00c9NIC II JM0\/1_,CAPTUR,LAGUNA III BT0\/1,KANGOO Express FW0\/1_,CLIO Grandtour IV,VEL SATIS BJ0_,CLIO II Kasten SB0\/1\/2_,LOGAN I Kombi KS_,ESPACE V; VAUXHALL: VIVARO Kasten F7,VIVARO Combi J7,VIVARO Pritsche\/Fahrgestell E7; 0000643475, 0000643492, 643470, 643475, 643492, 643498, 9641553980, 9643447980, 9680693280, 286200851R, 289200004R, 6001549444, 7700430078, 8200194414, 9641553980, 9643447980, 9641553980, 28920BU010, 6001549444, 7700428386, 8200194414, 04408575, 04410722, 4408575, 4410722, 91160063, 93160293, 0000643492, 246083002018, 4408575, 4410722, 643470, 643475, 643492, 643498, 91160063, 93160293, 9634558980, 9641553980, 9643447980, 286200851R, 289200004R, 6001549444, 7700428336, 7700428386, 7700430078, 8200030639, 8200194414, 91160063, 93160293; Pesurin Pumppu,Lasinpesurin Pumppu,Pesunestepumppu, Lasinpesu<\/p>\n","protected":false},"excerpt":{"rendered":"<p>VEMO Pissapojan Pumppu V42-08-0004 Pesurin Pumppu,Lasinpesurin Pumppu NISSAN,OPEL,LANCIA,QASHQAI \/ QASHQAI +2 J10, JJ10,ALMERA TINO V10,NAVARA D40<\/p>\n","protected":false},"featured_media":0,"template":"","meta":{"site-sidebar-layout":"default","site-content-layout":"default","ast-global-header-display":"","ast-main-header-display":"","ast-hfb-above-header-display":"","ast-hfb-below-header-display":"","ast-hfb-mobile-header-display":"","site-post-title":"","ast-breadcrumbs-content":"","ast-featured-img":"","footer-sml-layout":"","theme-transparent-header-meta":"","adv-header-id-meta":"","stick-header-meta":"","header-above-stick-meta":"","header-main-stick-meta":"","header-below-stick-meta":""},"pwb-brand":[168],"product_cat":[182],"product_tag":[],"class_list":{"0":"post-45303","1":"product","2":"type-product","3":"status-publish","5":"pwb-brand-vemo","6":"product_cat-pissapojan-pumppu","7":"desktop-align-left","8":"tablet-align-left","9":"mobile-align-left","11":"first","12":"instock","13":"product-type-external"},"brands":[{"id":168,"name":"VEMO","slug":"vemo"}],"_links":{"self":[{"href":"https:\/\/www.autonvaraosahaku.fi\/index.php?rest_route=\/wp\/v2\/product\/45303","targetHints":{"allow":["GET"]}}],"collection":[{"href":"https:\/\/www.autonvaraosahaku.fi\/index.php?rest_route=\/wp\/v2\/product"}],"about":[{"href":"https:\/\/www.autonvaraosahaku.fi\/index.php?rest_route=\/wp\/v2\/types\/product"}],"wp:attachment":[{"href":"https:\/\/www.autonvaraosahaku.fi\/index.php?rest_route=%2Fwp%2Fv2%2Fmedia&parent=45303"}],"wp:term":[{"taxonomy":"pwb-brand","embeddable":true,"href":"https:\/\/www.autonvaraosahaku.fi\/index.php?rest_route=%2Fwp%2Fv2%2Fpwb-brand&post=45303"},{"taxonomy":"product_cat","embeddable":true,"href":"https:\/\/www.autonvaraosahaku.fi\/index.php?rest_route=%2Fwp%2Fv2%2Fproduct_cat&post=45303"},{"taxonomy":"product_tag","embeddable":true,"href":"https:\/\/www.autonvaraosahaku.fi\/index.php?rest_route=%2Fwp%2Fv2%2Fproduct_tag&post=45303"}],"curies":[{"name":"wp","href":"https:\/\/api.w.org\/{rel}","templated":true}]}}