{"id":45307,"date":"2021-02-21T17:07:10","date_gmt":"2021-02-21T17:07:10","guid":{"rendered":"https:\/\/www.autonvaraosahaku.fi\/?product=swag-99-90-3674-pyoranlaakerit"},"modified":"2021-02-21T17:07:12","modified_gmt":"2021-02-21T17:07:12","slug":"swag-99-90-3674-pyoranlaakerit","status":"publish","type":"product","link":"https:\/\/www.autonvaraosahaku.fi\/?product=swag-99-90-3674-pyoranlaakerit","title":{"rendered":"SWAG 99 90 3674 Py\u00f6r\u00e4nlaakerit"},"content":{"rendered":"<p>Laakerityyppi: Kartiorullalaakeri; Asennuspuoli: Taka-akseli, molemminpuolinen; Ulkol\u00e4pimitta 1 [mm]: 40; Ulkol\u00e4pimitta 2 [mm]: 50; Leveys 1 (mm): 14; Leveys 2 (mm): 14; Paino [kg]: 0,254; Sis\u00e4l\u00e4pimitta 1 [mm]: 17,5, 17,5; Sis\u00e4l\u00e4pimitta 2 [mm]: 29, 29; Jarrut: f\u00fcr Fahrzeuge mit Trommelbremse an der Hinterachse; VW: GOLF III 1H1,POLO 6N1,GOLF II 19E, 1G1,PASSAT Variant 3A5, 35I,GOLF I Cabriolet 155,GOLF III Cabriolet 1E7,GOLF Mk III Cabriolet 1E7,GOLF III Variant 1H5,POLO 86C, 80,POLO Coupe 86C, 80,PASSAT 3A2, 35I,CORRADO 53I,SCIROCCO 53B,VENTO 1H2,GOLF I 17,JETTA II 19E, 1G2, 165,PASSAT Variant 32B,POLO Kasten 6NF,POLO CLASSIC 86C, 80,PASSAT 32B,POLO 86,SCIROCCO 53,JETTA I 16,DERBY 86C, 80,POLO Kasten 86CF,PASSAT 32,DERBY 86,PASSAT Stufenheck 32B,PASSAT Variant 33,SANTANA 32B,GOLF III Van 1H1; AUDI: 80 89, 89Q, 8A, B3,80 81, 85, B2,90 89, 89Q, 8A, B3,COUPE 81, 85,80 80, 82, B1,90 81, 85, B2,50 86; SEAT: AROSA 6H,IBIZA II 6K1,CORDOBA 6K1, 6K2,CORDOBA Vario 6K1,TOLEDO I 1L; 191598625, APS598625, 191598625, APS598625, 191598625, APS598625; Py\u00f6r\u00e4nlaakerisarja<\/p>\n","protected":false},"excerpt":{"rendered":"<p>SWAG Py\u00f6r\u00e4nlaakerit 99 90 3674 Py\u00f6r\u00e4nlaakerisarja VW,AUDI,SEAT,GOLF III 1H1,POLO 6N1,GOLF II 19E, 1G1,PASSAT Variant 3A5, 35I,GOLF I Cabriolet 155<\/p>\n","protected":false},"featured_media":0,"template":"","meta":{"site-sidebar-layout":"default","site-content-layout":"default","ast-global-header-display":"","ast-main-header-display":"","ast-hfb-above-header-display":"","ast-hfb-below-header-display":"","ast-hfb-mobile-header-display":"","site-post-title":"","ast-breadcrumbs-content":"","ast-featured-img":"","footer-sml-layout":"","theme-transparent-header-meta":"","adv-header-id-meta":"","stick-header-meta":"","header-above-stick-meta":"","header-main-stick-meta":"","header-below-stick-meta":""},"pwb-brand":[103],"product_cat":[83],"product_tag":[],"class_list":{"0":"post-45307","1":"product","2":"type-product","3":"status-publish","5":"pwb-brand-swag","6":"product_cat-pyoranlaakerit","7":"desktop-align-left","8":"tablet-align-left","9":"mobile-align-left","11":"first","12":"instock","13":"product-type-external"},"brands":[{"id":103,"name":"SWAG","slug":"swag"}],"_links":{"self":[{"href":"https:\/\/www.autonvaraosahaku.fi\/index.php?rest_route=\/wp\/v2\/product\/45307","targetHints":{"allow":["GET"]}}],"collection":[{"href":"https:\/\/www.autonvaraosahaku.fi\/index.php?rest_route=\/wp\/v2\/product"}],"about":[{"href":"https:\/\/www.autonvaraosahaku.fi\/index.php?rest_route=\/wp\/v2\/types\/product"}],"wp:attachment":[{"href":"https:\/\/www.autonvaraosahaku.fi\/index.php?rest_route=%2Fwp%2Fv2%2Fmedia&parent=45307"}],"wp:term":[{"taxonomy":"pwb-brand","embeddable":true,"href":"https:\/\/www.autonvaraosahaku.fi\/index.php?rest_route=%2Fwp%2Fv2%2Fpwb-brand&post=45307"},{"taxonomy":"product_cat","embeddable":true,"href":"https:\/\/www.autonvaraosahaku.fi\/index.php?rest_route=%2Fwp%2Fv2%2Fproduct_cat&post=45307"},{"taxonomy":"product_tag","embeddable":true,"href":"https:\/\/www.autonvaraosahaku.fi\/index.php?rest_route=%2Fwp%2Fv2%2Fproduct_tag&post=45307"}],"curies":[{"name":"wp","href":"https:\/\/api.w.org\/{rel}","templated":true}]}}