{"id":45308,"date":"2021-02-21T17:07:10","date_gmt":"2021-02-21T17:07:10","guid":{"rendered":"https:\/\/www.autonvaraosahaku.fi\/?product=febi-bilstein-17695-jaahdytysnesteen-lampotila-anturi"},"modified":"2021-02-21T17:07:12","modified_gmt":"2021-02-21T17:07:12","slug":"febi-bilstein-17695-jaahdytysnesteen-lampotila-anturi","status":"publish","type":"product","link":"https:\/\/www.autonvaraosahaku.fi\/?product=febi-bilstein-17695-jaahdytysnesteen-lampotila-anturi","title":{"rendered":"FEBI BILSTEIN 17695 J\u00e4\u00e4hdytysnesteen l\u00e4mp\u00f6tila anturi"},"content":{"rendered":"<p>Pituus (mm): 50,7; Ulkokierre [mm]: M12 x 1,5; Kierteen pituus (mm): 11; Avainv\u00e4li: 19; Liittimi\u00e4: 2; V\u00e4ri: Sininen; V\u00e4rimerkint\u00e4: Sininen, Sininen; Kytkent\u00e4piste (\u00b0C): 20; Paino [kg]: 0,022, 0,022; Valmistusvuosi alkaen: 09\/1984; BMW: 3 Compact E36,3 E36,3 E30,3 Coupe E36,5 E34,3 Cabriolet E30,3 Cabriolet E36,3 Touring E36,7 E32,5 Touring E34,5 E28,6 E24,3 Touring E30,7 E23,Z1; IVECO: DAILY II Pritsche\/Fahrgestell,DAILY II Kasten\/Kombi; VOLVO: 240 Kombi P245,740 Kombi 745,740 744,240 P242, P244,760 Kombi 704, 765; SAAB: 9000 Schr\u00e4gheck,900 I Cabriolet,900 I Combi Coupe,900 I AC4, AM4,9000; OPEL: OMEGA A 16_, 17_, 19_,ASTRA G Caravan F35_,CORSA B 73_, 78_, 79_,VECTRA B 36_,ASTRA F CC 53_, 54_, 58_, 59_,OMEGA B Caravan 21_, 22_, 23_,OMEGA B 25_, 26_, 27_,VECTRA B Caravan 31_,ASTRA F Caravan 51_, 52_,CALIBRA A 85_,VECTRA B CC 38_,VECTRA A 86_, 87_,ASTRA F Cabriolet 53_B,ASTRA F 56_, 57_,KADETT E CC 33_, 34_, 43_, 44_,SINTRA,FRONTERA A Sport 5_SUD2,TIGRA 95_,CORSA A CC 93_, 94_, 98_, 99_,FRONTERA A 5_MWL4,VECTRA A CC 88_, 89_,COMBO 71_,KADETT E Cabriolet 43B_,ASCONA C 81_, 86_, 87_, 88_,SENATOR B 29_,OMEGA A Caravan 66_, 67_,ASTRA F CLASSIC CC,CORSA A TR 91_, 92_, 96_, 97_,ASTRA F CLASSIC Stufenheck,ASTRA F CLASSIC Caravan,KADETT E 39_, 49_,CORSA B Kasten 73_,ASCONA C CC 84_, 89_,KADETT E Caravan 35_, 36_, 45_, 46_,ASTRA F Van 55_,KADETT E Kasten 37_, 47_,KADETT E Combo 38_, 48_; FIAT: BARCHETTA 183,PUNTO 176,PANDA 141A_,COUPE FA\/175,BRAVO I 182,BRAVA 182,SCUDO Kasten 220L,MAREA Weekend 185,UNO 146A\/E,SCUDO Combinato 220P,FIORINO Kasten 146,TIPO 160,CROMA 154,MAREA 185,FIORINO Pick up 146,SCUDO Pritsche\/Fahrgestell 220_; CITRO\u00cbN: AX ZA-_,ZX N2,JUMPY U6U,JUMPY Kasten BS_, BT_, BY_, BZ_,ZX Break N2; PEUGEOT: 306 Schr\u00e4gheck 7A, 7C, N3, N5,306 Cabriolet 7D, N3, N5,106 I 1A, 1C,205 II 20A\/C,306 7B, N3, N5,205 I Cabriolet 741B, 20D,EXPERT Kasten 222,309 II 3C, 3A,205 I 741A\/C,405 I 15B,605 6B,EXPERT 224,405 II 4B,309 I 10C, 10A,405 II Break 4E,405 I Break 15E,EXPERT Pritsche\/Fahrgestell 223,205 Kasten; VAUXHALL: CALIBRA,ASTRA Mk III F CC,CORSA Mk I B,OMEGA B,ASTRA Mk II CC,VECTRA B CC,FRONTERA Mk I A,CAVALIER Mk III 87,VECTRA B Estate,VECTRA B,FRONTERA Mk I A Sport,ASTRA Mk III F Estate,CAVALIER Mk III CC,COMBO Mk I B,TIGRA Mk I F07,OMEGA B Estate,NOVA,ASTRAVAN Mk III F,CAVALIER Mk II CC,NOVA CC,CARLTON Mk III; 13621284397, 13621357414, 13621709966, 13621709967, 024246, 24246, 46125769, 5972332, 60513205, 60800167, 60808142, 0098424793, 098424793, 98424793, ERR2081, 01338444, 01338451, 01338458, 1338444, 1338451, 1338458, 024246, 133857, 24246, 9357021, 090018835, 090080939, 090410792, 090510183, 90018835, 90080939, 90410792, 90510183, 1332396; J\u00e4\u00e4hdytysnestel\u00e4mp\u00f6tilan Sensori<\/p>\n","protected":false},"excerpt":{"rendered":"<p>FEBI BILSTEIN J\u00e4\u00e4hdytysnesteen L\u00e4mp\u00f6tila Anturi 17695 J\u00e4\u00e4hdytysnestel\u00e4mp\u00f6tilan Sensori BMW,IVECO,VOLVO,3 Compact E36,3 E36,3 E30,3 Coupe E36,5 E34<\/p>\n","protected":false},"featured_media":0,"template":"","meta":{"site-sidebar-layout":"default","site-content-layout":"default","ast-global-header-display":"","ast-main-header-display":"","ast-hfb-above-header-display":"","ast-hfb-below-header-display":"","ast-hfb-mobile-header-display":"","site-post-title":"","ast-breadcrumbs-content":"","ast-featured-img":"","footer-sml-layout":"","theme-transparent-header-meta":"","adv-header-id-meta":"","stick-header-meta":"","header-above-stick-meta":"","header-main-stick-meta":"","header-below-stick-meta":""},"pwb-brand":[50],"product_cat":[200],"product_tag":[],"class_list":{"0":"post-45308","1":"product","2":"type-product","3":"status-publish","5":"pwb-brand-febi-bilstein","6":"product_cat-jaahdytysnesteen-lampotila-anturi","7":"desktop-align-left","8":"tablet-align-left","9":"mobile-align-left","11":"first","12":"instock","13":"product-type-external"},"brands":[{"id":50,"name":"FEBI BILSTEIN","slug":"febi-bilstein"}],"_links":{"self":[{"href":"https:\/\/www.autonvaraosahaku.fi\/index.php?rest_route=\/wp\/v2\/product\/45308","targetHints":{"allow":["GET"]}}],"collection":[{"href":"https:\/\/www.autonvaraosahaku.fi\/index.php?rest_route=\/wp\/v2\/product"}],"about":[{"href":"https:\/\/www.autonvaraosahaku.fi\/index.php?rest_route=\/wp\/v2\/types\/product"}],"wp:attachment":[{"href":"https:\/\/www.autonvaraosahaku.fi\/index.php?rest_route=%2Fwp%2Fv2%2Fmedia&parent=45308"}],"wp:term":[{"taxonomy":"pwb-brand","embeddable":true,"href":"https:\/\/www.autonvaraosahaku.fi\/index.php?rest_route=%2Fwp%2Fv2%2Fpwb-brand&post=45308"},{"taxonomy":"product_cat","embeddable":true,"href":"https:\/\/www.autonvaraosahaku.fi\/index.php?rest_route=%2Fwp%2Fv2%2Fproduct_cat&post=45308"},{"taxonomy":"product_tag","embeddable":true,"href":"https:\/\/www.autonvaraosahaku.fi\/index.php?rest_route=%2Fwp%2Fv2%2Fproduct_tag&post=45308"}],"curies":[{"name":"wp","href":"https:\/\/api.w.org\/{rel}","templated":true}]}}