{"id":45311,"date":"2021-02-21T17:07:10","date_gmt":"2021-02-21T17:07:10","guid":{"rendered":"https:\/\/www.autonvaraosahaku.fi\/?product=mapco-19535-alapallonivel"},"modified":"2021-02-21T17:07:12","modified_gmt":"2021-02-21T17:07:12","slug":"mapco-19535-alapallonivel","status":"publish","type":"product","link":"https:\/\/www.autonvaraosahaku.fi\/?product=mapco-19535-alapallonivel","title":{"rendered":"MAPCO 19535 Alapallonivel"},"content":{"rendered":"<p>Asennuspuoli: etuakseli molemminpuoleinen, Yl\u00e4puolella; Ulkokierre [mm]: M14x1,5; Kartiomitta (mm): 16; Korvaava tuote\/korvaava tiedote 2: Kiinnitysmateriaalilla; Tarvittava kappalem\u00e4\u00e4r\u00e4: 2; FORD: MAVERICK UDS, UNS; NISSAN: TERRANO II R20,PATHFINDER R50,PICK UP D21,TERRANO I WD21,URVAN Bus E24,URVAN Kasten E23,URVAN Kasten E24,URVAN Bus E23; 1954430, 4011001G25, 4011001G26, 40110B9500, 40110T3060, 40110T6000, 40110T6025, D011001G25; Pallonivel<\/p>\n","protected":false},"excerpt":{"rendered":"<p>MAPCO Alapallonivel 19535 Pallonivel FORD,NISSAN,MAVERICK UDS, UNS,TERRANO II R20,PATHFINDER R50,PICK UP D21,TERRANO I WD21,URVAN Bus E24<\/p>\n","protected":false},"featured_media":0,"template":"","meta":{"site-sidebar-layout":"default","site-content-layout":"default","ast-global-header-display":"","ast-main-header-display":"","ast-hfb-above-header-display":"","ast-hfb-below-header-display":"","ast-hfb-mobile-header-display":"","site-post-title":"","ast-breadcrumbs-content":"","ast-featured-img":"","footer-sml-layout":"","theme-transparent-header-meta":"","adv-header-id-meta":"","stick-header-meta":"","header-above-stick-meta":"","header-main-stick-meta":"","header-below-stick-meta":""},"pwb-brand":[36],"product_cat":[93],"product_tag":[],"class_list":{"0":"post-45311","1":"product","2":"type-product","3":"status-publish","5":"pwb-brand-mapco","6":"product_cat-alapallonivel","7":"desktop-align-left","8":"tablet-align-left","9":"mobile-align-left","11":"first","12":"instock","13":"product-type-external"},"brands":[{"id":36,"name":"MAPCO","slug":"mapco"}],"_links":{"self":[{"href":"https:\/\/www.autonvaraosahaku.fi\/index.php?rest_route=\/wp\/v2\/product\/45311","targetHints":{"allow":["GET"]}}],"collection":[{"href":"https:\/\/www.autonvaraosahaku.fi\/index.php?rest_route=\/wp\/v2\/product"}],"about":[{"href":"https:\/\/www.autonvaraosahaku.fi\/index.php?rest_route=\/wp\/v2\/types\/product"}],"wp:attachment":[{"href":"https:\/\/www.autonvaraosahaku.fi\/index.php?rest_route=%2Fwp%2Fv2%2Fmedia&parent=45311"}],"wp:term":[{"taxonomy":"pwb-brand","embeddable":true,"href":"https:\/\/www.autonvaraosahaku.fi\/index.php?rest_route=%2Fwp%2Fv2%2Fpwb-brand&post=45311"},{"taxonomy":"product_cat","embeddable":true,"href":"https:\/\/www.autonvaraosahaku.fi\/index.php?rest_route=%2Fwp%2Fv2%2Fproduct_cat&post=45311"},{"taxonomy":"product_tag","embeddable":true,"href":"https:\/\/www.autonvaraosahaku.fi\/index.php?rest_route=%2Fwp%2Fv2%2Fproduct_tag&post=45311"}],"curies":[{"name":"wp","href":"https:\/\/api.w.org\/{rel}","templated":true}]}}