{"id":45314,"date":"2021-02-21T17:07:10","date_gmt":"2021-02-21T17:07:10","guid":{"rendered":"https:\/\/www.autonvaraosahaku.fi\/?product=febi-bilstein-16617-jarrupalat"},"modified":"2021-02-21T17:07:13","modified_gmt":"2021-02-21T17:07:13","slug":"febi-bilstein-16617-jarrupalat","status":"publish","type":"product","link":"https:\/\/www.autonvaraosahaku.fi\/?product=febi-bilstein-16617-jarrupalat","title":{"rendered":"FEBI BILSTEIN 16617 Jarrupalat"},"content":{"rendered":"<p>Pituus (mm): 146; Leveys (mm): 54,7; Tarkistuskilpi: ECE R90 Approved; Asennuspuoli: Etuakseli; Paksuus 1 [mm]: 19,8; Paino [kg]: 1,62; Kulumisenilmaisimen liitos: Sis. kulumisenilmaisimen, Sis. kulumisenilmaisimen; M\u00e4\u00e4r\u00e4yksikk\u00f6: Akselisarja; Jarrulevyl\u00e4pimitalle [mm]: 280; VW: GOLF IV 1J1,GOLF V 1K1,GOLF PLUS 5M1, 521,GOLF IV Variant 1J5,CADDY III Kombi 2KB, 2KJ, 2CB, 2CJ,GOLF VI Variant AJ5,GOLF V Variant 1K5,CADDY III Kasten 2KA, 2KH, 2CA, 2CH,JETTA III 1K2,BEETLE 5C1,GOLF IV Van 1J1; AUDI: A3 8P1,A3 Sportback 8PA; SKODA: OCTAVIA Combi 1Z5,OCTAVIA 1Z3; SEAT: LEON 1P1,ALTEA 5P1,TOLEDO III 5P2; 1K0698151A, 1K0698151A, JZW698151, 1K0698151A, JZW698151, 1K0698151A, JZW698151; Jarrupalasarja,Jarrupala, Levyjarru<\/p>\n","protected":false},"excerpt":{"rendered":"<p>FEBI BILSTEIN Jarrupalat 16617 Jarrupalasarja,Jarrupala, Levyjarru VW,AUDI,SKODA,GOLF IV 1J1,GOLF V 1K1,GOLF PLUS 5M1, 521,GOLF IV Variant 1J5<\/p>\n","protected":false},"featured_media":0,"template":"","meta":{"site-sidebar-layout":"default","site-content-layout":"default","ast-global-header-display":"","ast-main-header-display":"","ast-hfb-above-header-display":"","ast-hfb-below-header-display":"","ast-hfb-mobile-header-display":"","site-post-title":"","ast-breadcrumbs-content":"","ast-featured-img":"","footer-sml-layout":"","theme-transparent-header-meta":"","adv-header-id-meta":"","stick-header-meta":"","header-above-stick-meta":"","header-main-stick-meta":"","header-below-stick-meta":""},"pwb-brand":[50],"product_cat":[100],"product_tag":[],"class_list":{"0":"post-45314","1":"product","2":"type-product","3":"status-publish","5":"pwb-brand-febi-bilstein","6":"product_cat-jarrupalat","7":"desktop-align-left","8":"tablet-align-left","9":"mobile-align-left","11":"first","12":"instock","13":"product-type-external"},"brands":[{"id":50,"name":"FEBI BILSTEIN","slug":"febi-bilstein"}],"_links":{"self":[{"href":"https:\/\/www.autonvaraosahaku.fi\/index.php?rest_route=\/wp\/v2\/product\/45314","targetHints":{"allow":["GET"]}}],"collection":[{"href":"https:\/\/www.autonvaraosahaku.fi\/index.php?rest_route=\/wp\/v2\/product"}],"about":[{"href":"https:\/\/www.autonvaraosahaku.fi\/index.php?rest_route=\/wp\/v2\/types\/product"}],"wp:attachment":[{"href":"https:\/\/www.autonvaraosahaku.fi\/index.php?rest_route=%2Fwp%2Fv2%2Fmedia&parent=45314"}],"wp:term":[{"taxonomy":"pwb-brand","embeddable":true,"href":"https:\/\/www.autonvaraosahaku.fi\/index.php?rest_route=%2Fwp%2Fv2%2Fpwb-brand&post=45314"},{"taxonomy":"product_cat","embeddable":true,"href":"https:\/\/www.autonvaraosahaku.fi\/index.php?rest_route=%2Fwp%2Fv2%2Fproduct_cat&post=45314"},{"taxonomy":"product_tag","embeddable":true,"href":"https:\/\/www.autonvaraosahaku.fi\/index.php?rest_route=%2Fwp%2Fv2%2Fproduct_tag&post=45314"}],"curies":[{"name":"wp","href":"https:\/\/api.w.org\/{rel}","templated":true}]}}