{"id":45336,"date":"2021-02-21T17:07:15","date_gmt":"2021-02-21T17:07:15","guid":{"rendered":"https:\/\/www.autonvaraosahaku.fi\/?product=febi-bilstein-24504-jakopaan-koppa"},"modified":"2021-02-21T17:07:19","modified_gmt":"2021-02-21T17:07:19","slug":"febi-bilstein-24504-jakopaan-koppa","status":"publish","type":"product","link":"https:\/\/www.autonvaraosahaku.fi\/?product=febi-bilstein-24504-jakopaan-koppa","title":{"rendered":"FEBI BILSTEIN 24504 Jakop\u00e4\u00e4n koppa"},"content":{"rendered":"<p>V\u00e4ri: Musta; Materiaali: Muovi; Asennuspuoli: Edess\u00e4, Yl\u00e4puolella; Paino [kg]: 0,167, 0,167; Huomioi tekniset tiedot: ; VW: TRANSPORTER IV Bus 70XB, 70XC, 7DB, 7DW,GOLF III 1H1,GOLF II 19E, 1G1,PASSAT Variant 3A5, 35I,GOLF III Variant 1H5,PASSAT 3A2, 35I,CADDY II Kasten 9K9A,TRANSPORTER IV Pritsche\/Fahrgestell 70XD,POLO CLASSIC 6KV2,VENTO 1H2,CADDY I 14,JETTA II 19E, 1G2, 165,PASSAT Variant 32B,CADDY II Kombi 9K9B,PASSAT 32B,PASSAT Stufenheck 32B,GOLF III Van 1H1; AUDI: 80 8C, B4,80 89, 89Q, 8A, B3,100 4A, C4,80 Avant 8C, B4,100 44, 44Q, C3,COUPE 89, 8B,100 Avant 4A, C4,100 Avant 44, 44Q, C3,COUPE 81, 85; SEAT: IBIZA II 6K1,CORDOBA 6K1, 6K2,CORDOBA Vario 6K1,TOLEDO I 1L,INCA 6K9; 026109107A, 026109107B, 26109107A, 26109107B, 026109107B, 26109107B, 026109107A, 026109107B, 26109107A, 26109107B; Jakop\u00e4\u00e4n Kansi,Jakop\u00e4\u00e4n Kotelo,Kotelo, Hammashihna<\/p>\n","protected":false},"excerpt":{"rendered":"<p>FEBI BILSTEIN Jakop\u00e4\u00e4n Koppa 24504 Jakop\u00e4\u00e4n Kansi,Jakop\u00e4\u00e4n Kotelo VW,AUDI,SEAT,TRANSPORTER IV Bus 70XB, 70XC, 7DB, 7DW,GOLF III 1H1,GOLF II 19E, 1G1<\/p>\n","protected":false},"featured_media":0,"template":"","meta":{"site-sidebar-layout":"default","site-content-layout":"default","ast-global-header-display":"","ast-main-header-display":"","ast-hfb-above-header-display":"","ast-hfb-below-header-display":"","ast-hfb-mobile-header-display":"","site-post-title":"","ast-breadcrumbs-content":"","ast-featured-img":"","footer-sml-layout":"","theme-transparent-header-meta":"","adv-header-id-meta":"","stick-header-meta":"","header-above-stick-meta":"","header-main-stick-meta":"","header-below-stick-meta":""},"pwb-brand":[50],"product_cat":[255],"product_tag":[],"class_list":{"0":"post-45336","1":"product","2":"type-product","3":"status-publish","5":"pwb-brand-febi-bilstein","6":"product_cat-jakopaan-koppa","7":"desktop-align-left","8":"tablet-align-left","9":"mobile-align-left","11":"first","12":"instock","13":"product-type-external"},"brands":[{"id":50,"name":"FEBI BILSTEIN","slug":"febi-bilstein"}],"_links":{"self":[{"href":"https:\/\/www.autonvaraosahaku.fi\/index.php?rest_route=\/wp\/v2\/product\/45336","targetHints":{"allow":["GET"]}}],"collection":[{"href":"https:\/\/www.autonvaraosahaku.fi\/index.php?rest_route=\/wp\/v2\/product"}],"about":[{"href":"https:\/\/www.autonvaraosahaku.fi\/index.php?rest_route=\/wp\/v2\/types\/product"}],"wp:attachment":[{"href":"https:\/\/www.autonvaraosahaku.fi\/index.php?rest_route=%2Fwp%2Fv2%2Fmedia&parent=45336"}],"wp:term":[{"taxonomy":"pwb-brand","embeddable":true,"href":"https:\/\/www.autonvaraosahaku.fi\/index.php?rest_route=%2Fwp%2Fv2%2Fpwb-brand&post=45336"},{"taxonomy":"product_cat","embeddable":true,"href":"https:\/\/www.autonvaraosahaku.fi\/index.php?rest_route=%2Fwp%2Fv2%2Fproduct_cat&post=45336"},{"taxonomy":"product_tag","embeddable":true,"href":"https:\/\/www.autonvaraosahaku.fi\/index.php?rest_route=%2Fwp%2Fv2%2Fproduct_tag&post=45336"}],"curies":[{"name":"wp","href":"https:\/\/api.w.org\/{rel}","templated":true}]}}