{"id":45385,"date":"2021-02-21T17:07:31","date_gmt":"2021-02-21T17:07:31","guid":{"rendered":"https:\/\/www.autonvaraosahaku.fi\/?product=hjs-82-22-4313-pakoputken-asennussarja"},"modified":"2021-02-21T17:07:33","modified_gmt":"2021-02-21T17:07:33","slug":"hjs-82-22-4313-pakoputken-asennussarja","status":"publish","type":"product","link":"https:\/\/www.autonvaraosahaku.fi\/?product=hjs-82-22-4313-pakoputken-asennussarja","title":{"rendered":"HJS 82 22 4313 Pakoputken asennussarja"},"content":{"rendered":"<p>Pakoputkisto: takavaimentimelle; Vain jnk. yhteydess\u00e4: OE-Schalld\u00e4mpfer; Asennuspuoli: Edess\u00e4; L\u00e4pimitta 1 [mm]: 45; Moottorinumero: 9HR (DV6C); PEUGEOT: 207 WA_, WC_,207 CC WD_,207 SW WK_,208,2008; CITRO\u00cbN: C3 Picasso; 1607707080, 173087, 173088, 1730AC, 1730AF, 1730JP, 1730KT, 1730T4, PSA4285, PSA4352, 173079, 173080, 173082, 173084, 173085, 173087, 173088, 1730AA, 1730AE, 1730AF, 1730HW, 1730HX, 1730JN, 1730JP, 1730KT, 1730T4, 1730X1, PSA4253, PSA4285, PSA4300, PSA4314, PSA4352; Pakoputken Kannatinkumi,Pidike, Vaimennin<\/p>\n","protected":false},"excerpt":{"rendered":"<p>HJS Pakoputken Kannatin 82 22 4313 Pakoputken Kannatinkumi,Pidike, Vaimennin PEUGEOT,CITRO\u00cbN,207 WA_, WC_,207 CC WD_,207 SW WK_,208,2008,C3 Picasso<\/p>\n","protected":false},"featured_media":0,"template":"","meta":{"site-sidebar-layout":"default","site-content-layout":"default","ast-global-header-display":"","ast-main-header-display":"","ast-hfb-above-header-display":"","ast-hfb-below-header-display":"","ast-hfb-mobile-header-display":"","site-post-title":"","ast-breadcrumbs-content":"","ast-featured-img":"","footer-sml-layout":"","theme-transparent-header-meta":"","adv-header-id-meta":"","stick-header-meta":"","header-above-stick-meta":"","header-main-stick-meta":"","header-below-stick-meta":""},"pwb-brand":[344],"product_cat":[101],"product_tag":[],"class_list":{"0":"post-45385","1":"product","2":"type-product","3":"status-publish","5":"pwb-brand-hjs","6":"product_cat-pakoputken-asennussarja","7":"desktop-align-left","8":"tablet-align-left","9":"mobile-align-left","11":"first","12":"instock","13":"product-type-external"},"brands":[{"id":344,"name":"HJS","slug":"hjs"}],"_links":{"self":[{"href":"https:\/\/www.autonvaraosahaku.fi\/index.php?rest_route=\/wp\/v2\/product\/45385","targetHints":{"allow":["GET"]}}],"collection":[{"href":"https:\/\/www.autonvaraosahaku.fi\/index.php?rest_route=\/wp\/v2\/product"}],"about":[{"href":"https:\/\/www.autonvaraosahaku.fi\/index.php?rest_route=\/wp\/v2\/types\/product"}],"wp:attachment":[{"href":"https:\/\/www.autonvaraosahaku.fi\/index.php?rest_route=%2Fwp%2Fv2%2Fmedia&parent=45385"}],"wp:term":[{"taxonomy":"pwb-brand","embeddable":true,"href":"https:\/\/www.autonvaraosahaku.fi\/index.php?rest_route=%2Fwp%2Fv2%2Fpwb-brand&post=45385"},{"taxonomy":"product_cat","embeddable":true,"href":"https:\/\/www.autonvaraosahaku.fi\/index.php?rest_route=%2Fwp%2Fv2%2Fproduct_cat&post=45385"},{"taxonomy":"product_tag","embeddable":true,"href":"https:\/\/www.autonvaraosahaku.fi\/index.php?rest_route=%2Fwp%2Fv2%2Fproduct_tag&post=45385"}],"curies":[{"name":"wp","href":"https:\/\/api.w.org\/{rel}","templated":true}]}}