{"id":45401,"date":"2021-02-21T17:07:37","date_gmt":"2021-02-21T17:07:37","guid":{"rendered":"https:\/\/www.autonvaraosahaku.fi\/?product=febi-bilstein-23907-anturit-sensorit"},"modified":"2021-02-21T17:07:37","modified_gmt":"2021-02-21T17:07:37","slug":"febi-bilstein-23907-anturit-sensorit","status":"publish","type":"product","link":"https:\/\/www.autonvaraosahaku.fi\/?product=febi-bilstein-23907-anturit-sensorit","title":{"rendered":"FEBI BILSTEIN 23907 Anturit (sensorit)"},"content":{"rendered":"<p>Pituus (mm): 111; Liittimi\u00e4: 3; Paino [kg]: 0,091; Lis\u00e4tarvike\/lis\u00e4tieto: Tiivisteill\u00e4; Huomioi huolto-ohjeet: , ; TECDOC-moottorinumero: 28384; BMW: 3 E46,3 Touring E91,3 E90,5 E39,5 E60,1 E87,5 Touring E61,3 Touring E46,X3 E83,5 Touring E39,3 Compact E46,3 Coupe E46,1 E81,3 Compact E36,X5 E53,3 Coupe E92,3 Cabriolet E46,7 E38,Z3 E36,Z4 E85,3 Cabriolet E93,7 E65, E66, E67,1 Cabriolet E88,1 Coupe E82,Z3 Coupe E36,Z8 E52; LAND ROVER: FREELANDER LN; ROVER: 75 RJ; 12611433596, 12611439810, 12617508003, LSB102970L, LSB102970LS1, LSB102970, LSB102970S1, 9266374; \u00d6ljyn Tasoanturi,Tunnistin, Moottori\u00f6ljyn Taso<\/p>\n","protected":false},"excerpt":{"rendered":"<p>FEBI BILSTEIN \u00d6ljytason Anturi febi Plus 23907 \u00d6ljyn Tasoanturi,Tunnistin, Moottori\u00f6ljyn Taso BMW,LAND ROVER,ROVER,3 E46,3 Touring E91,3 E90,5 E39<\/p>\n","protected":false},"featured_media":0,"template":"","meta":{"site-sidebar-layout":"default","site-content-layout":"default","ast-global-header-display":"","ast-main-header-display":"","ast-hfb-above-header-display":"","ast-hfb-below-header-display":"","ast-hfb-mobile-header-display":"","site-post-title":"","ast-breadcrumbs-content":"","ast-featured-img":"","footer-sml-layout":"","theme-transparent-header-meta":"","adv-header-id-meta":"","stick-header-meta":"","header-above-stick-meta":"","header-main-stick-meta":"","header-below-stick-meta":""},"pwb-brand":[50],"product_cat":[98],"product_tag":[],"class_list":{"0":"post-45401","1":"product","2":"type-product","3":"status-publish","5":"pwb-brand-febi-bilstein","6":"product_cat-anturit-sensorit","7":"desktop-align-left","8":"tablet-align-left","9":"mobile-align-left","11":"first","12":"instock","13":"product-type-external"},"brands":[{"id":50,"name":"FEBI BILSTEIN","slug":"febi-bilstein"}],"_links":{"self":[{"href":"https:\/\/www.autonvaraosahaku.fi\/index.php?rest_route=\/wp\/v2\/product\/45401","targetHints":{"allow":["GET"]}}],"collection":[{"href":"https:\/\/www.autonvaraosahaku.fi\/index.php?rest_route=\/wp\/v2\/product"}],"about":[{"href":"https:\/\/www.autonvaraosahaku.fi\/index.php?rest_route=\/wp\/v2\/types\/product"}],"wp:attachment":[{"href":"https:\/\/www.autonvaraosahaku.fi\/index.php?rest_route=%2Fwp%2Fv2%2Fmedia&parent=45401"}],"wp:term":[{"taxonomy":"pwb-brand","embeddable":true,"href":"https:\/\/www.autonvaraosahaku.fi\/index.php?rest_route=%2Fwp%2Fv2%2Fpwb-brand&post=45401"},{"taxonomy":"product_cat","embeddable":true,"href":"https:\/\/www.autonvaraosahaku.fi\/index.php?rest_route=%2Fwp%2Fv2%2Fproduct_cat&post=45401"},{"taxonomy":"product_tag","embeddable":true,"href":"https:\/\/www.autonvaraosahaku.fi\/index.php?rest_route=%2Fwp%2Fv2%2Fproduct_tag&post=45401"}],"curies":[{"name":"wp","href":"https:\/\/api.w.org\/{rel}","templated":true}]}}