{"id":45412,"date":"2021-02-21T17:07:37","date_gmt":"2021-02-21T17:07:37","guid":{"rendered":"https:\/\/www.autonvaraosahaku.fi\/?product=fa1-771-955-pakosarjan-tiivisteet"},"modified":"2021-02-21T17:07:40","modified_gmt":"2021-02-21T17:07:40","slug":"fa1-771-955-pakosarjan-tiivisteet","status":"publish","type":"product","link":"https:\/\/www.autonvaraosahaku.fi\/?product=fa1-771-955-pakosarjan-tiivisteet","title":{"rendered":"FA1 771-955 Pakosarjan tiivisteet"},"content":{"rendered":"<p>Sis\u00e4l\u00e4pimitta [mm]: 56; Ulkol\u00e4pimitta [mm]: 68; Korkeus (mm): 5,2; Pakoputkisto: f\u00fcr Abgasrohr; VW: TARO; MAZDA: MX-5 II NB,323 F VI BJ,PREMACY CP,626 V Hatchback GF,FAMILIA V BA,MPV II LW,626 V GF,626 V Station Wagon GW,B-SERIE UN,FAMILIA V BG8,B-SERIE UF,B-SERIE Pritsche\/Fahrgestell UF; NISSAN: PRIMERA P11,PRIMERA Traveller W10; LEXUS: ES F1, F2; HONDA: ACCORD VI CG, CK,ACCORD IV CB; ROVER: 600 RH; SUZUKI: GRAND VITARA II JT,SX4 EY, GY; OPEL: FRONTERA B 6B_,MONTEREY B; FORD: RANGER ER, EQ; TOYOTA: RAV 4 I SXA1_,MR 2 II SW2_,COROLLA Compact _E10_,CARINA E _T19_,LAND CRUISER PZJ7_, KZJ7_, HZJ7_, BJ7_, LJ7_, RJ7_,CELICA ST20_, AT20_,LAND CRUISER 80 _J8_,LAND CRUISER _J4_,CARINA E Stufenheck _T19_,CELICA Coupe AT18_, ST18_,CARINA E Sportswagon _T19_,HILUX VI Pick-up _N1_,LAND CRUISER _J6_,RAV 4 \u00a0 SXA1_,CAMRY _CV2_, _XV2_,HILUX V Pick-up LN_, KZN1_, VZN1_,4 RUNNER RN10_, VZN13_, VZN10_, RN13_,COROLLA Liftback _E10_,COROLLA Liftback _E9_,HIACE IV Bus LH1_,LAND CRUISER VDJ20_, UZJ20_,COROLLA _E10_,HIACE IV Kasten LXH1_, RZH1_, LH1_,CARINA II _T17_,LAND CRUISER Pick-up _J7_,CAMRY _CV1_, _XV1_, _V1_,HIACE III Wagon LH1_, RZH1_,CARINA II Stufenheck _T17_,COROLLA Compact _E9_,LAND CRUISER Hardtop _J7_,HILUX IV Pick-up _N5_, _N6_,CAMRY Station Wagon _XV1_, _CV1_, _V10,COROLLA Wagon _E10_,CAMRY _V2_,HILUX II Pritsche\/Fahrgestell LN6_, LN5_, YN6_, YN5_, VZN1_,COROLLA Station Wagon _E9_,LAND CRUISER Pick-up _J4_,COROLLA _E9_,HIACE III Kasten YH7_, LH6_, LH7_, LH5_, YH5_, YH6_,4; 71746807, 71746812, 3670557, 8971020311, KL1540305, WL4240305, Z52040305, 854963, 97102031, 1418465J00, 1418465J00000, 9091706005, 9091706041, 9091706042, 9091706049, 9091706066, 90917T6001<\/p>\n","protected":false},"excerpt":{"rendered":"<p>FA1 Tiivisterengas, Pakoputki 771-955  VW,MAZDA,NISSAN,TARO,MX-5 II NB,323 F VI BJ,PREMACY CP,626 V Hatchback GF,FAMILIA V BA,MPV II LW,626 V GF<\/p>\n","protected":false},"featured_media":0,"template":"","meta":{"site-sidebar-layout":"default","site-content-layout":"default","ast-global-header-display":"","ast-main-header-display":"","ast-hfb-above-header-display":"","ast-hfb-below-header-display":"","ast-hfb-mobile-header-display":"","site-post-title":"","ast-breadcrumbs-content":"","ast-featured-img":"","footer-sml-layout":"","theme-transparent-header-meta":"","adv-header-id-meta":"","stick-header-meta":"","header-above-stick-meta":"","header-main-stick-meta":"","header-below-stick-meta":""},"pwb-brand":[39],"product_cat":[123],"product_tag":[],"class_list":{"0":"post-45412","1":"product","2":"type-product","3":"status-publish","5":"pwb-brand-fa1","6":"product_cat-pakosarjan-tiivisteet","7":"desktop-align-left","8":"tablet-align-left","9":"mobile-align-left","11":"first","12":"instock","13":"product-type-external"},"brands":[{"id":39,"name":"FA1","slug":"fa1"}],"_links":{"self":[{"href":"https:\/\/www.autonvaraosahaku.fi\/index.php?rest_route=\/wp\/v2\/product\/45412","targetHints":{"allow":["GET"]}}],"collection":[{"href":"https:\/\/www.autonvaraosahaku.fi\/index.php?rest_route=\/wp\/v2\/product"}],"about":[{"href":"https:\/\/www.autonvaraosahaku.fi\/index.php?rest_route=\/wp\/v2\/types\/product"}],"wp:attachment":[{"href":"https:\/\/www.autonvaraosahaku.fi\/index.php?rest_route=%2Fwp%2Fv2%2Fmedia&parent=45412"}],"wp:term":[{"taxonomy":"pwb-brand","embeddable":true,"href":"https:\/\/www.autonvaraosahaku.fi\/index.php?rest_route=%2Fwp%2Fv2%2Fpwb-brand&post=45412"},{"taxonomy":"product_cat","embeddable":true,"href":"https:\/\/www.autonvaraosahaku.fi\/index.php?rest_route=%2Fwp%2Fv2%2Fproduct_cat&post=45412"},{"taxonomy":"product_tag","embeddable":true,"href":"https:\/\/www.autonvaraosahaku.fi\/index.php?rest_route=%2Fwp%2Fv2%2Fproduct_tag&post=45412"}],"curies":[{"name":"wp","href":"https:\/\/api.w.org\/{rel}","templated":true}]}}