{"id":45420,"date":"2021-02-21T17:07:42","date_gmt":"2021-02-21T17:07:42","guid":{"rendered":"https:\/\/www.autonvaraosahaku.fi\/?product=optimal-992722-pyoranlaakerit"},"modified":"2021-02-21T17:07:43","modified_gmt":"2021-02-21T17:07:43","slug":"optimal-992722-pyoranlaakerit","status":"publish","type":"product","link":"https:\/\/www.autonvaraosahaku.fi\/?product=optimal-992722-pyoranlaakerit","title":{"rendered":"OPTIMAL 992722 Py\u00f6r\u00e4nlaakerit"},"content":{"rendered":"<p>Asennuspuoli: Taka-akseli, Oikea, Vasen; Leveys (mm): 17,905; Sis\u00e4l\u00e4pimitta [mm]: 35,61; Ulkol\u00e4pimitta [mm]: 57,26; Tasauspy\u00f6r\u00e4st\u00f6-tunnus: Dana\/Spicer 35; JEEP: WRANGLER III JK,GRAND CHEROKEE I ZJ,CHEROKEE XJ,WRANGLER II TJ,WRANGLER I YJ, SJ_,COMANCHE MJ; FORD USA: MUSTANG Coupe C,RANGER,MUSTANG Convertible C; 1F7026151, 1L2Z3A379AA, 3W1Z1225AA, 4C3Z7065BA, C7AW1225A, C7AZ1225A, E0AZ1225A, E3TZ3C123B, E3ZZ7F431B, E5SZ1225A, J8134586, J8134586AB, ZZL126151, 8124071, 8126500, 8134586, 8134586AB, J8124071, J8126500, J8134586, J8134586AB; Py\u00f6r\u00e4nlaakerisarja<\/p>\n","protected":false},"excerpt":{"rendered":"<p>OPTIMAL Py\u00f6r\u00e4nlaakerit 992722 Py\u00f6r\u00e4nlaakerisarja JEEP,FORD USA,WRANGLER III JK,GRAND CHEROKEE I ZJ,CHEROKEE XJ,WRANGLER II TJ,WRANGLER I YJ, SJ_<\/p>\n","protected":false},"featured_media":0,"template":"","meta":{"site-sidebar-layout":"default","site-content-layout":"default","ast-global-header-display":"","ast-main-header-display":"","ast-hfb-above-header-display":"","ast-hfb-below-header-display":"","ast-hfb-mobile-header-display":"","site-post-title":"","ast-breadcrumbs-content":"","ast-featured-img":"","footer-sml-layout":"","theme-transparent-header-meta":"","adv-header-id-meta":"","stick-header-meta":"","header-above-stick-meta":"","header-main-stick-meta":"","header-below-stick-meta":""},"pwb-brand":[307],"product_cat":[83],"product_tag":[],"class_list":{"0":"post-45420","1":"product","2":"type-product","3":"status-publish","5":"pwb-brand-optimal","6":"product_cat-pyoranlaakerit","7":"desktop-align-left","8":"tablet-align-left","9":"mobile-align-left","11":"first","12":"instock","13":"product-type-external"},"brands":[{"id":307,"name":"OPTIMAL","slug":"optimal"}],"_links":{"self":[{"href":"https:\/\/www.autonvaraosahaku.fi\/index.php?rest_route=\/wp\/v2\/product\/45420","targetHints":{"allow":["GET"]}}],"collection":[{"href":"https:\/\/www.autonvaraosahaku.fi\/index.php?rest_route=\/wp\/v2\/product"}],"about":[{"href":"https:\/\/www.autonvaraosahaku.fi\/index.php?rest_route=\/wp\/v2\/types\/product"}],"wp:attachment":[{"href":"https:\/\/www.autonvaraosahaku.fi\/index.php?rest_route=%2Fwp%2Fv2%2Fmedia&parent=45420"}],"wp:term":[{"taxonomy":"pwb-brand","embeddable":true,"href":"https:\/\/www.autonvaraosahaku.fi\/index.php?rest_route=%2Fwp%2Fv2%2Fpwb-brand&post=45420"},{"taxonomy":"product_cat","embeddable":true,"href":"https:\/\/www.autonvaraosahaku.fi\/index.php?rest_route=%2Fwp%2Fv2%2Fproduct_cat&post=45420"},{"taxonomy":"product_tag","embeddable":true,"href":"https:\/\/www.autonvaraosahaku.fi\/index.php?rest_route=%2Fwp%2Fv2%2Fproduct_tag&post=45420"}],"curies":[{"name":"wp","href":"https:\/\/api.w.org\/{rel}","templated":true}]}}