{"id":45421,"date":"2021-02-21T17:07:42","date_gmt":"2021-02-21T17:07:42","guid":{"rendered":"https:\/\/www.autonvaraosahaku.fi\/?product=fa1-113-904-pakoputken-asennussarja"},"modified":"2021-02-21T17:07:43","modified_gmt":"2021-02-21T17:07:43","slug":"fa1-113-904-pakoputken-asennussarja","status":"publish","type":"product","link":"https:\/\/www.autonvaraosahaku.fi\/?product=fa1-113-904-pakoputken-asennussarja","title":{"rendered":"FA1 113-904 Pakoputken asennussarja"},"content":{"rendered":"<p>Materiaali: Kumi; Tarvittava kappalem\u00e4\u00e4r\u00e4: 4; VW: GOLF II 19E, 1G1,POLO 86C, 80,POLO Coupe 86C, 80,CADDY I 14,JETTA II 19E, 1G2, 165,PASSAT Variant 32B,POLO CLASSIC 86C, 80,PASSAT 32B,CADDY II Pick-up 9U7,ILTIS 183,POLO Kasten 86CF,PASSAT 32,PASSAT Variant 33,SANTANA 32B; AUDI: 100 44, 44Q, C3,80 81, 85, B2,100 Avant 44, 44Q, C3,COUPE 81, 85,200 44, 44Q,80 80, 82, B1,200 Avant 44, 44Q,200 43; SKODA: FELICIA I 6U1,FELICIA II 6U1,FELICIA I Fun 797,FELICIA I Kombi 6U5,FELICIA II Kombi 6U5,FAVORIT 781,FAVORIT Forman 785,FAVORIT Pick-up 787; SEAT: TERRA Kasten 024A,TERRA 24; LADA: 111 2111,SAMARA 2108, 2109, 2115, 2113, 2114,112 2112,SAMARA Stufenheck 21099, 2115; TRABANT: 1.1,1.1 Universal,1.1 Tramp; WARTBURG: 353 Tourist; 96351182, 21011203073, 2101120307320, 817253147, 823253147A, 5322110102<\/p>\n","protected":false},"excerpt":{"rendered":"<p>FA1 Pidike, Pakoputkisto 113-904  VW,AUDI,SKODA,GOLF II 19E, 1G1,POLO 86C, 80,POLO Coupe 86C, 80,CADDY I 14,JETTA II 19E, 1G2, 165,PASSAT Variant 32B<\/p>\n","protected":false},"featured_media":0,"template":"","meta":{"site-sidebar-layout":"default","site-content-layout":"default","ast-global-header-display":"","ast-main-header-display":"","ast-hfb-above-header-display":"","ast-hfb-below-header-display":"","ast-hfb-mobile-header-display":"","site-post-title":"","ast-breadcrumbs-content":"","ast-featured-img":"","footer-sml-layout":"","theme-transparent-header-meta":"","adv-header-id-meta":"","stick-header-meta":"","header-above-stick-meta":"","header-main-stick-meta":"","header-below-stick-meta":""},"pwb-brand":[39],"product_cat":[101],"product_tag":[],"class_list":{"0":"post-45421","1":"product","2":"type-product","3":"status-publish","5":"pwb-brand-fa1","6":"product_cat-pakoputken-asennussarja","7":"desktop-align-left","8":"tablet-align-left","9":"mobile-align-left","11":"first","12":"instock","13":"product-type-external"},"brands":[{"id":39,"name":"FA1","slug":"fa1"}],"_links":{"self":[{"href":"https:\/\/www.autonvaraosahaku.fi\/index.php?rest_route=\/wp\/v2\/product\/45421","targetHints":{"allow":["GET"]}}],"collection":[{"href":"https:\/\/www.autonvaraosahaku.fi\/index.php?rest_route=\/wp\/v2\/product"}],"about":[{"href":"https:\/\/www.autonvaraosahaku.fi\/index.php?rest_route=\/wp\/v2\/types\/product"}],"wp:attachment":[{"href":"https:\/\/www.autonvaraosahaku.fi\/index.php?rest_route=%2Fwp%2Fv2%2Fmedia&parent=45421"}],"wp:term":[{"taxonomy":"pwb-brand","embeddable":true,"href":"https:\/\/www.autonvaraosahaku.fi\/index.php?rest_route=%2Fwp%2Fv2%2Fpwb-brand&post=45421"},{"taxonomy":"product_cat","embeddable":true,"href":"https:\/\/www.autonvaraosahaku.fi\/index.php?rest_route=%2Fwp%2Fv2%2Fproduct_cat&post=45421"},{"taxonomy":"product_tag","embeddable":true,"href":"https:\/\/www.autonvaraosahaku.fi\/index.php?rest_route=%2Fwp%2Fv2%2Fproduct_tag&post=45421"}],"curies":[{"name":"wp","href":"https:\/\/api.w.org\/{rel}","templated":true}]}}