{"id":45446,"date":"2021-02-21T17:07:48","date_gmt":"2021-02-21T17:07:48","guid":{"rendered":"https:\/\/www.autonvaraosahaku.fi\/?product=febi-bilstein-36830-jarrulevyt"},"modified":"2021-02-21T17:07:50","modified_gmt":"2021-02-21T17:07:50","slug":"febi-bilstein-36830-jarrulevyt","status":"publish","type":"product","link":"https:\/\/www.autonvaraosahaku.fi\/?product=febi-bilstein-36830-jarrulevyt","title":{"rendered":"FEBI BILSTEIN 36830 Jarrulevyt"},"content":{"rendered":"<p>Jarrulevyn paksuus (mm): 10; Kiinnitysreikien lukum\u00e4\u00e4r\u00e4: 4, 2; Paksuus [mm]: 50,7; Ulkol\u00e4pimitta [mm]: 251,0; Reik\u00e4ympyr\u00e4-\u00d8 [mm]: 98; Pinta: pinnoitettu; Jarrulevytyyppi: Vakiomalli; Asennuspuoli: Taka-akseli; V\u00e4himm\u00e4ispaksuus (mm): 9; Paino [kg]: 3,81; keskitt\u00e4misl\u00e4pimitta [mm]: 59, 59,04; Moottorinumero: 198A3000; LANCIA: DELTA III 844,LYBRA SW 839BX,LYBRA 839AX,THEMA 834,THEMA SW 834; FIAT: STILO 192,BRAVO II 198,STILO Multi Wagon 192,MULTIPLA 186,LINEA 323,CROMA 154; ALFA ROMEO: 164 164; 164062610001, 46758715, 60569164, 60653479, 60658566, 60801390, 60801753, 60801755, 60801786, 60801787, 71738913, 71770930, 71772264, 7789267, 82394417, 82418684, 82434070, 82439939, 82440275, 0046831042, 0082434070, 46831042, 82434070, 46758715, 46831042, 60569164, 60653479, 60658566, 60801390, 60801753, 60801755, 60801786, 60801787, 71738913, 71770930, 71772264, 7789267, 82394417, 82394418, 82418684, 82433859, 82434070, 82439939, 82440275, 46758715, 46831042, 60569164, 60658566, 60801390, 60801753, 60801755, 60801787, 71738913, 71770930, 71772264, 7789267, 82394417, 82394418, 82418684, 82433859, 82434070, 82439939, 82440275; Jarrulevy<\/p>\n","protected":false},"excerpt":{"rendered":"<p>FEBI BILSTEIN Jarrulevyt 36830 Jarrulevy LANCIA,FIAT,ALFA ROMEO,DELTA III 844,LYBRA SW 839BX,LYBRA 839AX,THEMA 834,THEMA SW 834,STILO 192,BRAVO II 198<\/p>\n","protected":false},"featured_media":0,"template":"","meta":{"site-sidebar-layout":"default","site-content-layout":"default","ast-global-header-display":"","ast-main-header-display":"","ast-hfb-above-header-display":"","ast-hfb-below-header-display":"","ast-hfb-mobile-header-display":"","site-post-title":"","ast-breadcrumbs-content":"","ast-featured-img":"","footer-sml-layout":"","theme-transparent-header-meta":"","adv-header-id-meta":"","stick-header-meta":"","header-above-stick-meta":"","header-main-stick-meta":"","header-below-stick-meta":""},"pwb-brand":[50],"product_cat":[66],"product_tag":[],"class_list":{"0":"post-45446","1":"product","2":"type-product","3":"status-publish","5":"pwb-brand-febi-bilstein","6":"product_cat-jarrulevyt","7":"desktop-align-left","8":"tablet-align-left","9":"mobile-align-left","11":"first","12":"instock","13":"product-type-external"},"brands":[{"id":50,"name":"FEBI BILSTEIN","slug":"febi-bilstein"}],"_links":{"self":[{"href":"https:\/\/www.autonvaraosahaku.fi\/index.php?rest_route=\/wp\/v2\/product\/45446","targetHints":{"allow":["GET"]}}],"collection":[{"href":"https:\/\/www.autonvaraosahaku.fi\/index.php?rest_route=\/wp\/v2\/product"}],"about":[{"href":"https:\/\/www.autonvaraosahaku.fi\/index.php?rest_route=\/wp\/v2\/types\/product"}],"wp:attachment":[{"href":"https:\/\/www.autonvaraosahaku.fi\/index.php?rest_route=%2Fwp%2Fv2%2Fmedia&parent=45446"}],"wp:term":[{"taxonomy":"pwb-brand","embeddable":true,"href":"https:\/\/www.autonvaraosahaku.fi\/index.php?rest_route=%2Fwp%2Fv2%2Fpwb-brand&post=45446"},{"taxonomy":"product_cat","embeddable":true,"href":"https:\/\/www.autonvaraosahaku.fi\/index.php?rest_route=%2Fwp%2Fv2%2Fproduct_cat&post=45446"},{"taxonomy":"product_tag","embeddable":true,"href":"https:\/\/www.autonvaraosahaku.fi\/index.php?rest_route=%2Fwp%2Fv2%2Fproduct_tag&post=45446"}],"curies":[{"name":"wp","href":"https:\/\/api.w.org\/{rel}","templated":true}]}}