{"id":45448,"date":"2021-02-21T17:07:48","date_gmt":"2021-02-21T17:07:48","guid":{"rendered":"https:\/\/www.autonvaraosahaku.fi\/?product=febi-bilstein-36744-muut-luokat"},"modified":"2021-02-21T17:07:50","modified_gmt":"2021-02-21T17:07:50","slug":"febi-bilstein-36744-muut-luokat","status":"publish","type":"product","link":"https:\/\/www.autonvaraosahaku.fi\/?product=febi-bilstein-36744-muut-luokat","title":{"rendered":"FEBI BILSTEIN 36744 Muut luokat"},"content":{"rendered":"<p>Pituus (mm): 59; Leveys (mm): 25,0; Paksuus [mm]: 17,0; Liittimi\u00e4: 2; V\u00e4ri: Musta; K\u00e4ytt\u00f6: S\u00e4hk\u00f6inen; Paino [kg]: 0,010, 0,010; Moottorinumero: M102; MERCEDES-BENZ: C-CLASS W202,190 W201,E-CLASS W210,M-CLASS W163,Stufenheck W124,CLK C208,SL R129,SL R107,C-CLASS Kombi S202,Stufenheck W123,S-CLASS W126,KOMBI Kombi S124,E-CLASS W124,G-CLASS W463,CLK Cabriolet A208,COUPE C124,G-CLASS W460,E-CLASS Kombi S124,COUPE C123,S-CLASS W116,S-CLASS Coupe C126,G-CLASS W461,KOMBI Kombi S123,E-CLASS Cabriolet A124,SL Coupe C107,E-CLASS Coupe C124,CABRIOLET A124,G-CLASS Cabrio W463,ACTROS MP2 \/ MP3,ACTROS MP4 \/ MP5,ANTOS,AROCS,UNIMOG; 0008212052, 0008212852, 0008213152, 0008213252, 2018201110, 2018202110, A0008212052, A0008212852, A0008213152, A0008213252, A2018201110, A2018202110<\/p>\n","protected":false},"excerpt":{"rendered":"<p>FEBI BILSTEIN Ovikytkin febi Plus 36744  MERCEDES-BENZ,C-CLASS W202,190 W201,E-CLASS W210,M-CLASS W163,Stufenheck W124,CLK C208,SL R129,SL R107<\/p>\n","protected":false},"featured_media":0,"template":"","meta":{"site-sidebar-layout":"default","site-content-layout":"default","ast-global-header-display":"","ast-main-header-display":"","ast-hfb-above-header-display":"","ast-hfb-below-header-display":"","ast-hfb-mobile-header-display":"","site-post-title":"","ast-breadcrumbs-content":"","ast-featured-img":"","footer-sml-layout":"","theme-transparent-header-meta":"","adv-header-id-meta":"","stick-header-meta":"","header-above-stick-meta":"","header-main-stick-meta":"","header-below-stick-meta":""},"pwb-brand":[50],"product_cat":[37],"product_tag":[],"class_list":{"0":"post-45448","1":"product","2":"type-product","3":"status-publish","5":"pwb-brand-febi-bilstein","6":"product_cat-muut-luokat","7":"desktop-align-left","8":"tablet-align-left","9":"mobile-align-left","11":"first","12":"instock","13":"product-type-external"},"brands":[{"id":50,"name":"FEBI BILSTEIN","slug":"febi-bilstein"}],"_links":{"self":[{"href":"https:\/\/www.autonvaraosahaku.fi\/index.php?rest_route=\/wp\/v2\/product\/45448","targetHints":{"allow":["GET"]}}],"collection":[{"href":"https:\/\/www.autonvaraosahaku.fi\/index.php?rest_route=\/wp\/v2\/product"}],"about":[{"href":"https:\/\/www.autonvaraosahaku.fi\/index.php?rest_route=\/wp\/v2\/types\/product"}],"wp:attachment":[{"href":"https:\/\/www.autonvaraosahaku.fi\/index.php?rest_route=%2Fwp%2Fv2%2Fmedia&parent=45448"}],"wp:term":[{"taxonomy":"pwb-brand","embeddable":true,"href":"https:\/\/www.autonvaraosahaku.fi\/index.php?rest_route=%2Fwp%2Fv2%2Fpwb-brand&post=45448"},{"taxonomy":"product_cat","embeddable":true,"href":"https:\/\/www.autonvaraosahaku.fi\/index.php?rest_route=%2Fwp%2Fv2%2Fproduct_cat&post=45448"},{"taxonomy":"product_tag","embeddable":true,"href":"https:\/\/www.autonvaraosahaku.fi\/index.php?rest_route=%2Fwp%2Fv2%2Fproduct_tag&post=45448"}],"curies":[{"name":"wp","href":"https:\/\/api.w.org\/{rel}","templated":true}]}}