{"id":45453,"date":"2021-02-21T17:07:48","date_gmt":"2021-02-21T17:07:48","guid":{"rendered":"https:\/\/www.autonvaraosahaku.fi\/?product=johns-30-28-21-3-vilkku"},"modified":"2021-02-21T17:07:51","modified_gmt":"2021-02-21T17:07:51","slug":"johns-30-28-21-3-vilkku","status":"publish","type":"product","link":"https:\/\/www.autonvaraosahaku.fi\/?product=johns-30-28-21-3-vilkku","title":{"rendered":"JOHNS 30 28 21-3 Vilkku"},"content":{"rendered":"<p>Asennuspuoli: Molemminpuolin, Asennus sivulle; V\u00e4ri: Lasinkirkas; Rungon v\u00e4ri: Harmaa; Lis\u00e4tarvike\/lis\u00e4tieto: Ilman lampun kantaa; Laatu: Q; Valmistusvuosi alkaen: 10\/2005; ABARTH: PUNTO 199_; LANCIA: MUSA 350; FIAT: GRANDE PUNTO 199,PANDA 169,STILO 192,PUNTO EVO 199,DOBLO Cargo 223,STILO Multi Wagon 192,DOBLO 119,PANDA Van 169,IDEA,MULTIPLA 186,QUBO 225,FIORINO Kasten\/Kombi 225; CITRO\u00cbN: NEMO Kasten AA_,NEMO Kombi; PEUGEOT: BIPPER AA_,BIPPER Tepee; 51717793, 6326H7; Vilkkuvalo,Suuntavilkku<\/p>\n","protected":false},"excerpt":{"rendered":"<p>JOHNS Vilkku 30 28 21-3 Vilkkuvalo,Suuntavilkku ABARTH,LANCIA,FIAT,PUNTO 199_,MUSA 350,GRANDE PUNTO 199,PANDA 169,STILO 192,PUNTO EVO 199<\/p>\n","protected":false},"featured_media":0,"template":"","meta":{"site-sidebar-layout":"default","site-content-layout":"default","ast-global-header-display":"","ast-main-header-display":"","ast-hfb-above-header-display":"","ast-hfb-below-header-display":"","ast-hfb-mobile-header-display":"","site-post-title":"","ast-breadcrumbs-content":"","ast-featured-img":"","footer-sml-layout":"","theme-transparent-header-meta":"","adv-header-id-meta":"","stick-header-meta":"","header-above-stick-meta":"","header-main-stick-meta":"","header-below-stick-meta":""},"pwb-brand":[214],"product_cat":[149],"product_tag":[],"class_list":{"0":"post-45453","1":"product","2":"type-product","3":"status-publish","5":"pwb-brand-johns","6":"product_cat-vilkku","7":"desktop-align-left","8":"tablet-align-left","9":"mobile-align-left","11":"first","12":"instock","13":"product-type-external"},"brands":[{"id":214,"name":"JOHNS","slug":"johns"}],"_links":{"self":[{"href":"https:\/\/www.autonvaraosahaku.fi\/index.php?rest_route=\/wp\/v2\/product\/45453","targetHints":{"allow":["GET"]}}],"collection":[{"href":"https:\/\/www.autonvaraosahaku.fi\/index.php?rest_route=\/wp\/v2\/product"}],"about":[{"href":"https:\/\/www.autonvaraosahaku.fi\/index.php?rest_route=\/wp\/v2\/types\/product"}],"wp:attachment":[{"href":"https:\/\/www.autonvaraosahaku.fi\/index.php?rest_route=%2Fwp%2Fv2%2Fmedia&parent=45453"}],"wp:term":[{"taxonomy":"pwb-brand","embeddable":true,"href":"https:\/\/www.autonvaraosahaku.fi\/index.php?rest_route=%2Fwp%2Fv2%2Fpwb-brand&post=45453"},{"taxonomy":"product_cat","embeddable":true,"href":"https:\/\/www.autonvaraosahaku.fi\/index.php?rest_route=%2Fwp%2Fv2%2Fproduct_cat&post=45453"},{"taxonomy":"product_tag","embeddable":true,"href":"https:\/\/www.autonvaraosahaku.fi\/index.php?rest_route=%2Fwp%2Fv2%2Fproduct_tag&post=45453"}],"curies":[{"name":"wp","href":"https:\/\/api.w.org\/{rel}","templated":true}]}}