{"id":45475,"date":"2021-02-21T17:07:53","date_gmt":"2021-02-21T17:07:53","guid":{"rendered":"https:\/\/www.autonvaraosahaku.fi\/?product=beru-cgp003-hehkutulppa"},"modified":"2021-02-21T17:07:57","modified_gmt":"2021-02-21T17:07:57","slug":"beru-cgp003-hehkutulppa","status":"publish","type":"product","link":"https:\/\/www.autonvaraosahaku.fi\/?product=beru-cgp003-hehkutulppa","title":{"rendered":"BERU CGP003 Hehkutulppa"},"content":{"rendered":"<p>Hehkutulppatyyppi: j\u00e4lkihehkutuksenkest\u00e4v\u00e4, Hehkutulppa, puikko; J\u00e4nnite (V): 7; Liittimet: 4 mm PIN; Kokonaispituus (mm): 119; Asennussyvyys (mm): 30; Kierremitta: M8x1,0; Avainv\u00e4li: 8 mm; Virta (A): 45; Kartionousu: 93; Kiristysmomentti > [Nm]: 8; Kiristysmomentti enint\u00e4\u00e4n [Nm]: 10; Katkeamismomentti [Nm]: 20; lis\u00e4tieto: CGP; Tarvittava kappalem\u00e4\u00e4r\u00e4: 4; VW: GOLF V 1K1,TOURAN 1T1, 1T2,PASSAT Variant 3C5,PASSAT 3C2,JETTA III 1K2; AUDI: A6 Avant 4F5, C6,A3 8P1,A3 Sportback 8PA,A4 Avant 8ED, B7,A6 4F2, C6,A4 8EC, B7; SKODA: OCTAVIA Combi 1Z5,OCTAVIA 1Z3; SEAT: LEON 1P1,ALTEA 5P1,ALTEA XL 5P5, 5P8,TOLEDO III 5P2<\/p>\n","protected":false},"excerpt":{"rendered":"<p>BERU Hehkutulppa CGP003  VW,AUDI,SKODA,GOLF V 1K1,TOURAN 1T1, 1T2,PASSAT Variant 3C5,PASSAT 3C2,JETTA III 1K2,A6 Avant 4F5, C6,A3 8P1,A3 Sportback 8PA<\/p>\n","protected":false},"featured_media":0,"template":"","meta":{"site-sidebar-layout":"default","site-content-layout":"default","ast-global-header-display":"","ast-main-header-display":"","ast-hfb-above-header-display":"","ast-hfb-below-header-display":"","ast-hfb-mobile-header-display":"","site-post-title":"","ast-breadcrumbs-content":"","ast-featured-img":"","footer-sml-layout":"","theme-transparent-header-meta":"","adv-header-id-meta":"","stick-header-meta":"","header-above-stick-meta":"","header-main-stick-meta":"","header-below-stick-meta":""},"pwb-brand":[327],"product_cat":[52],"product_tag":[],"class_list":{"0":"post-45475","1":"product","2":"type-product","3":"status-publish","5":"pwb-brand-beru","6":"product_cat-hehkutulppa","7":"desktop-align-left","8":"tablet-align-left","9":"mobile-align-left","11":"first","12":"instock","13":"product-type-external"},"brands":[{"id":327,"name":"BERU","slug":"beru"}],"_links":{"self":[{"href":"https:\/\/www.autonvaraosahaku.fi\/index.php?rest_route=\/wp\/v2\/product\/45475","targetHints":{"allow":["GET"]}}],"collection":[{"href":"https:\/\/www.autonvaraosahaku.fi\/index.php?rest_route=\/wp\/v2\/product"}],"about":[{"href":"https:\/\/www.autonvaraosahaku.fi\/index.php?rest_route=\/wp\/v2\/types\/product"}],"wp:attachment":[{"href":"https:\/\/www.autonvaraosahaku.fi\/index.php?rest_route=%2Fwp%2Fv2%2Fmedia&parent=45475"}],"wp:term":[{"taxonomy":"pwb-brand","embeddable":true,"href":"https:\/\/www.autonvaraosahaku.fi\/index.php?rest_route=%2Fwp%2Fv2%2Fpwb-brand&post=45475"},{"taxonomy":"product_cat","embeddable":true,"href":"https:\/\/www.autonvaraosahaku.fi\/index.php?rest_route=%2Fwp%2Fv2%2Fproduct_cat&post=45475"},{"taxonomy":"product_tag","embeddable":true,"href":"https:\/\/www.autonvaraosahaku.fi\/index.php?rest_route=%2Fwp%2Fv2%2Fproduct_tag&post=45475"}],"curies":[{"name":"wp","href":"https:\/\/api.w.org\/{rel}","templated":true}]}}