{"id":45491,"date":"2021-02-21T17:07:59","date_gmt":"2021-02-21T17:07:59","guid":{"rendered":"https:\/\/www.autonvaraosahaku.fi\/?product=freccia-r6388-bmcr-pakoventtiili"},"modified":"2021-02-21T17:08:02","modified_gmt":"2021-02-21T17:08:02","slug":"freccia-r6388-bmcr-pakoventtiili","status":"publish","type":"product","link":"https:\/\/www.autonvaraosahaku.fi\/?product=freccia-r6388-bmcr-pakoventtiili","title":{"rendered":"FRECCIA R6388\/BMCR Pakoventtiili"},"content":{"rendered":"<p>Venttiililautasen l\u00e4pimitta [mm]: 24,5; Venttiilinvarren l\u00e4pimitta [mm]: 5; Pituus (mm): 114,4; venttiiliistukan kulma [astetta]: 45; Korvaava tuote\/korvaava tiedote 2: venttiilinvarsi kromattu; Materiaali: Bimetalli; Venttiililautasmateriaali: Kromi-mangani-nikkeliter\u00e4s; Venttiilivarsimateriaali: Kromi-siliciumter\u00e4s; Liittimet: I; Uran et\u00e4isyys helmasta: 5,9; TECDOC-moottorinumero: 22601; JEEP: RENEGADE Gel\u00e4ndewagen geschlossen BU,CHEROKEE KL,COMPASS; SAAB: 9-5 YS3G; OPEL: ASTRA J Sports Tourer,INSIGNIA Caravan,ASTRA J,ZAFIRA TOURER C P12,INSIGNIA,INSIGNIA Stufenheck,ASTRA GTC J,CASCADA W13,INSIGNIA A Country Tourer G09; LANCIA: DELTA III 844,THESIS 841AX; FIAT: GRANDE PUNTO 199,DUCATO Kasten 250,BRAVO II 198,DUCATO Pritsche\/Fahrgestell 250,FREEMONT JF_,PUNTO EVO 199,DUCATO Bus 250,CROMA 194,DOBLO Kasten\/Kombi 263,500L,DOBLO Gro\u00dfraumlimousine 152, 263,DOBLO Pritsche\/Fahrgestell 263,500X,TIPO Schr\u00e4gheck 356_,TIPO Kombi 356_,TIPO Stufenheck 356_; ALFA ROMEO: 147 937,159 Sportwagon 939,GIULIETTA 940,MITO 955,159 939,BRERA,SPIDER 939,GIULIA 952_,STELVIO 949_; VAUXHALL: INSIGNIA Mk I A,INSIGNIA Mk I A Estate,ZAFIRA Mk III P12,ASTRA Mk VI J CC,INSIGNIA Mk I A Sedan,ASTRA Mk VI J,ASTRA Mk VI J Estate,INSIGNIA Mk I A Country Tourer G09; 55205183, 55207955, 55220016, 552200160, 552229340, 55565262, 55574148, 641106, 641403, 641465<\/p>\n","protected":false},"excerpt":{"rendered":"<p>FRECCIA Pakoventtiili R6388\/BMCR  JEEP,SAAB,OPEL,RENEGADE Gel\u00e4ndewagen geschlossen BU,CHEROKEE KL,COMPASS,9-5 YS3G,ASTRA J Sports Tourer<\/p>\n","protected":false},"featured_media":0,"template":"","meta":{"site-sidebar-layout":"default","site-content-layout":"default","ast-global-header-display":"","ast-main-header-display":"","ast-hfb-above-header-display":"","ast-hfb-below-header-display":"","ast-hfb-mobile-header-display":"","site-post-title":"","ast-breadcrumbs-content":"","ast-featured-img":"","footer-sml-layout":"","theme-transparent-header-meta":"","adv-header-id-meta":"","stick-header-meta":"","header-above-stick-meta":"","header-main-stick-meta":"","header-below-stick-meta":""},"pwb-brand":[345],"product_cat":[209],"product_tag":[],"class_list":{"0":"post-45491","1":"product","2":"type-product","3":"status-publish","5":"pwb-brand-freccia","6":"product_cat-pakoventtiili","7":"desktop-align-left","8":"tablet-align-left","9":"mobile-align-left","11":"first","12":"instock","13":"product-type-external"},"brands":[{"id":345,"name":"FRECCIA","slug":"freccia"}],"_links":{"self":[{"href":"https:\/\/www.autonvaraosahaku.fi\/index.php?rest_route=\/wp\/v2\/product\/45491","targetHints":{"allow":["GET"]}}],"collection":[{"href":"https:\/\/www.autonvaraosahaku.fi\/index.php?rest_route=\/wp\/v2\/product"}],"about":[{"href":"https:\/\/www.autonvaraosahaku.fi\/index.php?rest_route=\/wp\/v2\/types\/product"}],"wp:attachment":[{"href":"https:\/\/www.autonvaraosahaku.fi\/index.php?rest_route=%2Fwp%2Fv2%2Fmedia&parent=45491"}],"wp:term":[{"taxonomy":"pwb-brand","embeddable":true,"href":"https:\/\/www.autonvaraosahaku.fi\/index.php?rest_route=%2Fwp%2Fv2%2Fpwb-brand&post=45491"},{"taxonomy":"product_cat","embeddable":true,"href":"https:\/\/www.autonvaraosahaku.fi\/index.php?rest_route=%2Fwp%2Fv2%2Fproduct_cat&post=45491"},{"taxonomy":"product_tag","embeddable":true,"href":"https:\/\/www.autonvaraosahaku.fi\/index.php?rest_route=%2Fwp%2Fv2%2Fproduct_tag&post=45491"}],"curies":[{"name":"wp","href":"https:\/\/api.w.org\/{rel}","templated":true}]}}