{"id":45508,"date":"2021-02-21T17:08:04","date_gmt":"2021-02-21T17:08:04","guid":{"rendered":"https:\/\/www.autonvaraosahaku.fi\/?product=ridex-1561w0037-ikkunannostin"},"modified":"2021-02-21T17:08:06","modified_gmt":"2021-02-21T17:08:06","slug":"ridex-1561w0037-ikkunannostin","status":"publish","type":"product","link":"https:\/\/www.autonvaraosahaku.fi\/?product=ridex-1561w0037-ikkunannostin","title":{"rendered":"RIDEX 1561W0037 Ikkunannostin"},"content":{"rendered":"<p>Asennuspuoli: Edess\u00e4, Vasen; K\u00e4ytt\u00f6: S\u00e4hk\u00f6inen; Yhdistelm\u00e4kytkintoiminto: ilman mukavuustoimintoa; Varusteet: ajoneuvoille ilman ikkunamekanismin automatiikkaa; Lis\u00e4tarvike\/lis\u00e4tieto: S\u00e4hk\u00f6moottorilla; Ikkunannostimet: Yksikiskoinen innunannostin; Paino [kg]: 1,482; Valmistusvuoteen: 01\/2011; RENAULT: CLIO II BB0\/1\/2_, CB0\/1\/2_,CLIO II Kasten SB0\/1\/2_; 7700842247; Lasinnostin<\/p>\n","protected":false},"excerpt":{"rendered":"<p>RIDEX Ikkunannostin 1561W0037 Lasinnostin RENAULT,CLIO II BB0\/1\/2_, CB0\/1\/2_,CLIO II Kasten SB0\/1\/2_<\/p>\n","protected":false},"featured_media":0,"template":"","meta":{"site-sidebar-layout":"default","site-content-layout":"default","ast-global-header-display":"","ast-main-header-display":"","ast-hfb-above-header-display":"","ast-hfb-below-header-display":"","ast-hfb-mobile-header-display":"","site-post-title":"","ast-breadcrumbs-content":"","ast-featured-img":"","footer-sml-layout":"","theme-transparent-header-meta":"","adv-header-id-meta":"","stick-header-meta":"","header-above-stick-meta":"","header-main-stick-meta":"","header-below-stick-meta":""},"pwb-brand":[157],"product_cat":[203],"product_tag":[],"class_list":{"0":"post-45508","1":"product","2":"type-product","3":"status-publish","5":"pwb-brand-ridex","6":"product_cat-ikkunannostin","7":"desktop-align-left","8":"tablet-align-left","9":"mobile-align-left","11":"first","12":"instock","13":"product-type-external"},"brands":[{"id":157,"name":"RIDEX","slug":"ridex"}],"_links":{"self":[{"href":"https:\/\/www.autonvaraosahaku.fi\/index.php?rest_route=\/wp\/v2\/product\/45508","targetHints":{"allow":["GET"]}}],"collection":[{"href":"https:\/\/www.autonvaraosahaku.fi\/index.php?rest_route=\/wp\/v2\/product"}],"about":[{"href":"https:\/\/www.autonvaraosahaku.fi\/index.php?rest_route=\/wp\/v2\/types\/product"}],"wp:attachment":[{"href":"https:\/\/www.autonvaraosahaku.fi\/index.php?rest_route=%2Fwp%2Fv2%2Fmedia&parent=45508"}],"wp:term":[{"taxonomy":"pwb-brand","embeddable":true,"href":"https:\/\/www.autonvaraosahaku.fi\/index.php?rest_route=%2Fwp%2Fv2%2Fpwb-brand&post=45508"},{"taxonomy":"product_cat","embeddable":true,"href":"https:\/\/www.autonvaraosahaku.fi\/index.php?rest_route=%2Fwp%2Fv2%2Fproduct_cat&post=45508"},{"taxonomy":"product_tag","embeddable":true,"href":"https:\/\/www.autonvaraosahaku.fi\/index.php?rest_route=%2Fwp%2Fv2%2Fproduct_tag&post=45508"}],"curies":[{"name":"wp","href":"https:\/\/api.w.org\/{rel}","templated":true}]}}