{"id":45509,"date":"2021-02-21T17:08:04","date_gmt":"2021-02-21T17:08:04","guid":{"rendered":"https:\/\/www.autonvaraosahaku.fi\/?product=brembo-l-04-210-jarruneste"},"modified":"2021-02-21T17:08:07","modified_gmt":"2021-02-21T17:08:07","slug":"brembo-l-04-210-jarruneste","status":"publish","type":"product","link":"https:\/\/www.autonvaraosahaku.fi\/?product=brembo-l-04-210-jarruneste","title":{"rendered":"BREMBO L 04 210 Jarruneste"},"content":{"rendered":"<p>Laatu: DOT 4 Low Fan clutch; tuotenumerolle: L 04 210; Tilavuus (litra): 1; Pakkaustyyppi: Pullo; Kuivakiehumispiste [\u00b0C]: 260; M\u00e4rk\u00e4n\u00e4kiehumispiste [\u00b0C]: 170; DOT mukaisuus: DOT 4; Tuotelinja: DOT 4 Low Viscosity Premium Brake Fluid<\/p>\n","protected":false},"excerpt":{"rendered":"<p>BREMBO Jarruneste L 04 210<\/p>\n","protected":false},"featured_media":0,"template":"","meta":{"site-sidebar-layout":"default","site-content-layout":"default","ast-global-header-display":"","ast-main-header-display":"","ast-hfb-above-header-display":"","ast-hfb-below-header-display":"","ast-hfb-mobile-header-display":"","site-post-title":"","ast-breadcrumbs-content":"","ast-featured-img":"","footer-sml-layout":"","theme-transparent-header-meta":"","adv-header-id-meta":"","stick-header-meta":"","header-above-stick-meta":"","header-main-stick-meta":"","header-below-stick-meta":""},"pwb-brand":[146],"product_cat":[142],"product_tag":[],"class_list":{"0":"post-45509","1":"product","2":"type-product","3":"status-publish","5":"pwb-brand-brembo","6":"product_cat-jarruneste","7":"desktop-align-left","8":"tablet-align-left","9":"mobile-align-left","11":"first","12":"instock","13":"product-type-external"},"brands":[{"id":146,"name":"BREMBO","slug":"brembo"}],"_links":{"self":[{"href":"https:\/\/www.autonvaraosahaku.fi\/index.php?rest_route=\/wp\/v2\/product\/45509","targetHints":{"allow":["GET"]}}],"collection":[{"href":"https:\/\/www.autonvaraosahaku.fi\/index.php?rest_route=\/wp\/v2\/product"}],"about":[{"href":"https:\/\/www.autonvaraosahaku.fi\/index.php?rest_route=\/wp\/v2\/types\/product"}],"wp:attachment":[{"href":"https:\/\/www.autonvaraosahaku.fi\/index.php?rest_route=%2Fwp%2Fv2%2Fmedia&parent=45509"}],"wp:term":[{"taxonomy":"pwb-brand","embeddable":true,"href":"https:\/\/www.autonvaraosahaku.fi\/index.php?rest_route=%2Fwp%2Fv2%2Fpwb-brand&post=45509"},{"taxonomy":"product_cat","embeddable":true,"href":"https:\/\/www.autonvaraosahaku.fi\/index.php?rest_route=%2Fwp%2Fv2%2Fproduct_cat&post=45509"},{"taxonomy":"product_tag","embeddable":true,"href":"https:\/\/www.autonvaraosahaku.fi\/index.php?rest_route=%2Fwp%2Fv2%2Fproduct_tag&post=45509"}],"curies":[{"name":"wp","href":"https:\/\/api.w.org\/{rel}","templated":true}]}}