{"id":45539,"date":"2021-02-21T17:08:15","date_gmt":"2021-02-21T17:08:15","guid":{"rendered":"https:\/\/www.autonvaraosahaku.fi\/?product=purflux-fcs814-polttoainesuodatin"},"modified":"2021-02-21T17:08:16","modified_gmt":"2021-02-21T17:08:16","slug":"purflux-fcs814-polttoainesuodatin","status":"publish","type":"product","link":"https:\/\/www.autonvaraosahaku.fi\/?product=purflux-fcs814-polttoainesuodatin","title":{"rendered":"PURFLUX FCS814 Polttoainesuodatin"},"content":{"rendered":"<p>Ulkol\u00e4pimitta [mm]: 84; Sis\u00e4l\u00e4pimitta [mm]: 8; Korkeus (mm): 217; Alustanumero: 96129269&#8211;>; OPEL: CORSA D,CORSA D Van,CORSA E,CORSA E Van; VAUXHALL: CORSA Mk III D L_8,CORSA Mk IV E<\/p>\n","protected":false},"excerpt":{"rendered":"<p>PURFLUX Polttoainesuodatin FCS814  OPEL,VAUXHALL,CORSA D,CORSA D Van,CORSA E,CORSA E Van,CORSA Mk III D L_8,CORSA Mk IV E<\/p>\n","protected":false},"featured_media":0,"template":"","meta":{"site-sidebar-layout":"default","site-content-layout":"default","ast-global-header-display":"","ast-main-header-display":"","ast-hfb-above-header-display":"","ast-hfb-below-header-display":"","ast-hfb-mobile-header-display":"","site-post-title":"","ast-breadcrumbs-content":"","ast-featured-img":"","footer-sml-layout":"","theme-transparent-header-meta":"","adv-header-id-meta":"","stick-header-meta":"","header-above-stick-meta":"","header-main-stick-meta":"","header-below-stick-meta":""},"pwb-brand":[303],"product_cat":[29],"product_tag":[],"class_list":{"0":"post-45539","1":"product","2":"type-product","3":"status-publish","5":"pwb-brand-purflux","6":"product_cat-polttoainesuodatin","7":"desktop-align-left","8":"tablet-align-left","9":"mobile-align-left","11":"first","12":"instock","13":"product-type-external"},"brands":[{"id":303,"name":"PURFLUX","slug":"purflux"}],"_links":{"self":[{"href":"https:\/\/www.autonvaraosahaku.fi\/index.php?rest_route=\/wp\/v2\/product\/45539","targetHints":{"allow":["GET"]}}],"collection":[{"href":"https:\/\/www.autonvaraosahaku.fi\/index.php?rest_route=\/wp\/v2\/product"}],"about":[{"href":"https:\/\/www.autonvaraosahaku.fi\/index.php?rest_route=\/wp\/v2\/types\/product"}],"wp:attachment":[{"href":"https:\/\/www.autonvaraosahaku.fi\/index.php?rest_route=%2Fwp%2Fv2%2Fmedia&parent=45539"}],"wp:term":[{"taxonomy":"pwb-brand","embeddable":true,"href":"https:\/\/www.autonvaraosahaku.fi\/index.php?rest_route=%2Fwp%2Fv2%2Fpwb-brand&post=45539"},{"taxonomy":"product_cat","embeddable":true,"href":"https:\/\/www.autonvaraosahaku.fi\/index.php?rest_route=%2Fwp%2Fv2%2Fproduct_cat&post=45539"},{"taxonomy":"product_tag","embeddable":true,"href":"https:\/\/www.autonvaraosahaku.fi\/index.php?rest_route=%2Fwp%2Fv2%2Fproduct_tag&post=45539"}],"curies":[{"name":"wp","href":"https:\/\/api.w.org\/{rel}","templated":true}]}}