{"id":45555,"date":"2021-02-21T17:08:15","date_gmt":"2021-02-21T17:08:15","guid":{"rendered":"https:\/\/www.autonvaraosahaku.fi\/?product=ate-24-0109-0157-1-jarrulevyt"},"modified":"2021-02-21T17:08:19","modified_gmt":"2021-02-21T17:08:19","slug":"ate-24-0109-0157-1-jarrulevyt","status":"publish","type":"product","link":"https:\/\/www.autonvaraosahaku.fi\/?product=ate-24-0109-0157-1-jarrulevyt","title":{"rendered":"ATE 24.0109-0157.1 Jarrulevyt"},"content":{"rendered":"<p>Ulkol\u00e4pimitta [mm]: 291,5; Jarrulevyn paksuus (mm): 9,0; V\u00e4himm\u00e4ispaksuus (mm): 8,0; Jarrulevytyyppi: Vakiomalli; Pinta: pinnoitettu; Reikien m\u00e4\u00e4r\u00e4: 5; Reik\u00e4ympyr\u00e4-\u00d8 [mm]: 114,3; Korkeus (mm): 62,0; keskitt\u00e4misl\u00e4pimitta [mm]: 68,0; Sis\u00e4l\u00e4pimitta [mm]: 172,0; Reik\u00e4-\u00d8 [mm]: 12,7; MAPP-koodi saatavilla: ; Tarkistuskilpi: E1 90R-02C0248\/0987; Valmistusvuosi alkaen: 11\/2010; NISSAN: QASHQAI \/ QASHQAI +2 J10, JJ10,JUKE F15,NV200 EVALIA,NV200 Kasten,QASHQAI J11, J11_,PULSAR Schr\u00e4gheck C13,SENTRA B17,TIIDA Schr\u00e4gheck C12; 43206JD00A, 43206JD00B; Jarrulevy<\/p>\n","protected":false},"excerpt":{"rendered":"<p>ATE Jarrulevyt 24.0109-0157.1 Jarrulevy NISSAN,QASHQAI \/ QASHQAI +2 J10, JJ10,JUKE F15,NV200 EVALIA,NV200 Kasten,QASHQAI J11, J11_<\/p>\n","protected":false},"featured_media":0,"template":"","meta":{"site-sidebar-layout":"default","site-content-layout":"default","ast-global-header-display":"","ast-main-header-display":"","ast-hfb-above-header-display":"","ast-hfb-below-header-display":"","ast-hfb-mobile-header-display":"","site-post-title":"","ast-breadcrumbs-content":"","ast-featured-img":"","footer-sml-layout":"","theme-transparent-header-meta":"","adv-header-id-meta":"","stick-header-meta":"","header-above-stick-meta":"","header-main-stick-meta":"","header-below-stick-meta":""},"pwb-brand":[108],"product_cat":[66],"product_tag":[],"class_list":{"0":"post-45555","1":"product","2":"type-product","3":"status-publish","5":"pwb-brand-ate","6":"product_cat-jarrulevyt","7":"desktop-align-left","8":"tablet-align-left","9":"mobile-align-left","11":"first","12":"instock","13":"product-type-external"},"brands":[{"id":108,"name":"ATE","slug":"ate"}],"_links":{"self":[{"href":"https:\/\/www.autonvaraosahaku.fi\/index.php?rest_route=\/wp\/v2\/product\/45555","targetHints":{"allow":["GET"]}}],"collection":[{"href":"https:\/\/www.autonvaraosahaku.fi\/index.php?rest_route=\/wp\/v2\/product"}],"about":[{"href":"https:\/\/www.autonvaraosahaku.fi\/index.php?rest_route=\/wp\/v2\/types\/product"}],"wp:attachment":[{"href":"https:\/\/www.autonvaraosahaku.fi\/index.php?rest_route=%2Fwp%2Fv2%2Fmedia&parent=45555"}],"wp:term":[{"taxonomy":"pwb-brand","embeddable":true,"href":"https:\/\/www.autonvaraosahaku.fi\/index.php?rest_route=%2Fwp%2Fv2%2Fpwb-brand&post=45555"},{"taxonomy":"product_cat","embeddable":true,"href":"https:\/\/www.autonvaraosahaku.fi\/index.php?rest_route=%2Fwp%2Fv2%2Fproduct_cat&post=45555"},{"taxonomy":"product_tag","embeddable":true,"href":"https:\/\/www.autonvaraosahaku.fi\/index.php?rest_route=%2Fwp%2Fv2%2Fproduct_tag&post=45555"}],"curies":[{"name":"wp","href":"https:\/\/api.w.org\/{rel}","templated":true}]}}