{"id":45577,"date":"2021-02-21T17:08:21","date_gmt":"2021-02-21T17:08:21","guid":{"rendered":"https:\/\/www.autonvaraosahaku.fi\/?product=beru-m14-175-sytytystulpat"},"modified":"2021-02-21T17:08:25","modified_gmt":"2021-02-21T17:08:25","slug":"beru-m14-175-sytytystulpat","status":"publish","type":"product","link":"https:\/\/www.autonvaraosahaku.fi\/?product=beru-m14-175-sytytystulpat","title":{"rendered":"BERU M14-175 Sytytystulpat"},"content":{"rendered":"<p>K\u00e4rkiv\u00e4li (mm): 0,6; Valmistaja rajaus: WARTBURG; Liittimet: M4; Kierremitta: M14x1,25; Avainv\u00e4li: 21 mm; Sytytystulppa: 1-maaelektroodi, suoralla istukalla; Kierteen pituus (mm): 12,5; Teknisten tietojen numero: M 14-175; Kipin\u00e4et\u00e4isyys [mm]: 1,82; Kiristysmomentti > [Nm]: 20; Kiristysmomentti enint\u00e4\u00e4n [Nm]: 30; Tuotelinja: ISOLATOR; VW: TRANSPORTER III Bus,KAEFER,KAEFER Cabriolet 15,TRANSPORTER III Kasten,TRANSPORTER II Bus,1500,1600 Variant 36,1500,1600 31,TRANSPORTER I Bus 22, 24, 25, 28,KARMANN GHIA Coupe 14, 34,TRANSPORTER II Kasten,KARMANN GHIA Cabriolet 14, 34,TRANSPORTER I Pritsche\/Fahrgestell 26,TRANSPORTER II Pritsche\/Fahrgestell,TRANSPORTER I Kasten 21, 23; MERCEDES-BENZ: 170 W170; OPEL: OLYMPIA REKORD,REKORD P2,REKORD P1,KAPIT\u00c4N,REKORD A,KADETT A,KADETT A Coupe,REKORD A Coupe,REKORD P1 Caravan,OLYMPIA REKORD Caravan,KADETT A Caravan; FORD: TAUNUS 17M Turnier P3,TAUNUS 12M,TAUNUS 17M Turnier 21,TAUNUS 17M Turnier,TAUNUS 15M,TAUNUS 12M Turnier; RENAULT: 4 112_,4 Kasten R21_, R23_,8 113_,10 119_; FIAT: 500,500 Kombi; SKODA: 100,110,110 Coupe; SEAT: 600 D; CITRO\u00cbN: 2 CV,DS,DS Break,DS Cabriolet; VOLVO: P 544,P 121,140 142, 144,P 122 S AMAZON,140 Kombi 145,DUETT; Tulpat,Sytytystulppa<\/p>\n","protected":false},"excerpt":{"rendered":"<p>BERU Sytytystulpat M14-175 Tulpat,Sytytystulppa VW,MERCEDES-BENZ,OPEL,TRANSPORTER III Bus,KAEFER,KAEFER Cabriolet 15,TRANSPORTER III Kasten<\/p>\n","protected":false},"featured_media":0,"template":"","meta":{"site-sidebar-layout":"default","site-content-layout":"default","ast-global-header-display":"","ast-main-header-display":"","ast-hfb-above-header-display":"","ast-hfb-below-header-display":"","ast-hfb-mobile-header-display":"","site-post-title":"","ast-breadcrumbs-content":"","ast-featured-img":"","footer-sml-layout":"","theme-transparent-header-meta":"","adv-header-id-meta":"","stick-header-meta":"","header-above-stick-meta":"","header-main-stick-meta":"","header-below-stick-meta":""},"pwb-brand":[327],"product_cat":[165],"product_tag":[],"class_list":{"0":"post-45577","1":"product","2":"type-product","3":"status-publish","5":"pwb-brand-beru","6":"product_cat-sytytystulpat","7":"desktop-align-left","8":"tablet-align-left","9":"mobile-align-left","11":"first","12":"instock","13":"product-type-external"},"brands":[{"id":327,"name":"BERU","slug":"beru"}],"_links":{"self":[{"href":"https:\/\/www.autonvaraosahaku.fi\/index.php?rest_route=\/wp\/v2\/product\/45577","targetHints":{"allow":["GET"]}}],"collection":[{"href":"https:\/\/www.autonvaraosahaku.fi\/index.php?rest_route=\/wp\/v2\/product"}],"about":[{"href":"https:\/\/www.autonvaraosahaku.fi\/index.php?rest_route=\/wp\/v2\/types\/product"}],"wp:attachment":[{"href":"https:\/\/www.autonvaraosahaku.fi\/index.php?rest_route=%2Fwp%2Fv2%2Fmedia&parent=45577"}],"wp:term":[{"taxonomy":"pwb-brand","embeddable":true,"href":"https:\/\/www.autonvaraosahaku.fi\/index.php?rest_route=%2Fwp%2Fv2%2Fpwb-brand&post=45577"},{"taxonomy":"product_cat","embeddable":true,"href":"https:\/\/www.autonvaraosahaku.fi\/index.php?rest_route=%2Fwp%2Fv2%2Fproduct_cat&post=45577"},{"taxonomy":"product_tag","embeddable":true,"href":"https:\/\/www.autonvaraosahaku.fi\/index.php?rest_route=%2Fwp%2Fv2%2Fproduct_tag&post=45577"}],"curies":[{"name":"wp","href":"https:\/\/api.w.org\/{rel}","templated":true}]}}