{"id":45589,"date":"2021-02-21T17:08:26","date_gmt":"2021-02-21T17:08:26","guid":{"rendered":"https:\/\/www.autonvaraosahaku.fi\/?product=triscan-8710-29264-takaluukun-kaasujousi"},"modified":"2021-02-21T17:08:28","modified_gmt":"2021-02-21T17:08:28","slug":"triscan-8710-29264-takaluukun-kaasujousi","status":"publish","type":"product","link":"https:\/\/www.autonvaraosahaku.fi\/?product=triscan-8710-29264-takaluukun-kaasujousi","title":{"rendered":"TRISCAN 8710 29264 Takaluukun kaasujousi"},"content":{"rendered":"<p>Pituus (mm): 316; Tarvittava kappalem\u00e4\u00e4r\u00e4: 2; Isku (mm): 90; Ty\u00f6nt\u00f6voima [N]: 2050; VW: TOUAREG 7LA, 7L6, 7L7; 7L6827550L, 7L6827550A, 7L6827550D, 7L6827550F, 7L6827550K, 7L6827550L, 7L6827550M, 7L6827550N, 7L6827550P; Kaasujousi, Tavaratila<\/p>\n","protected":false},"excerpt":{"rendered":"<p>TRISCAN Takaluukun Kaasujousi 8710 29264 Kaasujousi, Tavaratila VW,TOUAREG 7LA, 7L6, 7L7<\/p>\n","protected":false},"featured_media":0,"template":"","meta":{"site-sidebar-layout":"default","site-content-layout":"default","ast-global-header-display":"","ast-main-header-display":"","ast-hfb-above-header-display":"","ast-hfb-below-header-display":"","ast-hfb-mobile-header-display":"","site-post-title":"","ast-breadcrumbs-content":"","ast-featured-img":"","footer-sml-layout":"","theme-transparent-header-meta":"","adv-header-id-meta":"","stick-header-meta":"","header-above-stick-meta":"","header-main-stick-meta":"","header-below-stick-meta":""},"pwb-brand":[337],"product_cat":[59],"product_tag":[],"class_list":{"0":"post-45589","1":"product","2":"type-product","3":"status-publish","5":"pwb-brand-triscan","6":"product_cat-takaluukun-kaasujousi","7":"desktop-align-left","8":"tablet-align-left","9":"mobile-align-left","11":"first","12":"instock","13":"product-type-external"},"brands":[{"id":337,"name":"TRISCAN","slug":"triscan"}],"_links":{"self":[{"href":"https:\/\/www.autonvaraosahaku.fi\/index.php?rest_route=\/wp\/v2\/product\/45589","targetHints":{"allow":["GET"]}}],"collection":[{"href":"https:\/\/www.autonvaraosahaku.fi\/index.php?rest_route=\/wp\/v2\/product"}],"about":[{"href":"https:\/\/www.autonvaraosahaku.fi\/index.php?rest_route=\/wp\/v2\/types\/product"}],"wp:attachment":[{"href":"https:\/\/www.autonvaraosahaku.fi\/index.php?rest_route=%2Fwp%2Fv2%2Fmedia&parent=45589"}],"wp:term":[{"taxonomy":"pwb-brand","embeddable":true,"href":"https:\/\/www.autonvaraosahaku.fi\/index.php?rest_route=%2Fwp%2Fv2%2Fpwb-brand&post=45589"},{"taxonomy":"product_cat","embeddable":true,"href":"https:\/\/www.autonvaraosahaku.fi\/index.php?rest_route=%2Fwp%2Fv2%2Fproduct_cat&post=45589"},{"taxonomy":"product_tag","embeddable":true,"href":"https:\/\/www.autonvaraosahaku.fi\/index.php?rest_route=%2Fwp%2Fv2%2Fproduct_tag&post=45589"}],"curies":[{"name":"wp","href":"https:\/\/api.w.org\/{rel}","templated":true}]}}