{"id":45594,"date":"2021-02-21T17:08:26","date_gmt":"2021-02-21T17:08:26","guid":{"rendered":"https:\/\/www.autonvaraosahaku.fi\/?product=trw-gdb3287-jarrupalat"},"modified":"2021-02-21T17:08:29","modified_gmt":"2021-02-21T17:08:29","slug":"trw-gdb3287-jarrupalat","status":"publish","type":"product","link":"https:\/\/www.autonvaraosahaku.fi\/?product=trw-gdb3287-jarrupalat","title":{"rendered":"TRW GDB3287 Jarrupalat"},"content":{"rendered":"<p>Valmistaja rajaus: AKEBONO; Pituus (mm): 144,8; Korkeus (mm): 55,0; Paksuus [mm]: 16,0; Kulumisenilmaisimen liitos: akustisella kulumavaroittimella; Lis\u00e4tarvike\/lis\u00e4tieto: Tarvikkeilla; Tarkistuskilpi: E9 90R 01107\/380; M\u00e4\u00e4r\u00e4yksikk\u00f6: Akselisarja; Tuotelinja: COTEC; Asennuspuoli: Vorderachse; JEEP: COMPASS MK49; LANCIA: FLAVIA Cabriolet JS; CITRO\u00cbN: C4 AIRCROSS; PEUGEOT: 4008; MITSUBISHI: ASX GA_W_,OUTLANDER III GG_W, GF_W, ZJ,GRANDIS NA_W,OUTLANDER I CU_W,LANCER Kombi CS_W,LANCER SPORTBACK CX_A,LANCER Stufenheck CY\/Z_A,GALANT VI Station Wagon EA_,GALANT VI EA_,LANCER Stufenheck CS_A, CT0,SPACE RUNNER N6_W,GALANT Stufenheck DJ_, ED_, EF_; DODGE: CALIBER; K05191231AA, 1607690380, 1607690480, 5191229AA, 5191229AA, K05191231AA, 4605A261, 4605A486, 4605A491, 4605A557, MN102618, MR527674, MR527675, MR569403, MR727674, MZ690348, 1607690380, 1607690480; Jarrupalasarja,Jarrupala, Levyjarru<\/p>\n","protected":false},"excerpt":{"rendered":"<p>TRW Jarrupalat GDB3287 Jarrupalasarja,Jarrupala, Levyjarru JEEP,LANCIA,CITRO\u00cbN,COMPASS MK49,FLAVIA Cabriolet JS,C4 AIRCROSS,4008,ASX GA_W_<\/p>\n","protected":false},"featured_media":0,"template":"","meta":{"site-sidebar-layout":"default","site-content-layout":"default","ast-global-header-display":"","ast-main-header-display":"","ast-hfb-above-header-display":"","ast-hfb-below-header-display":"","ast-hfb-mobile-header-display":"","site-post-title":"","ast-breadcrumbs-content":"","ast-featured-img":"","footer-sml-layout":"","theme-transparent-header-meta":"","adv-header-id-meta":"","stick-header-meta":"","header-above-stick-meta":"","header-main-stick-meta":"","header-below-stick-meta":""},"pwb-brand":[332],"product_cat":[100],"product_tag":[],"class_list":{"0":"post-45594","1":"product","2":"type-product","3":"status-publish","5":"pwb-brand-trw","6":"product_cat-jarrupalat","7":"desktop-align-left","8":"tablet-align-left","9":"mobile-align-left","11":"first","12":"instock","13":"product-type-external"},"brands":[{"id":332,"name":"TRW","slug":"trw"}],"_links":{"self":[{"href":"https:\/\/www.autonvaraosahaku.fi\/index.php?rest_route=\/wp\/v2\/product\/45594","targetHints":{"allow":["GET"]}}],"collection":[{"href":"https:\/\/www.autonvaraosahaku.fi\/index.php?rest_route=\/wp\/v2\/product"}],"about":[{"href":"https:\/\/www.autonvaraosahaku.fi\/index.php?rest_route=\/wp\/v2\/types\/product"}],"wp:attachment":[{"href":"https:\/\/www.autonvaraosahaku.fi\/index.php?rest_route=%2Fwp%2Fv2%2Fmedia&parent=45594"}],"wp:term":[{"taxonomy":"pwb-brand","embeddable":true,"href":"https:\/\/www.autonvaraosahaku.fi\/index.php?rest_route=%2Fwp%2Fv2%2Fpwb-brand&post=45594"},{"taxonomy":"product_cat","embeddable":true,"href":"https:\/\/www.autonvaraosahaku.fi\/index.php?rest_route=%2Fwp%2Fv2%2Fproduct_cat&post=45594"},{"taxonomy":"product_tag","embeddable":true,"href":"https:\/\/www.autonvaraosahaku.fi\/index.php?rest_route=%2Fwp%2Fv2%2Fproduct_tag&post=45594"}],"curies":[{"name":"wp","href":"https:\/\/api.w.org\/{rel}","templated":true}]}}