{"id":45604,"date":"2021-02-21T17:08:32","date_gmt":"2021-02-21T17:08:32","guid":{"rendered":"https:\/\/www.autonvaraosahaku.fi\/?product=trw-gdb1542-jarrupalat"},"modified":"2021-02-21T17:08:33","modified_gmt":"2021-02-21T17:08:33","slug":"trw-gdb1542-jarrupalat","status":"publish","type":"product","link":"https:\/\/www.autonvaraosahaku.fi\/?product=trw-gdb1542-jarrupalat","title":{"rendered":"TRW GDB1542 Jarrupalat"},"content":{"rendered":"<p>Valmistaja rajaus: BOSCH; Pituus (mm): 135,0; Korkeus (mm): 66,6; Paksuus [mm]: 20,0; Kulumisenilmaisimen liitos: Sis. kulumisenilmaisimen; Kulumisvaroittimia [pro Achse]: 2; Korvaava tuote\/korvaava tiedote 2: Jarrusatulan ruuveilla; Lis\u00e4tarvike\/lis\u00e4tieto: Tarvikkeilla; Tarkistuskilpi: E9 90R &#8211; 01107\/744; Huomioi tekniset tiedot: ; M\u00e4\u00e4r\u00e4yksikk\u00f6: Akselisarja; Tuotelinja: COTEC; Asennuspuoli: Vorderachse; MERCEDES-BENZ: E-CLASS W211,E-CLASS T-Model S211; 0034206520, 0034209920, 0044208720, 004420872041, A0034206520, A0034209920, A0044208720, A004420872041; Jarrupalasarja,Jarrupala, Levyjarru<\/p>\n","protected":false},"excerpt":{"rendered":"<p>TRW Jarrupalat GDB1542 Jarrupalasarja,Jarrupala, Levyjarru MERCEDES-BENZ,E-CLASS W211,E-CLASS T-Model S211<\/p>\n","protected":false},"featured_media":0,"template":"","meta":{"site-sidebar-layout":"default","site-content-layout":"default","ast-global-header-display":"","ast-main-header-display":"","ast-hfb-above-header-display":"","ast-hfb-below-header-display":"","ast-hfb-mobile-header-display":"","site-post-title":"","ast-breadcrumbs-content":"","ast-featured-img":"","footer-sml-layout":"","theme-transparent-header-meta":"","adv-header-id-meta":"","stick-header-meta":"","header-above-stick-meta":"","header-main-stick-meta":"","header-below-stick-meta":""},"pwb-brand":[332],"product_cat":[100],"product_tag":[],"class_list":{"0":"post-45604","1":"product","2":"type-product","3":"status-publish","5":"pwb-brand-trw","6":"product_cat-jarrupalat","7":"desktop-align-left","8":"tablet-align-left","9":"mobile-align-left","11":"first","12":"instock","13":"product-type-external"},"brands":[{"id":332,"name":"TRW","slug":"trw"}],"_links":{"self":[{"href":"https:\/\/www.autonvaraosahaku.fi\/index.php?rest_route=\/wp\/v2\/product\/45604","targetHints":{"allow":["GET"]}}],"collection":[{"href":"https:\/\/www.autonvaraosahaku.fi\/index.php?rest_route=\/wp\/v2\/product"}],"about":[{"href":"https:\/\/www.autonvaraosahaku.fi\/index.php?rest_route=\/wp\/v2\/types\/product"}],"wp:attachment":[{"href":"https:\/\/www.autonvaraosahaku.fi\/index.php?rest_route=%2Fwp%2Fv2%2Fmedia&parent=45604"}],"wp:term":[{"taxonomy":"pwb-brand","embeddable":true,"href":"https:\/\/www.autonvaraosahaku.fi\/index.php?rest_route=%2Fwp%2Fv2%2Fpwb-brand&post=45604"},{"taxonomy":"product_cat","embeddable":true,"href":"https:\/\/www.autonvaraosahaku.fi\/index.php?rest_route=%2Fwp%2Fv2%2Fproduct_cat&post=45604"},{"taxonomy":"product_tag","embeddable":true,"href":"https:\/\/www.autonvaraosahaku.fi\/index.php?rest_route=%2Fwp%2Fv2%2Fproduct_tag&post=45604"}],"curies":[{"name":"wp","href":"https:\/\/api.w.org\/{rel}","templated":true}]}}