{"id":45622,"date":"2021-02-21T17:08:37","date_gmt":"2021-02-21T17:08:37","guid":{"rendered":"https:\/\/www.autonvaraosahaku.fi\/?product=magneti-marelli-230016209087-polttoainesuutin"},"modified":"2021-02-21T17:08:38","modified_gmt":"2021-02-21T17:08:38","slug":"magneti-marelli-230016209087-polttoainesuutin","status":"publish","type":"product","link":"https:\/\/www.autonvaraosahaku.fi\/?product=magneti-marelli-230016209087-polttoainesuutin","title":{"rendered":"MAGNETI MARELLI 230016209087 Polttoainesuutin"},"content":{"rendered":"<p>K\u00e4ytt\u00f6: S\u00e4hk\u00f6inen; Moottorinumero: HFX\/TU1JP\/TU1A; PEUGEOT: 206 Schr\u00e4gheck 2A\/C,206 SW 2E\/K,PARTNER Combispace 5F; CITRO\u00cbN: BERLINGO MF,C2 JM_,C3 I FC_,BERLINGO Kasten M_; 1984C9, 9625587580, 1984C9<\/p>\n","protected":false},"excerpt":{"rendered":"<p>MAGNETI MARELLI Ruiskutusventtiili 230016209087  PEUGEOT,CITRO\u00cbN,206 Schr\u00e4gheck 2A\/C,206 SW 2E\/K,PARTNER Combispace 5F,BERLINGO MF,C2 JM_,C3 I FC_<\/p>\n","protected":false},"featured_media":0,"template":"","meta":{"site-sidebar-layout":"default","site-content-layout":"default","ast-global-header-display":"","ast-main-header-display":"","ast-hfb-above-header-display":"","ast-hfb-below-header-display":"","ast-hfb-mobile-header-display":"","site-post-title":"","ast-breadcrumbs-content":"","ast-featured-img":"","footer-sml-layout":"","theme-transparent-header-meta":"","adv-header-id-meta":"","stick-header-meta":"","header-above-stick-meta":"","header-main-stick-meta":"","header-below-stick-meta":""},"pwb-brand":[34],"product_cat":[346],"product_tag":[],"class_list":{"0":"post-45622","1":"product","2":"type-product","3":"status-publish","5":"pwb-brand-magneti-marelli","6":"product_cat-polttoainesuutin","7":"desktop-align-left","8":"tablet-align-left","9":"mobile-align-left","11":"first","12":"instock","13":"product-type-external"},"brands":[{"id":34,"name":"MAGNETI MARELLI","slug":"magneti-marelli"}],"_links":{"self":[{"href":"https:\/\/www.autonvaraosahaku.fi\/index.php?rest_route=\/wp\/v2\/product\/45622","targetHints":{"allow":["GET"]}}],"collection":[{"href":"https:\/\/www.autonvaraosahaku.fi\/index.php?rest_route=\/wp\/v2\/product"}],"about":[{"href":"https:\/\/www.autonvaraosahaku.fi\/index.php?rest_route=\/wp\/v2\/types\/product"}],"wp:attachment":[{"href":"https:\/\/www.autonvaraosahaku.fi\/index.php?rest_route=%2Fwp%2Fv2%2Fmedia&parent=45622"}],"wp:term":[{"taxonomy":"pwb-brand","embeddable":true,"href":"https:\/\/www.autonvaraosahaku.fi\/index.php?rest_route=%2Fwp%2Fv2%2Fpwb-brand&post=45622"},{"taxonomy":"product_cat","embeddable":true,"href":"https:\/\/www.autonvaraosahaku.fi\/index.php?rest_route=%2Fwp%2Fv2%2Fproduct_cat&post=45622"},{"taxonomy":"product_tag","embeddable":true,"href":"https:\/\/www.autonvaraosahaku.fi\/index.php?rest_route=%2Fwp%2Fv2%2Fproduct_tag&post=45622"}],"curies":[{"name":"wp","href":"https:\/\/api.w.org\/{rel}","templated":true}]}}