{"id":45677,"date":"2021-02-21T17:08:48","date_gmt":"2021-02-21T17:08:48","guid":{"rendered":"https:\/\/www.autonvaraosahaku.fi\/?product=van-wezel-0327832-sivupeilin-lasi"},"modified":"2021-02-21T17:08:52","modified_gmt":"2021-02-21T17:08:52","slug":"van-wezel-0327832-sivupeilin-lasi","status":"publish","type":"product","link":"https:\/\/www.autonvaraosahaku.fi\/?product=van-wezel-0327832-sivupeilin-lasi","title":{"rendered":"VAN WEZEL 0327832 Sivupeilin lasi"},"content":{"rendered":"<p>Asennuspuoli: Oikea; Ulko-\/sis\u00e4peili: Kupera, L\u00e4mmitett\u00e4v\u00e4; Ei varustelumuunnoksille: S3 \/ S4 \/ S5; parilliset tuotenumerot: 0327837; Laatu: Hagus; Vuosimallista: 2007; AUDI: A4 Avant 8K5, B8,A6 Avant 4F5, C6,A3 8P1,A3 Sportback 8PA,A4 8K2, B8,A6 4F2, C6,A8 4E_,Q3 8U,A3 Cabriolet 8P7; SKODA: OCTAVIA Combi 1Z5,SUPERB Kombi 3T5,OCTAVIA 1Z3,SUPERB 3T4; 4F0857536AE; Peililasi, Ulkopeili<\/p>\n","protected":false},"excerpt":{"rendered":"<p>VAN WEZEL Sivupeilin Lasi * HAGUS * 0327832 Peililasi, Ulkopeili AUDI,SKODA,A4 Avant 8K5, B8,A6 Avant 4F5, C6,A3 8P1,A3 Sportback 8PA,A4 8K2, B8<\/p>\n","protected":false},"featured_media":0,"template":"","meta":{"site-sidebar-layout":"default","site-content-layout":"default","ast-global-header-display":"","ast-main-header-display":"","ast-hfb-above-header-display":"","ast-hfb-below-header-display":"","ast-hfb-mobile-header-display":"","site-post-title":"","ast-breadcrumbs-content":"","ast-featured-img":"","footer-sml-layout":"","theme-transparent-header-meta":"","adv-header-id-meta":"","stick-header-meta":"","header-above-stick-meta":"","header-main-stick-meta":"","header-below-stick-meta":""},"pwb-brand":[54],"product_cat":[196],"product_tag":[],"class_list":{"0":"post-45677","1":"product","2":"type-product","3":"status-publish","5":"pwb-brand-van-wezel","6":"product_cat-sivupeilin-lasi","7":"desktop-align-left","8":"tablet-align-left","9":"mobile-align-left","11":"first","12":"instock","13":"product-type-external"},"brands":[{"id":54,"name":"VAN WEZEL","slug":"van-wezel"}],"_links":{"self":[{"href":"https:\/\/www.autonvaraosahaku.fi\/index.php?rest_route=\/wp\/v2\/product\/45677","targetHints":{"allow":["GET"]}}],"collection":[{"href":"https:\/\/www.autonvaraosahaku.fi\/index.php?rest_route=\/wp\/v2\/product"}],"about":[{"href":"https:\/\/www.autonvaraosahaku.fi\/index.php?rest_route=\/wp\/v2\/types\/product"}],"wp:attachment":[{"href":"https:\/\/www.autonvaraosahaku.fi\/index.php?rest_route=%2Fwp%2Fv2%2Fmedia&parent=45677"}],"wp:term":[{"taxonomy":"pwb-brand","embeddable":true,"href":"https:\/\/www.autonvaraosahaku.fi\/index.php?rest_route=%2Fwp%2Fv2%2Fpwb-brand&post=45677"},{"taxonomy":"product_cat","embeddable":true,"href":"https:\/\/www.autonvaraosahaku.fi\/index.php?rest_route=%2Fwp%2Fv2%2Fproduct_cat&post=45677"},{"taxonomy":"product_tag","embeddable":true,"href":"https:\/\/www.autonvaraosahaku.fi\/index.php?rest_route=%2Fwp%2Fv2%2Fproduct_tag&post=45677"}],"curies":[{"name":"wp","href":"https:\/\/api.w.org\/{rel}","templated":true}]}}