{"id":45681,"date":"2021-02-21T17:08:54","date_gmt":"2021-02-21T17:08:54","guid":{"rendered":"https:\/\/www.autonvaraosahaku.fi\/?product=mahle-original-oc-23-oljynsuodatin"},"modified":"2021-02-21T17:08:54","modified_gmt":"2021-02-21T17:08:54","slug":"mahle-original-oc-23-oljynsuodatin","status":"publish","type":"product","link":"https:\/\/www.autonvaraosahaku.fi\/?product=mahle-original-oc-23-oljynsuodatin","title":{"rendered":"MAHLE ORIGINAL OC 23 \u00d6ljynsuodatin"},"content":{"rendered":"<p>Suodatintyyppi: Ruuvattava suodatin; Korkeus (mm): 96,0, 96,0; Sis\u00e4l\u00e4pimitta 2 [mm]: 62,0; Liitinkierre: 3\/4-16UNF-2B; Kiristysmomentti: 20, 20, 20; Suositellun erikoisty\u00f6kalun tuotenumero: OCS 2, OCS 2, OCS 2; Vasen \/ oikea liikenne: f\u00fcr Linkslenker; VW: TARO; NISSAN: NAVARA D40; TOYOTA: LAND CRUISER KDJ12_, GRJ12_,SUPRA JZA80,HIACE IV Bus LH1_,CELICA RA2_, TA2_,HIACE IV Kasten LXH1_, RZH1_, LH1_,4 RUNNER KZN18_, VZN18_, RZN18_,HIACE III Wagon LH1_, RZH1_,HIACE IV Kasten TRH2_, KDH2_,CELICA Coupe RA4_, TA4_,HIACE III Kasten YH7_, LH6_, LH7_, LH5_, YH5_, YH6_,CELICA TA60, RA40, RA6_,COROLLA Liftback _E8_,COROLLA FX Compact E8B,CARINA II _T15_,COROLLA Station Wagon _E7_,CARINA II Stufenheck _T15_,MODELL F Bus _R2_, 31,COROLLA _E7_,COROLLA Liftback KE, TE,COROLLA _E8_,COROLLA Liftback _E7_,CARINA TA4L, TA6_L,CARINA TA1_,CAMRY Liftback _V1_,CAMRY Stufenheck _V1_,CARINA Station Wagon TA4K, TA6K,CORONA Liftback _T13_,LITEACE Kasten CM3_V, KM3_V,HILUX Pick-up GUN1_,CORONA XT1_, TT1_, RT1_,LITEACE Wagon YM2_, CM2_, KM2_; DAIHATSU: CHARMANT A; SAAB: 96,95 Station Wagon; FORD: ESCORT VII GAL, AAL, ABL,SIERRA GBG, GB4,TRANSIT  MK-5 Bus E_ _,ESCORT VI GAL,SCORPIO II GFR, GGR,SIERRA Schr\u00e4gheck GBC, GBG,TRANSIT Kasten T_ _,TRANSIT MK-5 Pritsche\/Fahrgestell E_ _,TRANSIT Bus V_ _,SCORPIO I GAE, GGE,TRANSIT Bus T_ _,TRANSIT Bus MK-4 E_ _,CAPRI III GECP,SIERRA Schr\u00e4gheck GBC,TRANSIT MK-5 Kasten E_ _,ESCORT II ATH,TRANSIT MK-4 Pritsche\/Fahrgestell E_ _,ESCORT III GAA,SCORPIO II Kombi GNR, GGR,SCORPIO I Stufenheck GGE,ESCORT I AFH, ATH,TRANSIT Kasten V_ _,TRANSIT Pritsche\/Fahrgestell V_ _,TRANSIT Kasten 81E,ESCORT V GAL,TRANSIT MK-4 Kasten E_ _,SIERRA Kombi BNG,GRANADA GU,TRANSIT Bus 72E, 73E,TRANSIT Pritsche\/Fahrgestell T_ _,CAPRI II GECP,SCORPIO I Kombi GGE,TRANSIT Kasten 72E, 71E,SIERRA Kombi BNC,GRANADA Kombi GNU,TAUNUS 17M Turnier P3,TAUNUS 12M P4,GRANADA GGTL, GGFL,GRANADA Coupe GGCL,TRANSIT &#8217;55- Bus,TRANSIT Pritsche\/Fahrgestell 74E,TAUNUS 12M,TRANSIT &#8217;55- Kasten,TAUNUS 17M Turnier 21,TAUNUS 20M,TAUNUS 20M XL 52F,TAUNUS 17M Turnier 35F;; MG: MGB Cabriolet,MGB GT; FIAT: UNO 146A\/E,131,RITMO I 138A,CAMPAGNOLA,131 Familiare\/Panorama; UAZ: PATRIOT; ALPINE: A310; J1560125010, 2647020, 2647872, 3549957, J1560125010, 1560087104, 1560125010, 1560187307, 446275, 7075753, 82360558, 82361657, HB03028811, 0HM6716BA, 11405640, 11425472, 11436936, 11464467, 11464497, 11464498, 11525472, 11525802, 1473773, 1482151, 1508831, 1515160, 1520660, 1555451, 1556297, 1564767, 1565486, 2167934, 2167938, 2720E6714A, 2720E6714AA, 2724E6714A, 2724E6714AA, 2724E6714B, 2724E6714C, 2724E6731C, 5001248, 5002230, 5003559, 5003560, 5003561, 5003915, 5003931, 5003932, 5008677, 5016957, 5018351, 5018355, 5024424, 6061629, 692M6714AA, 6M21600D16AD34D8, 70HH6714AB, 70HM6714AA, 70HM6714AB, 70HM6714BB, 74HM6714AA, 74HM6714BA, 74HM6714BB, 74HM6714CA, 74HM6714CB, 78HM6714AA, 83AU6714B, 870X6714RA, 870X6714UA, 89HX6714AA, 8V5T14A584GFD, 94MM6714AA, A690X6731CA, A700X6714HA, A710X6714CA, A710X6714DA, A710X6714EA, A740X6714FA, A750X6714CA, A770X6714AAA, A770X6714KA, A770X6714LA, A770X6714MA, A770X6714RA, A770X6714UA, A810X6714CA, C3AZ6731A, C4NN6714A, C6TZ6714A, CC11AZ6731A, D1RY6&#8230;<\/p>\n","protected":false},"excerpt":{"rendered":"<p>MAHLE ORIGINAL \u00d6ljynsuodatin OC 23  VW,NISSAN,TOYOTA,TARO,NAVARA D40,LAND CRUISER KDJ12_, GRJ12_,SUPRA JZA80,HIACE IV Bus LH1_,CELICA RA2_, TA2_<\/p>\n","protected":false},"featured_media":0,"template":"","meta":{"site-sidebar-layout":"default","site-content-layout":"default","ast-global-header-display":"","ast-main-header-display":"","ast-hfb-above-header-display":"","ast-hfb-below-header-display":"","ast-hfb-mobile-header-display":"","site-post-title":"","ast-breadcrumbs-content":"","ast-featured-img":"","footer-sml-layout":"","theme-transparent-header-meta":"","adv-header-id-meta":"","stick-header-meta":"","header-above-stick-meta":"","header-main-stick-meta":"","header-below-stick-meta":""},"pwb-brand":[153],"product_cat":[30],"product_tag":[],"class_list":{"0":"post-45681","1":"product","2":"type-product","3":"status-publish","5":"pwb-brand-mahle-original","6":"product_cat-oljynsuodatin","7":"desktop-align-left","8":"tablet-align-left","9":"mobile-align-left","11":"first","12":"instock","13":"product-type-external"},"brands":[{"id":153,"name":"MAHLE ORIGINAL","slug":"mahle-original"}],"_links":{"self":[{"href":"https:\/\/www.autonvaraosahaku.fi\/index.php?rest_route=\/wp\/v2\/product\/45681","targetHints":{"allow":["GET"]}}],"collection":[{"href":"https:\/\/www.autonvaraosahaku.fi\/index.php?rest_route=\/wp\/v2\/product"}],"about":[{"href":"https:\/\/www.autonvaraosahaku.fi\/index.php?rest_route=\/wp\/v2\/types\/product"}],"wp:attachment":[{"href":"https:\/\/www.autonvaraosahaku.fi\/index.php?rest_route=%2Fwp%2Fv2%2Fmedia&parent=45681"}],"wp:term":[{"taxonomy":"pwb-brand","embeddable":true,"href":"https:\/\/www.autonvaraosahaku.fi\/index.php?rest_route=%2Fwp%2Fv2%2Fpwb-brand&post=45681"},{"taxonomy":"product_cat","embeddable":true,"href":"https:\/\/www.autonvaraosahaku.fi\/index.php?rest_route=%2Fwp%2Fv2%2Fproduct_cat&post=45681"},{"taxonomy":"product_tag","embeddable":true,"href":"https:\/\/www.autonvaraosahaku.fi\/index.php?rest_route=%2Fwp%2Fv2%2Fproduct_tag&post=45681"}],"curies":[{"name":"wp","href":"https:\/\/api.w.org\/{rel}","templated":true}]}}