{"id":45704,"date":"2021-02-21T17:08:59","date_gmt":"2021-02-21T17:08:59","guid":{"rendered":"https:\/\/www.autonvaraosahaku.fi\/?product=mahle-original-ox-163-4d-oljynsuodatin"},"modified":"2021-02-21T17:09:00","modified_gmt":"2021-02-21T17:09:00","slug":"mahle-original-ox-163-4d-oljynsuodatin","status":"publish","type":"product","link":"https:\/\/www.autonvaraosahaku.fi\/?product=mahle-original-ox-163-4d-oljynsuodatin","title":{"rendered":"MAHLE ORIGINAL OX 163\/4D \u00d6ljynsuodatin"},"content":{"rendered":"<p>Suodatintyyppi: Suodatinpanos; Korkeus (mm): 92,0; Korkeus 1 (mm): 82,0; L\u00e4pimitta [mm]: 73,0; Sis\u00e4l\u00e4pimitta 1 [mm]: 31,15; L\u00e4pimitta 3 [mm]: 31,15; Tiivisteen l\u00e4pimitta [mm]: 31,15; Valmistaja rajaus: 479; HONDA: CIVIC VII Hatchback EU, EP, EV; OPEL: CORSA C F08, F68,ASTRA H Caravan L35,MERIVA,ASTRA G CC F48_, F08_,ASTRA H L48,ASTRA G Caravan F35_,ASTRA H GTC L08,COMBO Kasten\/Kombi,ASTRA G Stufenheck F69_,COMBO Tour,CORSA C Kasten F08, W5L,ASTRA H Stufenheck L69,ASTRA H Kasten L70,CORSA C Utility Pick-up,ASTRA G Kasten F70,CORSA B Utility Pick-up,ASTRA G CLASSIC Caravan F35,ASTRA G CLASSIC T98; VAUXHALL: ASTRA Mk V H CC,CORSA Mk II C W5L, F08,ASTRA Mk V H Estate,ASTRA Mk IV G CC,CORSAVAN Mk II C,ASTRA Mk IV G Sedan,MERIVA Mk I A,ASTRAVAN Mk V H,ASTRAVAN Mk IV G,COMBO TOUR Mk II C F25,COMBO Mk II C Kasten\/Kombi F25,ASTRA Mk IV G Estate; 90511146, 90541162, 91149521, 91151707, 94314263, 97223218, 93190777, 15400PLZD00, 15430PLZD00, 8972231870, 8972232181, 0650300, 5650380, 650300, 93190777, 95526811, 97223218, 93190777, 97223218<\/p>\n","protected":false},"excerpt":{"rendered":"<p>MAHLE ORIGINAL \u00d6ljynsuodatin OX 163\/4D  HONDA,OPEL,VAUXHALL,CIVIC VII Hatchback EU, EP, EV,CORSA C F08, F68,ASTRA H Caravan L35,MERIVA<\/p>\n","protected":false},"featured_media":0,"template":"","meta":{"site-sidebar-layout":"default","site-content-layout":"default","ast-global-header-display":"","ast-main-header-display":"","ast-hfb-above-header-display":"","ast-hfb-below-header-display":"","ast-hfb-mobile-header-display":"","site-post-title":"","ast-breadcrumbs-content":"","ast-featured-img":"","footer-sml-layout":"","theme-transparent-header-meta":"","adv-header-id-meta":"","stick-header-meta":"","header-above-stick-meta":"","header-main-stick-meta":"","header-below-stick-meta":""},"pwb-brand":[153],"product_cat":[30],"product_tag":[],"class_list":{"0":"post-45704","1":"product","2":"type-product","3":"status-publish","5":"pwb-brand-mahle-original","6":"product_cat-oljynsuodatin","7":"desktop-align-left","8":"tablet-align-left","9":"mobile-align-left","11":"first","12":"instock","13":"product-type-external"},"brands":[{"id":153,"name":"MAHLE ORIGINAL","slug":"mahle-original"}],"_links":{"self":[{"href":"https:\/\/www.autonvaraosahaku.fi\/index.php?rest_route=\/wp\/v2\/product\/45704","targetHints":{"allow":["GET"]}}],"collection":[{"href":"https:\/\/www.autonvaraosahaku.fi\/index.php?rest_route=\/wp\/v2\/product"}],"about":[{"href":"https:\/\/www.autonvaraosahaku.fi\/index.php?rest_route=\/wp\/v2\/types\/product"}],"wp:attachment":[{"href":"https:\/\/www.autonvaraosahaku.fi\/index.php?rest_route=%2Fwp%2Fv2%2Fmedia&parent=45704"}],"wp:term":[{"taxonomy":"pwb-brand","embeddable":true,"href":"https:\/\/www.autonvaraosahaku.fi\/index.php?rest_route=%2Fwp%2Fv2%2Fpwb-brand&post=45704"},{"taxonomy":"product_cat","embeddable":true,"href":"https:\/\/www.autonvaraosahaku.fi\/index.php?rest_route=%2Fwp%2Fv2%2Fproduct_cat&post=45704"},{"taxonomy":"product_tag","embeddable":true,"href":"https:\/\/www.autonvaraosahaku.fi\/index.php?rest_route=%2Fwp%2Fv2%2Fproduct_tag&post=45704"}],"curies":[{"name":"wp","href":"https:\/\/api.w.org\/{rel}","templated":true}]}}