{"id":45708,"date":"2021-02-21T17:08:59","date_gmt":"2021-02-21T17:08:59","guid":{"rendered":"https:\/\/www.autonvaraosahaku.fi\/?product=magneti-marelli-062900090304-hehkutulppa"},"modified":"2021-02-21T17:09:01","modified_gmt":"2021-02-21T17:09:01","slug":"magneti-marelli-062900090304-hehkutulppa","status":"publish","type":"product","link":"https:\/\/www.autonvaraosahaku.fi\/?product=magneti-marelli-062900090304-hehkutulppa","title":{"rendered":"MAGNETI MARELLI 062900090304 Hehkutulppa"},"content":{"rendered":"<p>Kiristysmomentti > [Nm]: 8; Virta (A): 8; Liittimet: PIN; Kiristysmomentti enint\u00e4\u00e4n [Nm]: 12; Hehkutulppatyyppi: Metallihehkutulppa; Asennuskulma: 93; J\u00e4nnite (V): 4,4; Pituus 1 (mm): 70; Pituus 2 (mm): 27,5; Kokonaispituus (mm): 119; Kierremitta: M9X1; Avainv\u00e4li: 9; L\u00e4mmitysaika [min]: 2; TECDOC-moottorinumero: 23881; OPEL: CORSA D,ASTRA J Sports Tourer,ASTRA J,MERIVA B,ASTRA J Stufenheck,CORSA D Van,COMBO Kasten\/Kombi X12,COMBO Tour X12; FORD: KA RU8; FIAT: GRANDE PUNTO 199,PANDA 169,500 312,PUNTO EVO 199,500 C 312,DOBLO Kasten\/Kombi 263,PUNTO 199,IDEA,PANDA 312,QUBO 225,500L,DOBLO Gro\u00dfraumlimousine 152, 263,FIORINO Kasten\/Kombi 225,LINEA 323,PUNTO Van 199,DOBLO Pritsche\/Fahrgestell 263,STRADA Pick-up 578_,500X,TIPO Schr\u00e4gheck 356_,PANDA VAN 312,TIPO Kombi 356_,TIPO Stufenheck 356_,PUNTO EVO Van 199_; PEUGEOT: BIPPER AA_,BIPPER Tepee; CITRO\u00cbN: NEMO Kasten AA_,NEMO Kombi; CHEVROLET: AVEO Schr\u00e4gheck T300,AVEO Stufenheck T300; ALFA ROMEO: MITO 955; LANCIA: YPSILON 843,MUSA 350,YPSILON 312, 846; VAUXHALL: CORSA Mk III D L_8,CORSAVAN Mk III D,MERIVA Mk II B,COMBO Mk III D Kasten\/Kombi; 55210051, 55564219, 55664219, 5960L4, 0000071772815, 55210051, 55238404, 1724842, BS516M090AA, 55210051, 1826357, 55564219, 5960L4, 55564219<\/p>\n","protected":false},"excerpt":{"rendered":"<p>MAGNETI MARELLI Hehkutulppa 062900090304  OPEL,FORD,FIAT,CORSA D,ASTRA J Sports Tourer,ASTRA J,MERIVA B,ASTRA J Stufenheck,CORSA D Van<\/p>\n","protected":false},"featured_media":0,"template":"","meta":{"site-sidebar-layout":"default","site-content-layout":"default","ast-global-header-display":"","ast-main-header-display":"","ast-hfb-above-header-display":"","ast-hfb-below-header-display":"","ast-hfb-mobile-header-display":"","site-post-title":"","ast-breadcrumbs-content":"","ast-featured-img":"","footer-sml-layout":"","theme-transparent-header-meta":"","adv-header-id-meta":"","stick-header-meta":"","header-above-stick-meta":"","header-main-stick-meta":"","header-below-stick-meta":""},"pwb-brand":[34],"product_cat":[52],"product_tag":[],"class_list":{"0":"post-45708","1":"product","2":"type-product","3":"status-publish","5":"pwb-brand-magneti-marelli","6":"product_cat-hehkutulppa","7":"desktop-align-left","8":"tablet-align-left","9":"mobile-align-left","11":"first","12":"instock","13":"product-type-external"},"brands":[{"id":34,"name":"MAGNETI MARELLI","slug":"magneti-marelli"}],"_links":{"self":[{"href":"https:\/\/www.autonvaraosahaku.fi\/index.php?rest_route=\/wp\/v2\/product\/45708","targetHints":{"allow":["GET"]}}],"collection":[{"href":"https:\/\/www.autonvaraosahaku.fi\/index.php?rest_route=\/wp\/v2\/product"}],"about":[{"href":"https:\/\/www.autonvaraosahaku.fi\/index.php?rest_route=\/wp\/v2\/types\/product"}],"wp:attachment":[{"href":"https:\/\/www.autonvaraosahaku.fi\/index.php?rest_route=%2Fwp%2Fv2%2Fmedia&parent=45708"}],"wp:term":[{"taxonomy":"pwb-brand","embeddable":true,"href":"https:\/\/www.autonvaraosahaku.fi\/index.php?rest_route=%2Fwp%2Fv2%2Fpwb-brand&post=45708"},{"taxonomy":"product_cat","embeddable":true,"href":"https:\/\/www.autonvaraosahaku.fi\/index.php?rest_route=%2Fwp%2Fv2%2Fproduct_cat&post=45708"},{"taxonomy":"product_tag","embeddable":true,"href":"https:\/\/www.autonvaraosahaku.fi\/index.php?rest_route=%2Fwp%2Fv2%2Fproduct_tag&post=45708"}],"curies":[{"name":"wp","href":"https:\/\/api.w.org\/{rel}","templated":true}]}}