{"id":45713,"date":"2021-02-21T17:08:59","date_gmt":"2021-02-21T17:08:59","guid":{"rendered":"https:\/\/www.autonvaraosahaku.fi\/?product=denso-dcri107060-polttoainesuutin"},"modified":"2021-02-21T17:09:02","modified_gmt":"2021-02-21T17:09:02","slug":"denso-dcri107060-polttoainesuutin","status":"publish","type":"product","link":"https:\/\/www.autonvaraosahaku.fi\/?product=denso-dcri107060-polttoainesuutin","title":{"rendered":"DENSO DCRI107060 Polttoainesuutin"},"content":{"rendered":"<p>Valmistaja rajaus: Ford; K\u00e4ytt\u00f6: s\u00e4hk\u00f6ohjattu; Paino [g]: 560; Tarvittava kappalem\u00e4\u00e4r\u00e4: 4; LAND ROVER: DEFENDER Station Wagon LD,DEFENDER Pick-up LD_,DEFENDER Cabrio LD; FORD: TRANSIT MK-7 Kasten,TRANSIT MK-7 Bus,TRANSIT MK-7 Pritsche\/Fahrgestell,TRANSIT TOURNEO FB; 1495919, 1545621, 6C1Q9K546BB, 6C1Q9K546BC, RM6C1Q9K546BC, LR006803, LR010137; Ruiskutussuutin,Ruiskusuutin,Pumppusuutin<\/p>\n","protected":false},"excerpt":{"rendered":"<p>DENSO Polttoainesuutin DCRI107060 Ruiskutussuutin,Ruiskusuutin LAND ROVER,FORD,DEFENDER Station Wagon LD,DEFENDER Pick-up LD_,DEFENDER Cabrio LD<\/p>\n","protected":false},"featured_media":0,"template":"","meta":{"site-sidebar-layout":"default","site-content-layout":"default","ast-global-header-display":"","ast-main-header-display":"","ast-hfb-above-header-display":"","ast-hfb-below-header-display":"","ast-hfb-mobile-header-display":"","site-post-title":"","ast-breadcrumbs-content":"","ast-featured-img":"","footer-sml-layout":"","theme-transparent-header-meta":"","adv-header-id-meta":"","stick-header-meta":"","header-above-stick-meta":"","header-main-stick-meta":"","header-below-stick-meta":""},"pwb-brand":[278],"product_cat":[346],"product_tag":[],"class_list":{"0":"post-45713","1":"product","2":"type-product","3":"status-publish","5":"pwb-brand-denso","6":"product_cat-polttoainesuutin","7":"desktop-align-left","8":"tablet-align-left","9":"mobile-align-left","11":"first","12":"instock","13":"product-type-external"},"brands":[{"id":278,"name":"DENSO","slug":"denso"}],"_links":{"self":[{"href":"https:\/\/www.autonvaraosahaku.fi\/index.php?rest_route=\/wp\/v2\/product\/45713","targetHints":{"allow":["GET"]}}],"collection":[{"href":"https:\/\/www.autonvaraosahaku.fi\/index.php?rest_route=\/wp\/v2\/product"}],"about":[{"href":"https:\/\/www.autonvaraosahaku.fi\/index.php?rest_route=\/wp\/v2\/types\/product"}],"wp:attachment":[{"href":"https:\/\/www.autonvaraosahaku.fi\/index.php?rest_route=%2Fwp%2Fv2%2Fmedia&parent=45713"}],"wp:term":[{"taxonomy":"pwb-brand","embeddable":true,"href":"https:\/\/www.autonvaraosahaku.fi\/index.php?rest_route=%2Fwp%2Fv2%2Fpwb-brand&post=45713"},{"taxonomy":"product_cat","embeddable":true,"href":"https:\/\/www.autonvaraosahaku.fi\/index.php?rest_route=%2Fwp%2Fv2%2Fproduct_cat&post=45713"},{"taxonomy":"product_tag","embeddable":true,"href":"https:\/\/www.autonvaraosahaku.fi\/index.php?rest_route=%2Fwp%2Fv2%2Fproduct_tag&post=45713"}],"curies":[{"name":"wp","href":"https:\/\/api.w.org\/{rel}","templated":true}]}}