{"id":45735,"date":"2021-02-21T17:09:05","date_gmt":"2021-02-21T17:09:05","guid":{"rendered":"https:\/\/www.autonvaraosahaku.fi\/?product=hella-5dr-004-243-111-laturin-jannitteensaadin"},"modified":"2021-02-21T17:09:08","modified_gmt":"2021-02-21T17:09:08","slug":"hella-5dr-004-243-111-laturin-jannitteensaadin","status":"publish","type":"product","link":"https:\/\/www.autonvaraosahaku.fi\/?product=hella-5dr-004-243-111-laturin-jannitteensaadin","title":{"rendered":"HELLA 5DR 004 243-111 Laturin j\u00e4nnitteens\u00e4\u00e4din"},"content":{"rendered":"<p>Valmistaja rajaus: Bosch; Nimellisj\u00e4nnite (V): 12; K\u00e4ytt\u00f6j\u00e4nnite [V]: 14,4; Valmistusvuosi alkaen: 05\/1971; VW: TRANSPORTER II Bus,TRANSPORTER II Kasten,TRANSPORTER II Pritsche\/Fahrgestell; MERCEDES-BENZ: SL R107,S-CLASS W108, W109,S-CLASS W116,COUPE W111,SL Coupe C107,CABRIOLET W111; BMW: 02 E10,5 E12,02 Cabriolet E10; OPEL: KADETT C Coupe,MANTA B 58_, 59_,KADETT B,KADETT C,OPEL,ASCONA B 81_, 86_, 87_, 88_,REKORD E 17_-19_, 11_, 14_, 16_,MANTA A 58_, 59_,REKORD C,KADETT B Coupe,REKORD D,ASCONA A 81_, 86_, 87_, 88_,MANTA B CC 53_, 55_,KADETT C City,COMMODORE B Coupe,COMMODORE B,REKORD C Coupe,REKORD E Caravan 61_, 66_, 67_,REKORD D Coupe,KADETT C Caravan,KADETT B Caravan,REKORD C Caravan,REKORD D Caravan,ASCONA A Voyage 84_, 89_; FORD: CAPRI III GECP,ESCORT II ATH,ESCORT I AFH, ATH,CAPRI II GECP,GRANADA GGTL, GGFL,ESCORT II Kombi,GRANADA Kombi GGNL; RENAULT: 4 112_,5 122_,4 Kasten R21_, R23_,12,16 115_,18 134_,18 Variable 135_,5 Kasten 238_,12 Variable 117_,20 127_,14 121_,18 Kasten,12 Kasten,SUPER 5 Kasten S40_; FIAT: X 1\/9 128 AS,127,128 Coupe,128; CITRO\u00cbN: AX ZA-_,2 CV,CX I MA,CX I Break MA,GS,GS Break; VOLVO: 240 Kombi P245,240 P242, P244,340-360 343, 345,140 142, 144,260 P262, P264,260 Kombi P265; ALFA ROMEO: SPIDER 115,SPIDER 105,GIULIA,GT,GTV 116,ALFETTA GT 116,ALFASUD Sprint 902.A,ALFETTA 116,ALFASUD 901,GIULIETTA 116,ALFASUD Giardinetta 904; 10536650280, 105366502800, 1053665028000, 1053865028, 4224067, 4224467, 51061000000, 510610000000, 5106100000000, 530165, 75213456, 75218018, 8122182, 82264822, 021903803A, 028903803, 043903803B, 059903803, 059903803A, 21903803, 219038031, 2991055, 411903803A, 12321244409, 12321350052, 12321357499, 12321358109, 12321358134, 12328708000, 1244409, 1350052, 135005200, 1355456, 1357499, 1358109, 1358134, 1359039, 65311359039, 8708000, 8708800, AL5351, AL535101, AL535101A, 1308030, 241534, 241808, 241960, 246585, 248279, 266941, 530878, 531914, 588950, 6212039, 4224067, 4224467, 75213456, 75218018, 8122182, 82264822, 4224067, 4224467, 75213456, 75218018, 8122182, 82264822, 11436766, 11444237, 11444238, 11444273, 444238, 5000995, 5011363, 5018311, 6025611, 72VG10316AA, 73BB10316AA, 74BB10316AA, D1RY10316C, D5RY10316A, D6RY10316A, 39029670, 01160376, 01163008, 1160363EF8976, 1160376EF89761, 8122182, 8198177, 294290600, 4224067, 4224467, 75213456, 75218018, 8122182, 82264822, 51256017037, 81&#8230;; Laturin S\u00e4\u00e4din,J\u00e4nniteens\u00e4\u00e4din<\/p>\n","protected":false},"excerpt":{"rendered":"<p>HELLA Laturin J\u00e4nnitteens\u00e4\u00e4din 5DR 004 243-111 Laturin S\u00e4\u00e4din,J\u00e4nniteens\u00e4\u00e4din VW,MERCEDES-BENZ,BMW,TRANSPORTER II Bus,TRANSPORTER II Kasten<\/p>\n","protected":false},"featured_media":0,"template":"","meta":{"site-sidebar-layout":"default","site-content-layout":"default","ast-global-header-display":"","ast-main-header-display":"","ast-hfb-above-header-display":"","ast-hfb-below-header-display":"","ast-hfb-mobile-header-display":"","site-post-title":"","ast-breadcrumbs-content":"","ast-featured-img":"","footer-sml-layout":"","theme-transparent-header-meta":"","adv-header-id-meta":"","stick-header-meta":"","header-above-stick-meta":"","header-main-stick-meta":"","header-below-stick-meta":""},"pwb-brand":[24],"product_cat":[420],"product_tag":[],"class_list":{"0":"post-45735","1":"product","2":"type-product","3":"status-publish","5":"pwb-brand-hella","6":"product_cat-laturin-jannitteensaadin","7":"desktop-align-left","8":"tablet-align-left","9":"mobile-align-left","11":"first","12":"instock","13":"product-type-external"},"brands":[{"id":24,"name":"HELLA","slug":"hella"}],"_links":{"self":[{"href":"https:\/\/www.autonvaraosahaku.fi\/index.php?rest_route=\/wp\/v2\/product\/45735","targetHints":{"allow":["GET"]}}],"collection":[{"href":"https:\/\/www.autonvaraosahaku.fi\/index.php?rest_route=\/wp\/v2\/product"}],"about":[{"href":"https:\/\/www.autonvaraosahaku.fi\/index.php?rest_route=\/wp\/v2\/types\/product"}],"wp:attachment":[{"href":"https:\/\/www.autonvaraosahaku.fi\/index.php?rest_route=%2Fwp%2Fv2%2Fmedia&parent=45735"}],"wp:term":[{"taxonomy":"pwb-brand","embeddable":true,"href":"https:\/\/www.autonvaraosahaku.fi\/index.php?rest_route=%2Fwp%2Fv2%2Fpwb-brand&post=45735"},{"taxonomy":"product_cat","embeddable":true,"href":"https:\/\/www.autonvaraosahaku.fi\/index.php?rest_route=%2Fwp%2Fv2%2Fproduct_cat&post=45735"},{"taxonomy":"product_tag","embeddable":true,"href":"https:\/\/www.autonvaraosahaku.fi\/index.php?rest_route=%2Fwp%2Fv2%2Fproduct_tag&post=45735"}],"curies":[{"name":"wp","href":"https:\/\/api.w.org\/{rel}","templated":true}]}}