{"id":45740,"date":"2021-02-21T17:09:10","date_gmt":"2021-02-21T17:09:10","guid":{"rendered":"https:\/\/www.autonvaraosahaku.fi\/?product=topran-100-619-ilmansuodatin"},"modified":"2021-02-21T17:09:10","modified_gmt":"2021-02-21T17:09:10","slug":"topran-100-619-ilmansuodatin","status":"publish","type":"product","link":"https:\/\/www.autonvaraosahaku.fi\/?product=topran-100-619-ilmansuodatin","title":{"rendered":"TOPRAN 100 619 Ilmansuodatin"},"content":{"rendered":"<p>Suodatintyyppi: Suodatinpanos; Muoto: Py\u00f6re\u00e4; Ulkol\u00e4pimitta [mm]: 277; Sis\u00e4l\u00e4pimitta [mm]: 225; Korkeus (mm): 62; Runkomateriaali: Solumuovi; Korvaava tuote\/korvaava tiedote 2: Reunavahvistuksella; Moottorinumero: YJ; VW: LUPO 6X1, 6E1,GOLF III 1H1,POLO 6N1,GOLF II 19E, 1G1,GOLF III Variant 1H5,POLO 86C, 80,POLO CLASSIC 6KV2,VENTO 1H2,JETTA II 19E, 1G2, 165,POLO CLASSIC 86C, 80,CADDY II Kombi 9K9B,PASSAT 32B,PASSAT Variant 33; AUDI: 80 8C, B4,80 89, 89Q, 8A, B3,80 Avant 8C, B4,100 44, 44Q, C3,80 81, 85, B2,80 80, 82, B1,100 43, C2; SKODA: OCTAVIA Combi 1U5,OCTAVIA 1U2; SEAT: AROSA 6H,IBIZA II 6K1,CORDOBA 6K1, 6K2,INCA 6K9; 032129620, 052129620A, 056129620, 032129620, 052129620A, 056129620, 032129620, 052129620A, 056129620, 032129620, 052129620A, 056129620<\/p>\n","protected":false},"excerpt":{"rendered":"<p>TOPRAN Ilmansuodatin 100 619  VW,AUDI,SKODA,LUPO 6X1, 6E1,GOLF III 1H1,POLO 6N1,GOLF II 19E, 1G1,GOLF III Variant 1H5,POLO 86C, 80,POLO CLASSIC 6KV2<\/p>\n","protected":false},"featured_media":0,"template":"","meta":{"site-sidebar-layout":"default","site-content-layout":"default","ast-global-header-display":"","ast-main-header-display":"","ast-hfb-above-header-display":"","ast-hfb-below-header-display":"","ast-hfb-mobile-header-display":"","site-post-title":"","ast-breadcrumbs-content":"","ast-featured-img":"","footer-sml-layout":"","theme-transparent-header-meta":"","adv-header-id-meta":"","stick-header-meta":"","header-above-stick-meta":"","header-main-stick-meta":"","header-below-stick-meta":""},"pwb-brand":[18],"product_cat":[31],"product_tag":[],"class_list":{"0":"post-45740","1":"product","2":"type-product","3":"status-publish","5":"pwb-brand-topran","6":"product_cat-ilmansuodatin","7":"desktop-align-left","8":"tablet-align-left","9":"mobile-align-left","11":"first","12":"instock","13":"product-type-external"},"brands":[{"id":18,"name":"TOPRAN","slug":"topran"}],"_links":{"self":[{"href":"https:\/\/www.autonvaraosahaku.fi\/index.php?rest_route=\/wp\/v2\/product\/45740","targetHints":{"allow":["GET"]}}],"collection":[{"href":"https:\/\/www.autonvaraosahaku.fi\/index.php?rest_route=\/wp\/v2\/product"}],"about":[{"href":"https:\/\/www.autonvaraosahaku.fi\/index.php?rest_route=\/wp\/v2\/types\/product"}],"wp:attachment":[{"href":"https:\/\/www.autonvaraosahaku.fi\/index.php?rest_route=%2Fwp%2Fv2%2Fmedia&parent=45740"}],"wp:term":[{"taxonomy":"pwb-brand","embeddable":true,"href":"https:\/\/www.autonvaraosahaku.fi\/index.php?rest_route=%2Fwp%2Fv2%2Fpwb-brand&post=45740"},{"taxonomy":"product_cat","embeddable":true,"href":"https:\/\/www.autonvaraosahaku.fi\/index.php?rest_route=%2Fwp%2Fv2%2Fproduct_cat&post=45740"},{"taxonomy":"product_tag","embeddable":true,"href":"https:\/\/www.autonvaraosahaku.fi\/index.php?rest_route=%2Fwp%2Fv2%2Fproduct_tag&post=45740"}],"curies":[{"name":"wp","href":"https:\/\/api.w.org\/{rel}","templated":true}]}}