{"id":45742,"date":"2021-02-21T17:09:10","date_gmt":"2021-02-21T17:09:10","guid":{"rendered":"https:\/\/www.autonvaraosahaku.fi\/?product=mahle-original-ox-32d-oljynsuodatin"},"modified":"2021-02-21T17:09:11","modified_gmt":"2021-02-21T17:09:11","slug":"mahle-original-ox-32d-oljynsuodatin","status":"publish","type":"product","link":"https:\/\/www.autonvaraosahaku.fi\/?product=mahle-original-ox-32d-oljynsuodatin","title":{"rendered":"MAHLE ORIGINAL OX 32D \u00d6ljynsuodatin"},"content":{"rendered":"<p>Suodatintyyppi: Suodatinpanos; Korkeus (mm): 121,0; Korkeus 1 (mm): 117,0; L\u00e4pimitta [mm]: 84,0; Sis\u00e4l\u00e4pimitta 1 [mm]: 11,4; L\u00e4pimitta 3 [mm]: 23,4; L\u00e4pimitta 4 [mm]: 23,4; Tiivisteen l\u00e4pimitta [mm]: 11,4; Korkeus (tuumaa): 5,12; Leveys (tuumaa): 3,54; Pituus (tuumaa): 3,54; MERCEDES-BENZ: SL R107,Stufenheck W123,S-CLASS W126,G-CLASS W463,G-CLASS W460,COUPE C123,S-CLASS W108, W109,S-CLASS W116,COUPE W111,S-CLASS Coupe C126,KOMBI Kombi S123,SL Coupe C107,CABRIOLET W111; PUCH: G-MODELL W 460; 5001153, 5001502, 5002175, 5010919, 5017787, A740X6731DA, A740X6731JA, A750X6731AA, A830X6744AA, 7984978, 7984979, 0001800309, 0001800509, 0001800609, 0001846525, 0001849825, 0001849925, 0011845925, 0011846425, 0011846525, 0011849825, A0001800309, A0001800509, A0001800609, A0001846525, A0001849825, A0001849925, A0011845925, A0011846425, A0011846525, A0011849825<\/p>\n","protected":false},"excerpt":{"rendered":"<p>MAHLE ORIGINAL \u00d6ljynsuodatin OX 32D  MERCEDES-BENZ,PUCH,SL R107,Stufenheck W123,S-CLASS W126,G-CLASS W463,G-CLASS W460,COUPE C123,S-CLASS W108, W109<\/p>\n","protected":false},"featured_media":0,"template":"","meta":{"site-sidebar-layout":"default","site-content-layout":"default","ast-global-header-display":"","ast-main-header-display":"","ast-hfb-above-header-display":"","ast-hfb-below-header-display":"","ast-hfb-mobile-header-display":"","site-post-title":"","ast-breadcrumbs-content":"","ast-featured-img":"","footer-sml-layout":"","theme-transparent-header-meta":"","adv-header-id-meta":"","stick-header-meta":"","header-above-stick-meta":"","header-main-stick-meta":"","header-below-stick-meta":""},"pwb-brand":[153],"product_cat":[30],"product_tag":[],"class_list":{"0":"post-45742","1":"product","2":"type-product","3":"status-publish","5":"pwb-brand-mahle-original","6":"product_cat-oljynsuodatin","7":"desktop-align-left","8":"tablet-align-left","9":"mobile-align-left","11":"first","12":"instock","13":"product-type-external"},"brands":[{"id":153,"name":"MAHLE ORIGINAL","slug":"mahle-original"}],"_links":{"self":[{"href":"https:\/\/www.autonvaraosahaku.fi\/index.php?rest_route=\/wp\/v2\/product\/45742","targetHints":{"allow":["GET"]}}],"collection":[{"href":"https:\/\/www.autonvaraosahaku.fi\/index.php?rest_route=\/wp\/v2\/product"}],"about":[{"href":"https:\/\/www.autonvaraosahaku.fi\/index.php?rest_route=\/wp\/v2\/types\/product"}],"wp:attachment":[{"href":"https:\/\/www.autonvaraosahaku.fi\/index.php?rest_route=%2Fwp%2Fv2%2Fmedia&parent=45742"}],"wp:term":[{"taxonomy":"pwb-brand","embeddable":true,"href":"https:\/\/www.autonvaraosahaku.fi\/index.php?rest_route=%2Fwp%2Fv2%2Fpwb-brand&post=45742"},{"taxonomy":"product_cat","embeddable":true,"href":"https:\/\/www.autonvaraosahaku.fi\/index.php?rest_route=%2Fwp%2Fv2%2Fproduct_cat&post=45742"},{"taxonomy":"product_tag","embeddable":true,"href":"https:\/\/www.autonvaraosahaku.fi\/index.php?rest_route=%2Fwp%2Fv2%2Fproduct_tag&post=45742"}],"curies":[{"name":"wp","href":"https:\/\/api.w.org\/{rel}","templated":true}]}}