{"id":45747,"date":"2021-02-21T17:09:10","date_gmt":"2021-02-21T17:09:10","guid":{"rendered":"https:\/\/www.autonvaraosahaku.fi\/?product=ridex-402b0479-jarrupalat"},"modified":"2021-02-21T17:09:12","modified_gmt":"2021-02-21T17:09:12","slug":"ridex-402b0479-jarrupalat","status":"publish","type":"product","link":"https:\/\/www.autonvaraosahaku.fi\/?product=ridex-402b0479-jarrupalat","title":{"rendered":"RIDEX 402B0479 Jarrupalat"},"content":{"rendered":"<p>Leveys (mm): 156,4; Jarruj\u00e4rjestelm\u00e4: ATE; Korkeus (mm): 52,5; Paksuus [mm]: 18; M\u00e4\u00e4r\u00e4yksikk\u00f6: Akselisarja; Korvaava tuote\/korvaava tiedote 2: M\u00e4nn\u00e4n lukoilla; Kulumisenilmaisimen liitos: Ilman kulumisenilmaisinta; Asennuspuoli: Etuakseli; Valmistusvuosi alkaen: 11\/1993; LANCIA: DELTA II 836,DEDRA 835,DEDRA SW 835; FIAT: GRANDE PUNTO 199,PUNTO 188,BARCHETTA 183,PUNTO Van 188AX,BRAVO I 182,BRAVA 182,MAREA Weekend 185,MAREA 185; 9948623, 77362149, 77362269, 9948623, 9949555, 9948623; Jarrupalasarja,Jarrupala, Levyjarru<\/p>\n","protected":false},"excerpt":{"rendered":"<p>RIDEX Jarrupalat 402B0479 Jarrupalasarja,Jarrupala, Levyjarru LANCIA,FIAT,DELTA II 836,DEDRA 835,DEDRA SW 835,GRANDE PUNTO 199,PUNTO 188,BARCHETTA 183<\/p>\n","protected":false},"featured_media":0,"template":"","meta":{"site-sidebar-layout":"default","site-content-layout":"default","ast-global-header-display":"","ast-main-header-display":"","ast-hfb-above-header-display":"","ast-hfb-below-header-display":"","ast-hfb-mobile-header-display":"","site-post-title":"","ast-breadcrumbs-content":"","ast-featured-img":"","footer-sml-layout":"","theme-transparent-header-meta":"","adv-header-id-meta":"","stick-header-meta":"","header-above-stick-meta":"","header-main-stick-meta":"","header-below-stick-meta":""},"pwb-brand":[157],"product_cat":[100],"product_tag":[],"class_list":{"0":"post-45747","1":"product","2":"type-product","3":"status-publish","5":"pwb-brand-ridex","6":"product_cat-jarrupalat","7":"desktop-align-left","8":"tablet-align-left","9":"mobile-align-left","11":"first","12":"instock","13":"product-type-external"},"brands":[{"id":157,"name":"RIDEX","slug":"ridex"}],"_links":{"self":[{"href":"https:\/\/www.autonvaraosahaku.fi\/index.php?rest_route=\/wp\/v2\/product\/45747","targetHints":{"allow":["GET"]}}],"collection":[{"href":"https:\/\/www.autonvaraosahaku.fi\/index.php?rest_route=\/wp\/v2\/product"}],"about":[{"href":"https:\/\/www.autonvaraosahaku.fi\/index.php?rest_route=\/wp\/v2\/types\/product"}],"wp:attachment":[{"href":"https:\/\/www.autonvaraosahaku.fi\/index.php?rest_route=%2Fwp%2Fv2%2Fmedia&parent=45747"}],"wp:term":[{"taxonomy":"pwb-brand","embeddable":true,"href":"https:\/\/www.autonvaraosahaku.fi\/index.php?rest_route=%2Fwp%2Fv2%2Fpwb-brand&post=45747"},{"taxonomy":"product_cat","embeddable":true,"href":"https:\/\/www.autonvaraosahaku.fi\/index.php?rest_route=%2Fwp%2Fv2%2Fproduct_cat&post=45747"},{"taxonomy":"product_tag","embeddable":true,"href":"https:\/\/www.autonvaraosahaku.fi\/index.php?rest_route=%2Fwp%2Fv2%2Fproduct_tag&post=45747"}],"curies":[{"name":"wp","href":"https:\/\/api.w.org\/{rel}","templated":true}]}}