{"id":45749,"date":"2021-02-21T17:09:10","date_gmt":"2021-02-21T17:09:10","guid":{"rendered":"https:\/\/www.autonvaraosahaku.fi\/?product=ashika-50-05-501-jarrupalat"},"modified":"2021-02-21T17:09:12","modified_gmt":"2021-02-21T17:09:12","slug":"ashika-50-05-501-jarrupalat","status":"publish","type":"product","link":"https:\/\/www.autonvaraosahaku.fi\/?product=ashika-50-05-501-jarrupalat","title":{"rendered":"ASHIKA 50-05-501 Jarrupalat"},"content":{"rendered":"<p>Asennuspuoli: Etuakseli; Pituus (mm): 145; Korkeus (mm): 55; Paksuus [mm]: 15,9; WVA-numero: 23584; Tarkistuskilpi: ECE R90 APPROVED; M\u00e4\u00e4r\u00e4yksikk\u00f6: Akselisarja; Valmistusvuosi alkaen: 07\/2010; PEUGEOT: 4008; CITRO\u00cbN: C4 AIRCROSS; MITSUBISHI: ASX GA_W_,OUTLANDER XL II CW_W,GRANDIS NA_W,OUTLANDER I CU_W,LANCER Kombi CS_W,LANCER SPORTBACK CX_A,LANCER Stufenheck CY\/Z_A,GALANT VI Station Wagon EA_,GALANT VI EA_,LANCER Stufenheck CS_A, CT0,SPACE RUNNER N6_W,GALANT Stufenheck DJ_, ED_, EF_; JEEP: COMPASS MK49,PATRIOT MK74; CHRYSLER: SEBRING JS,SEBRING Cabriolet JS; LANCIA: FLAVIA Cabriolet JS; DODGE: CALIBER,AVENGER; 05191217AA, 05191229AA, 05191231AA, 4605A261, 5191217AA, 5191231AA, 5191244AA, 68020494AA, 68035576AA, 68035576AB, K05191231AA, K05191244AA, K68020494AA, V1015576AA, 1607690380, 1607690480, 05191217AA, 5191217AA, 5191229AA, 68020494AA, 68020494AB, K05191217AA, K68020494AB, K68035576AA, K68035576AB, 05191217AA, 5191217AA, 5191229AA, 68020494, 68020494AA, 68020494AB, K05191229AA, 4605A261, 4605A317, 4605A364, 4605A486, 4605A491, 4605A530, 4605A557, 4605A795, 4605A879, 4605B163, MN102618, MR527674, MR527675, MR569403, MR727674, MZ690348, MZ690588, TS200053, 1607690380, 1607690480; Jarrupalasarja,Jarrupala, Levyjarru<\/p>\n","protected":false},"excerpt":{"rendered":"<p>ASHIKA Jarrupalat 50-05-501 Jarrupalasarja,Jarrupala, Levyjarru PEUGEOT,CITRO\u00cbN,MITSUBISHI,4008,C4 AIRCROSS,ASX GA_W_,OUTLANDER XL II CW_W<\/p>\n","protected":false},"featured_media":0,"template":"","meta":{"site-sidebar-layout":"default","site-content-layout":"default","ast-global-header-display":"","ast-main-header-display":"","ast-hfb-above-header-display":"","ast-hfb-below-header-display":"","ast-hfb-mobile-header-display":"","site-post-title":"","ast-breadcrumbs-content":"","ast-featured-img":"","footer-sml-layout":"","theme-transparent-header-meta":"","adv-header-id-meta":"","stick-header-meta":"","header-above-stick-meta":"","header-main-stick-meta":"","header-below-stick-meta":""},"pwb-brand":[102],"product_cat":[100],"product_tag":[],"class_list":{"0":"post-45749","1":"product","2":"type-product","3":"status-publish","5":"pwb-brand-ashika","6":"product_cat-jarrupalat","7":"desktop-align-left","8":"tablet-align-left","9":"mobile-align-left","11":"first","12":"instock","13":"product-type-external"},"brands":[{"id":102,"name":"ASHIKA","slug":"ashika"}],"_links":{"self":[{"href":"https:\/\/www.autonvaraosahaku.fi\/index.php?rest_route=\/wp\/v2\/product\/45749","targetHints":{"allow":["GET"]}}],"collection":[{"href":"https:\/\/www.autonvaraosahaku.fi\/index.php?rest_route=\/wp\/v2\/product"}],"about":[{"href":"https:\/\/www.autonvaraosahaku.fi\/index.php?rest_route=\/wp\/v2\/types\/product"}],"wp:attachment":[{"href":"https:\/\/www.autonvaraosahaku.fi\/index.php?rest_route=%2Fwp%2Fv2%2Fmedia&parent=45749"}],"wp:term":[{"taxonomy":"pwb-brand","embeddable":true,"href":"https:\/\/www.autonvaraosahaku.fi\/index.php?rest_route=%2Fwp%2Fv2%2Fpwb-brand&post=45749"},{"taxonomy":"product_cat","embeddable":true,"href":"https:\/\/www.autonvaraosahaku.fi\/index.php?rest_route=%2Fwp%2Fv2%2Fproduct_cat&post=45749"},{"taxonomy":"product_tag","embeddable":true,"href":"https:\/\/www.autonvaraosahaku.fi\/index.php?rest_route=%2Fwp%2Fv2%2Fproduct_tag&post=45749"}],"curies":[{"name":"wp","href":"https:\/\/api.w.org\/{rel}","templated":true}]}}