{"id":45775,"date":"2021-02-21T17:09:15","date_gmt":"2021-02-21T17:09:15","guid":{"rendered":"https:\/\/www.autonvaraosahaku.fi\/?product=monroe-l28605-koiranluu"},"modified":"2021-02-21T17:09:19","modified_gmt":"2021-02-21T17:09:19","slug":"monroe-l28605-koiranluu","status":"publish","type":"product","link":"https:\/\/www.autonvaraosahaku.fi\/?product=monroe-l28605-koiranluu","title":{"rendered":"MONROE L28605 Koiranluu"},"content":{"rendered":"<p>Paino [kg]: 0,588; Tarvittava kappalem\u00e4\u00e4r\u00e4: 2; Kierremitta: M12x1,75 \/ M12x1,75; Tanko \/ tuki: Yhdystanko; Pakkauspituus [cm]: 43,5; Pakkausleveys [cm]: 7,5; Pakkauskorkeus [mm]: 4; Valmistusvuosi alkaen: 03\/1999; CITRO\u00cbN: C5 II Break RE_,C5 I DC_,C5 I Break DE_,C5 II RC_,XANTIA X2,XANTIA X1,XANTIA Break X2,XANTIA Break X1; PEUGEOT: 607 9D, 9U,406 Break 8E\/F,406 Coupe 8C,406 8B; 508743, 508748, 508760, 96324274, 508743, 508748, 508760; Kallistuksenvakaajan Yhdystanko,Tanko, Kallistuksenvaimennin<\/p>\n","protected":false},"excerpt":{"rendered":"<p>MONROE Koiranluu L28605 Kallistuksenvakaajan Yhdystanko,Tanko, Kallistuksenvaimennin CITRO\u00cbN,PEUGEOT,C5 II Break RE_,C5 I DC_,C5 I Break DE_,C5 II RC_<\/p>\n","protected":false},"featured_media":0,"template":"","meta":{"site-sidebar-layout":"default","site-content-layout":"default","ast-global-header-display":"","ast-main-header-display":"","ast-hfb-above-header-display":"","ast-hfb-below-header-display":"","ast-hfb-mobile-header-display":"","site-post-title":"","ast-breadcrumbs-content":"","ast-featured-img":"","footer-sml-layout":"","theme-transparent-header-meta":"","adv-header-id-meta":"","stick-header-meta":"","header-above-stick-meta":"","header-main-stick-meta":"","header-below-stick-meta":""},"pwb-brand":[79],"product_cat":[38],"product_tag":[],"class_list":{"0":"post-45775","1":"product","2":"type-product","3":"status-publish","5":"pwb-brand-monroe","6":"product_cat-koiranluu","7":"desktop-align-left","8":"tablet-align-left","9":"mobile-align-left","11":"first","12":"instock","13":"product-type-external"},"brands":[{"id":79,"name":"MONROE","slug":"monroe"}],"_links":{"self":[{"href":"https:\/\/www.autonvaraosahaku.fi\/index.php?rest_route=\/wp\/v2\/product\/45775","targetHints":{"allow":["GET"]}}],"collection":[{"href":"https:\/\/www.autonvaraosahaku.fi\/index.php?rest_route=\/wp\/v2\/product"}],"about":[{"href":"https:\/\/www.autonvaraosahaku.fi\/index.php?rest_route=\/wp\/v2\/types\/product"}],"wp:attachment":[{"href":"https:\/\/www.autonvaraosahaku.fi\/index.php?rest_route=%2Fwp%2Fv2%2Fmedia&parent=45775"}],"wp:term":[{"taxonomy":"pwb-brand","embeddable":true,"href":"https:\/\/www.autonvaraosahaku.fi\/index.php?rest_route=%2Fwp%2Fv2%2Fpwb-brand&post=45775"},{"taxonomy":"product_cat","embeddable":true,"href":"https:\/\/www.autonvaraosahaku.fi\/index.php?rest_route=%2Fwp%2Fv2%2Fproduct_cat&post=45775"},{"taxonomy":"product_tag","embeddable":true,"href":"https:\/\/www.autonvaraosahaku.fi\/index.php?rest_route=%2Fwp%2Fv2%2Fproduct_tag&post=45775"}],"curies":[{"name":"wp","href":"https:\/\/api.w.org\/{rel}","templated":true}]}}