{"id":45794,"date":"2021-02-21T17:09:21","date_gmt":"2021-02-21T17:09:21","guid":{"rendered":"https:\/\/www.autonvaraosahaku.fi\/?product=ridex-447k0079-ilmastoinnin-kompressori"},"modified":"2021-02-21T17:09:24","modified_gmt":"2021-02-21T17:09:24","slug":"ridex-447k0079-ilmastoinnin-kompressori","status":"publish","type":"product","link":"https:\/\/www.autonvaraosahaku.fi\/?product=ridex-447k0079-ilmastoinnin-kompressori","title":{"rendered":"RIDEX 447K0079 Ilmastoinnin kompressori"},"content":{"rendered":"<p>Rihloja (kpl): 6; Kompressorin tunnus: 6SEU14C; Kylm\u00e4aine: R 134a; \u00d6ljynt\u00e4ytt\u00f6m\u00e4\u00e4r\u00e4 [ml]: 115; Ulostulon l\u00e4pimitta [mm]: 15,3; Sis\u00e4\u00e4ntulol\u00e4pimitta [mm]: 28,4; K\u00e4ytt\u00f6j\u00e4nnite [V]: 12; Iskutilavuus-kompressori (ccm): 133; Napojen m\u00e4\u00e4r\u00e4: 2; Hihnapy\u00f6r\u00e4-\u00d8[mm]: 100; Kompressori\u00f6ljy: PAG 46; Valmistusvuoteen: 04\/2015; AUDI: A4 Avant 8K5, B8,A6 Avant 4F5, C6,A4 Avant 8ED, B7,A4 Avant 8E5, B6,A4 8E2, B6,A4 8K2, B8,Q5 8R,A6 4F2, C6,A6 Avant 4G5, C7, 4GD,A5 8T3,A4 Cabriolet 8H7, B6, 8HE, B7,A5 Sportback 8TA,A4 8EC, B7,A8 4E_,A6 4G2, C7, 4GC,A6 Allroad 4FH, C6,A4 Allroad 8KH, B8,A5 Cabriolet 8F7; 4E0260805J, 4F0260805AC, 4F0260805AG, 4F0260805AN, 4F0260805G, 4F0260805I, 4F0260805J, 4F0260805M, 4F0260805N, 4F0260805P, 4F0260805S, 4G0260805D, 8E0260805AG, 8E0260805AT, 8E0260805BA, 8E0260805BE, 8E0260805BF, 8E0260805BJ, 8E0260805BL, 8E0260805BP, 8E0260805BS, 8E0260805CA, 8E0260805CB, 8E0260805CD, 8K0260805E, 8K0260805F, 8K0260805L, 8K0260805M, 8K0260805P, 8KD260805, 4E0260805J, 4F0260805AC, 4F0260805AG, 4F0260805AN, 4F0260805G, 4F0260805I, 4F0260805J, 4F0260805M, 4F0260805N, 4F0260805P, 4F0260805S, 4G0260805D, 8E0260805AG, 8E0260805AT, 8E0260805BA, 8E0260805BE, 8E0260805BF, 8E0260805BJ, 8E0260805BL, 8E0260805BP, 8E0260805BS, 8E0260805CA, 8E0260805CB, 8E0260805CD, 8K0260805E, 8K0260805F, 8K0260805L, 8K0260805M, 8K0260805P, 8KD260805; AC Kompressori,Kompressori, Ilmastointilaite<\/p>\n","protected":false},"excerpt":{"rendered":"<p>RIDEX Ilmastoinnin Kompressori 447K0079 AC Kompressori,Kompressori, Ilmastointilaite AUDI,A4 Avant 8K5, B8,A6 Avant 4F5, C6,A4 Avant 8ED, B7<\/p>\n","protected":false},"featured_media":0,"template":"","meta":{"site-sidebar-layout":"default","site-content-layout":"default","ast-global-header-display":"","ast-main-header-display":"","ast-hfb-above-header-display":"","ast-hfb-below-header-display":"","ast-hfb-mobile-header-display":"","site-post-title":"","ast-breadcrumbs-content":"","ast-featured-img":"","footer-sml-layout":"","theme-transparent-header-meta":"","adv-header-id-meta":"","stick-header-meta":"","header-above-stick-meta":"","header-main-stick-meta":"","header-below-stick-meta":""},"pwb-brand":[157],"product_cat":[444],"product_tag":[],"class_list":{"0":"post-45794","1":"product","2":"type-product","3":"status-publish","5":"pwb-brand-ridex","6":"product_cat-ilmastoinnin-kompressori","7":"desktop-align-left","8":"tablet-align-left","9":"mobile-align-left","11":"first","12":"instock","13":"product-type-external"},"brands":[{"id":157,"name":"RIDEX","slug":"ridex"}],"_links":{"self":[{"href":"https:\/\/www.autonvaraosahaku.fi\/index.php?rest_route=\/wp\/v2\/product\/45794","targetHints":{"allow":["GET"]}}],"collection":[{"href":"https:\/\/www.autonvaraosahaku.fi\/index.php?rest_route=\/wp\/v2\/product"}],"about":[{"href":"https:\/\/www.autonvaraosahaku.fi\/index.php?rest_route=\/wp\/v2\/types\/product"}],"wp:attachment":[{"href":"https:\/\/www.autonvaraosahaku.fi\/index.php?rest_route=%2Fwp%2Fv2%2Fmedia&parent=45794"}],"wp:term":[{"taxonomy":"pwb-brand","embeddable":true,"href":"https:\/\/www.autonvaraosahaku.fi\/index.php?rest_route=%2Fwp%2Fv2%2Fpwb-brand&post=45794"},{"taxonomy":"product_cat","embeddable":true,"href":"https:\/\/www.autonvaraosahaku.fi\/index.php?rest_route=%2Fwp%2Fv2%2Fproduct_cat&post=45794"},{"taxonomy":"product_tag","embeddable":true,"href":"https:\/\/www.autonvaraosahaku.fi\/index.php?rest_route=%2Fwp%2Fv2%2Fproduct_tag&post=45794"}],"curies":[{"name":"wp","href":"https:\/\/api.w.org\/{rel}","templated":true}]}}