{"id":45796,"date":"2021-02-21T17:09:21","date_gmt":"2021-02-21T17:09:21","guid":{"rendered":"https:\/\/www.autonvaraosahaku.fi\/?product=ridex-13d0100-vetoakseli"},"modified":"2021-02-21T17:09:25","modified_gmt":"2021-02-21T17:09:25","slug":"ridex-13d0100-vetoakseli","status":"publish","type":"product","link":"https:\/\/www.autonvaraosahaku.fi\/?product=ridex-13d0100-vetoakseli","title":{"rendered":"RIDEX 13D0100 Vetoakseli"},"content":{"rendered":"<p>Pituus (mm): 547; Reik\u00e4-\u00d8 [mm]: 10.5; Kierremitta: M20x1.5; Ulkohammastus, py\u00f6r\u00e4npuoli: 36; Tiivisteen l\u00e4pimitta [mm]: 53; Reikien m\u00e4\u00e4r\u00e4: 6; Reik\u00e4ympyr\u00e4-\u00d8 [mm]: 94; Nivelen l\u00e4pimitta py\u00f6r\u00e4puoli [mm]: 90; Nivelen l\u00e4pimitta vaihteistopuoli [mm]: 108; Alustanumerosta: 8L-X-001 446; VW: GOLF IV 1J1,GOLF IV Variant 1J5,BORA 1J2,NEW BEETLE 9C1, 1C1,BORA Kombi 1J6,NEW BEETLE Cabriolet 1Y7; AUDI: A3 8L1,TT 8N3,TT Roadster 8N9; SKODA: OCTAVIA Combi 1U5,OCTAVIA 1U2; SEAT: LEON 1M1,TOLEDO II 1M2; 1J0407271CH, 1J0407271FG, 1J0407451CX, 1J0407451DV, 1J0407451DX, 1J0407451LX, 1J0407271CG, 1J0407271CH, 1J0407271EF, 1J0407271FG, 1J0407271LJ, 1J0407451CX, 1J0407451DX, 1J0407451EX, 1J0407451LX, 1J0407271CH, 1J0407271FG, 1J0407451DX, 1J0407451LX, 1J0407271CG, 1J0407271CH, 1J0407271CT, 1J0407271FG, 1J0407271LG, 1J0407271LL, 1J0407451CX, 1J0407451DX, 1J0407451EX, 1J0407451LX<\/p>\n","protected":false},"excerpt":{"rendered":"<p>RIDEX Vetoakseli 13D0100  VW,AUDI,SKODA,GOLF IV 1J1,GOLF IV Variant 1J5,BORA 1J2,NEW BEETLE 9C1, 1C1,BORA Kombi 1J6,NEW BEETLE Cabriolet 1Y7,A3 8L1<\/p>\n","protected":false},"featured_media":0,"template":"","meta":{"site-sidebar-layout":"default","site-content-layout":"default","ast-global-header-display":"","ast-main-header-display":"","ast-hfb-above-header-display":"","ast-hfb-below-header-display":"","ast-hfb-mobile-header-display":"","site-post-title":"","ast-breadcrumbs-content":"","ast-featured-img":"","footer-sml-layout":"","theme-transparent-header-meta":"","adv-header-id-meta":"","stick-header-meta":"","header-above-stick-meta":"","header-main-stick-meta":"","header-below-stick-meta":""},"pwb-brand":[157],"product_cat":[215],"product_tag":[],"class_list":{"0":"post-45796","1":"product","2":"type-product","3":"status-publish","5":"pwb-brand-ridex","6":"product_cat-vetoakseli","7":"desktop-align-left","8":"tablet-align-left","9":"mobile-align-left","11":"first","12":"instock","13":"product-type-external"},"brands":[{"id":157,"name":"RIDEX","slug":"ridex"}],"_links":{"self":[{"href":"https:\/\/www.autonvaraosahaku.fi\/index.php?rest_route=\/wp\/v2\/product\/45796","targetHints":{"allow":["GET"]}}],"collection":[{"href":"https:\/\/www.autonvaraosahaku.fi\/index.php?rest_route=\/wp\/v2\/product"}],"about":[{"href":"https:\/\/www.autonvaraosahaku.fi\/index.php?rest_route=\/wp\/v2\/types\/product"}],"wp:attachment":[{"href":"https:\/\/www.autonvaraosahaku.fi\/index.php?rest_route=%2Fwp%2Fv2%2Fmedia&parent=45796"}],"wp:term":[{"taxonomy":"pwb-brand","embeddable":true,"href":"https:\/\/www.autonvaraosahaku.fi\/index.php?rest_route=%2Fwp%2Fv2%2Fpwb-brand&post=45796"},{"taxonomy":"product_cat","embeddable":true,"href":"https:\/\/www.autonvaraosahaku.fi\/index.php?rest_route=%2Fwp%2Fv2%2Fproduct_cat&post=45796"},{"taxonomy":"product_tag","embeddable":true,"href":"https:\/\/www.autonvaraosahaku.fi\/index.php?rest_route=%2Fwp%2Fv2%2Fproduct_tag&post=45796"}],"curies":[{"name":"wp","href":"https:\/\/api.w.org\/{rel}","templated":true}]}}