{"id":45801,"date":"2021-02-21T17:09:26","date_gmt":"2021-02-21T17:09:26","guid":{"rendered":"https:\/\/www.autonvaraosahaku.fi\/?product=ridex-273c0148-alatukivarsi"},"modified":"2021-02-21T17:09:27","modified_gmt":"2021-02-21T17:09:27","slug":"ridex-273c0148-alatukivarsi","status":"publish","type":"product","link":"https:\/\/www.autonvaraosahaku.fi\/?product=ridex-273c0148-alatukivarsi","title":{"rendered":"RIDEX 273C0148 Alatukivarsi"},"content":{"rendered":"<p>Ohjausmalli: Poikittaistukivarsi; Asennuspuoli: Etuakseli, oikea; Vasen \/ oikea liikenne: Oikean-\/vasemmanpuolinen ohjaus; Kartiomitta (mm): 16,0; Organisaationumerosta: 05278; PEUGEOT: 106 II 1,106 I 1A, 1C,106 Van 1_; CITRO\u00cbN: SAXO S0, S1,AX ZA-_,SAXO Hatchback van S3_; 352079, 95658979, 352079; Tukivarsi,Tukivarsi, Py\u00f6r\u00e4ntuenta<\/p>\n","protected":false},"excerpt":{"rendered":"<p>RIDEX Alatukivarsi 273C0148 Tukivarsi,Tukivarsi, Py\u00f6r\u00e4ntuenta PEUGEOT,CITRO\u00cbN,106 II 1,106 I 1A, 1C,106 Van 1_,SAXO S0, S1,AX ZA-_<\/p>\n","protected":false},"featured_media":0,"template":"","meta":{"site-sidebar-layout":"default","site-content-layout":"default","ast-global-header-display":"","ast-main-header-display":"","ast-hfb-above-header-display":"","ast-hfb-below-header-display":"","ast-hfb-mobile-header-display":"","site-post-title":"","ast-breadcrumbs-content":"","ast-featured-img":"","footer-sml-layout":"","theme-transparent-header-meta":"","adv-header-id-meta":"","stick-header-meta":"","header-above-stick-meta":"","header-main-stick-meta":"","header-below-stick-meta":""},"pwb-brand":[157],"product_cat":[62],"product_tag":[],"class_list":{"0":"post-45801","1":"product","2":"type-product","3":"status-publish","5":"pwb-brand-ridex","6":"product_cat-alatukivarsi","7":"desktop-align-left","8":"tablet-align-left","9":"mobile-align-left","11":"first","12":"instock","13":"product-type-external"},"brands":[{"id":157,"name":"RIDEX","slug":"ridex"}],"_links":{"self":[{"href":"https:\/\/www.autonvaraosahaku.fi\/index.php?rest_route=\/wp\/v2\/product\/45801","targetHints":{"allow":["GET"]}}],"collection":[{"href":"https:\/\/www.autonvaraosahaku.fi\/index.php?rest_route=\/wp\/v2\/product"}],"about":[{"href":"https:\/\/www.autonvaraosahaku.fi\/index.php?rest_route=\/wp\/v2\/types\/product"}],"wp:attachment":[{"href":"https:\/\/www.autonvaraosahaku.fi\/index.php?rest_route=%2Fwp%2Fv2%2Fmedia&parent=45801"}],"wp:term":[{"taxonomy":"pwb-brand","embeddable":true,"href":"https:\/\/www.autonvaraosahaku.fi\/index.php?rest_route=%2Fwp%2Fv2%2Fpwb-brand&post=45801"},{"taxonomy":"product_cat","embeddable":true,"href":"https:\/\/www.autonvaraosahaku.fi\/index.php?rest_route=%2Fwp%2Fv2%2Fproduct_cat&post=45801"},{"taxonomy":"product_tag","embeddable":true,"href":"https:\/\/www.autonvaraosahaku.fi\/index.php?rest_route=%2Fwp%2Fv2%2Fproduct_tag&post=45801"}],"curies":[{"name":"wp","href":"https:\/\/api.w.org\/{rel}","templated":true}]}}